{"id":4787,"date":"2018-02-16T13:44:15","date_gmt":"2018-02-16T13:44:15","guid":{"rendered":"http:\/\/ggs-sunderplatz.de\/?page_id=4787"},"modified":"2019-03-28T08:11:30","modified_gmt":"2019-03-28T08:11:30","slug":"projektwoche-2019","status":"publish","type":"page","link":"https:\/\/ggs-sunderplatz.de\/?page_id=4787","title":{"rendered":"Projektwoche 2018\/ 19"},"content":{"rendered":"<h3><span style=\"color: #ff00ff;\">So<\/span> <span style=\"color: #ff0000;\">ein<\/span> <span style=\"color: #ff9900;\">Zir<\/span><span style=\"color: #ffff00;\">kus<\/span><span style=\"color: #99cc00;\">&#8230;<\/span><\/h3>\n<p><span style=\"color: #33cccc; font-size: large;\">Im Schuljahr <span style=\"color: #99cc00;\">2018\/ 19<\/span> werden wir anl\u00e4sslich des <span style=\"color: #ff0000; font-size: x-large;\">60. Geburtstages<\/span> <span style=\"color: #ff9900;\">der Grundschule<\/span> <span style=\"color: #ffff00;\">am Sunderplatz<\/span> im Fr\u00fchjahr 2019 ein <span style=\"color: #ff00ff; font-size: x-large;\">Zirkusprojekt<\/span> durchf\u00fchren! Rund um das Projekt gibt es bis zum H\u00f6hepunkt &#8211; der Zirkuswoche vom <span style=\"font-size: x-large; color: #99cc00;\">25. bis zum 30. M\u00e4rz 2019<\/span> &#8211; bereits 2018 verschiedene Aktionen, die das Projekt erm\u00f6glichen. Auf dieser Seite informieren wir Sie und euch dar\u00fcber. <span style=\"color: #99cc00;\">Wir freuen uns auf eine tolle gemeinsame Zeit!<\/span><\/span><\/p>\n<p>&#8212;&#8212;&#8212;&#8212;&#8212;&#8212;&#8212;&#8212;&#8212;&#8212;&#8212;&#8212;&#8212;&#8212;&#8212;&#8212;&#8212;&#8212;&#8212;&#8212;&#8212;&#8212;&#8212;&#8212;&#8212;&#8212;&#8212;&#8212;&#8212;&#8212;&#8212;&#8212;&#8212;<\/p>\n<h3><span style=\"color: #ff0000;\">Das<\/span> <span style=\"color: #ff00ff;\">Zirkus<\/span><span style=\"color: #ff6600;\">zelt<\/span> <span style=\"color: #99cc00;\">steht<\/span><span style=\"color: #33cccc;\">!!<\/span><\/h3>\n<p><span style=\"color: #33cccc;\"><a title=\"So ein Zirkuszeltaufbau\u2026\" href=\"http:\/\/ggs-sunderplatz.de\/?page_id=4786\"><span style=\"color: #33cccc;\">Ein paar Eindr\u00fccke finden sich hier, bitte klicken&#8230;(Fotogalerie) \ud83d\ude42<\/span><\/a><\/span><\/p>\n<p><a href=\"http:\/\/ggs-sunderplatz.de\/wp-content\/uploads\/2019\/03\/RMDP8595.jpg\"><img loading=\"lazy\" decoding=\"async\" class=\"alignnone size-medium wp-image-5517\" alt=\"RMDP8595\" src=\"http:\/\/ggs-sunderplatz.de\/wp-content\/uploads\/2019\/03\/RMDP8595-300x196.jpg\" width=\"300\" height=\"196\" srcset=\"https:\/\/ggs-sunderplatz.de\/wp-content\/uploads\/2019\/03\/RMDP8595-300x196.jpg 300w, https:\/\/ggs-sunderplatz.de\/wp-content\/uploads\/2019\/03\/RMDP8595.jpg 1024w\" sizes=\"auto, (max-width: 300px) 100vw, 300px\" \/><\/a><\/p>\n<h3><span style=\"color: #33cccc;\"><span style=\"color: #ff00ff;\">Zirkus<\/span> im <span style=\"color: #ff9900;\">Koffer<\/span><\/span><\/h3>\n<p><span style=\"font-size: medium; color: #99cc00;\">Der Circus<span style=\"color: #33cccc;\"> Soluna<\/span>, der mit uns die <span style=\"color: #ff9900;\">Projekt<\/span><span style=\"color: #ff00ff;\">woche<\/span> gestaltet, pr\u00e4sentierte am <span style=\"font-size: x-large;\"><span style=\"color: #ffff00;\">Mittwoch,<\/span> <span style=\"color: #ffcc00;\">den<\/span> <span style=\"color: #ff00ff;\">27.<\/span> <span style=\"color: #33cccc;\">M\u00e4rz<\/span><\/span><span style=\"color: #ff0000;\">,<\/span> eine bunte <span style=\"font-size: x-large;\"><span style=\"color: #ff0000;\">Variet\u00e9-<\/span><span style=\"color: #ff00ff;\">Show<\/span><\/span>. Viele Interessierte, Gro\u00df und Klein, erlebten hier eine turbulente Mischung aus Artistik und Comedy in der <\/span><span style=\"font-size: medium; color: #99cc00;\">tollen<\/span><span style=\"font-size: medium; color: #99cc00;\"> Atmosph\u00e4re des <\/span><span style=\"font-size: medium; color: #99cc00;\">wundersch\u00f6nen<\/span><span style=\"font-size: medium; color: #99cc00;\"> Zirkuszeltes.<br \/>\n<\/span><\/p>\n<p><a href=\"http:\/\/ggs-sunderplatz.de\/wp-content\/uploads\/2019\/03\/IMG_7947.jpg\"><img loading=\"lazy\" decoding=\"async\" class=\"alignnone size-medium wp-image-5546\" alt=\"IMG_7947\" src=\"http:\/\/ggs-sunderplatz.de\/wp-content\/uploads\/2019\/03\/IMG_7947-300x225.jpg\" width=\"248\" height=\"186\" srcset=\"https:\/\/ggs-sunderplatz.de\/wp-content\/uploads\/2019\/03\/IMG_7947-300x225.jpg 300w, https:\/\/ggs-sunderplatz.de\/wp-content\/uploads\/2019\/03\/IMG_7947.jpg 1024w\" sizes=\"auto, (max-width: 248px) 100vw, 248px\" \/><\/a> <a href=\"http:\/\/ggs-sunderplatz.de\/wp-content\/uploads\/2019\/03\/IMG_7971.jpg\"><img loading=\"lazy\" decoding=\"async\" class=\"alignnone size-medium wp-image-5545\" alt=\"IMG_7971\" src=\"http:\/\/ggs-sunderplatz.de\/wp-content\/uploads\/2019\/03\/IMG_7971-225x300.jpg\" width=\"140\" height=\"186\" srcset=\"https:\/\/ggs-sunderplatz.de\/wp-content\/uploads\/2019\/03\/IMG_7971-225x300.jpg 225w, https:\/\/ggs-sunderplatz.de\/wp-content\/uploads\/2019\/03\/IMG_7971.jpg 768w\" sizes=\"auto, (max-width: 140px) 100vw, 140px\" \/><\/a> <a href=\"http:\/\/ggs-sunderplatz.de\/wp-content\/uploads\/2019\/03\/IMG_7965.jpg\"><img loading=\"lazy\" decoding=\"async\" class=\"alignnone size-medium wp-image-5544\" alt=\"IMG_7965\" src=\"http:\/\/ggs-sunderplatz.de\/wp-content\/uploads\/2019\/03\/IMG_7965-225x300.jpg\" width=\"140\" height=\"186\" srcset=\"https:\/\/ggs-sunderplatz.de\/wp-content\/uploads\/2019\/03\/IMG_7965-225x300.jpg 225w, https:\/\/ggs-sunderplatz.de\/wp-content\/uploads\/2019\/03\/IMG_7965.jpg 768w\" sizes=\"auto, (max-width: 140px) 100vw, 140px\" \/><\/a> <a href=\"http:\/\/ggs-sunderplatz.de\/wp-content\/uploads\/2019\/03\/IMG_7952.jpg\"><img loading=\"lazy\" decoding=\"async\" class=\"alignnone size-medium wp-image-5543\" alt=\"IMG_7952\" src=\"http:\/\/ggs-sunderplatz.de\/wp-content\/uploads\/2019\/03\/IMG_7952-300x225.jpg\" width=\"248\" height=\"186\" srcset=\"https:\/\/ggs-sunderplatz.de\/wp-content\/uploads\/2019\/03\/IMG_7952-300x225.jpg 300w, https:\/\/ggs-sunderplatz.de\/wp-content\/uploads\/2019\/03\/IMG_7952.jpg 1024w\" sizes=\"auto, (max-width: 248px) 100vw, 248px\" \/><\/a> <a href=\"http:\/\/ggs-sunderplatz.de\/wp-content\/uploads\/2019\/03\/IMG_7930.jpg\"><img loading=\"lazy\" decoding=\"async\" class=\"alignnone size-medium wp-image-5542\" alt=\"IMG_7930\" src=\"http:\/\/ggs-sunderplatz.de\/wp-content\/uploads\/2019\/03\/IMG_7930-300x225.jpg\" width=\"248\" height=\"186\" srcset=\"https:\/\/ggs-sunderplatz.de\/wp-content\/uploads\/2019\/03\/IMG_7930-300x225.jpg 300w, https:\/\/ggs-sunderplatz.de\/wp-content\/uploads\/2019\/03\/IMG_7930.jpg 1024w\" sizes=\"auto, (max-width: 248px) 100vw, 248px\" \/><\/a> <a href=\"http:\/\/ggs-sunderplatz.de\/wp-content\/uploads\/2019\/03\/IMG_7924.jpg\"><img loading=\"lazy\" decoding=\"async\" class=\"alignnone size-medium wp-image-5541\" alt=\"IMG_7924\" src=\"http:\/\/ggs-sunderplatz.de\/wp-content\/uploads\/2019\/03\/IMG_7924-300x225.jpg\" width=\"248\" height=\"186\" srcset=\"https:\/\/ggs-sunderplatz.de\/wp-content\/uploads\/2019\/03\/IMG_7924-300x225.jpg 300w, https:\/\/ggs-sunderplatz.de\/wp-content\/uploads\/2019\/03\/IMG_7924.jpg 1024w\" sizes=\"auto, (max-width: 248px) 100vw, 248px\" \/><\/a> <a href=\"http:\/\/ggs-sunderplatz.de\/wp-content\/uploads\/2019\/03\/IMG_7912.jpg\"><img loading=\"lazy\" decoding=\"async\" class=\"alignnone size-medium wp-image-5540\" alt=\"IMG_7912\" src=\"http:\/\/ggs-sunderplatz.de\/wp-content\/uploads\/2019\/03\/IMG_7912-300x225.jpg\" width=\"248\" height=\"186\" srcset=\"https:\/\/ggs-sunderplatz.de\/wp-content\/uploads\/2019\/03\/IMG_7912-300x225.jpg 300w, https:\/\/ggs-sunderplatz.de\/wp-content\/uploads\/2019\/03\/IMG_7912.jpg 1024w\" sizes=\"auto, (max-width: 248px) 100vw, 248px\" \/><\/a> <a href=\"http:\/\/ggs-sunderplatz.de\/wp-content\/uploads\/2019\/03\/IMG_7908.jpg\"><img loading=\"lazy\" decoding=\"async\" class=\"alignnone size-medium wp-image-5539\" alt=\"IMG_7908\" src=\"http:\/\/ggs-sunderplatz.de\/wp-content\/uploads\/2019\/03\/IMG_7908-300x146.jpg\" width=\"382\" height=\"186\" srcset=\"https:\/\/ggs-sunderplatz.de\/wp-content\/uploads\/2019\/03\/IMG_7908-300x146.jpg 300w, https:\/\/ggs-sunderplatz.de\/wp-content\/uploads\/2019\/03\/IMG_7908.jpg 1024w\" sizes=\"auto, (max-width: 382px) 100vw, 382px\" \/><\/a><\/p>\n<p><span style=\"font-size: large; color: #ff0000;\">M\u00e4rz 2019<\/span><\/p>\n<p><span style=\"font-size: medium;\"><span style=\"color: #ff9900;\"><span style=\"color: #ff6600;\">Die Vorbereitungen laufen auf Hochtouren:<\/span> <span style=\"color: #ff6600;\">Alle Kinder sind nun in rote und blaue Gruppen eingeteilt und haben erfahren, in welcher Gruppe sie betreut werden.<\/span> In den oberen R\u00e4umen der Schule werden sieben Betreuungsgruppen eingerichtet: Esel, Eulen, M\u00e4use, Fr\u00f6sche, Pinguine, Seehunde und Hasen. Dort k\u00f6nnen sich die Kinder, die gerade &#8222;Artisten-Pause&#8220; haben (siehe Stundenplan Artisten weiter unten), am reichhaltigen Bastel-, Mal- und Arbeitsbuffet bedienen.<\/span> <span style=\"color: #ff00ff;\">Die anderen Kinder verwandeln die restliche Schule, das Zirkuszelt und die Turnhalle an der Kleiststra\u00dfe in einen einzigen gro\u00dfen Zirkus, um ihren Familien und Freunden am Freitag und Samstag der Projektwoche eine tolle Auff\u00fchrung zu pr\u00e4sentieren&#8230; <\/span><span style=\"color: #99cc00;\">Genaue Informationen f\u00fcr flei\u00dfige HelferInnen bei Auf- und Abbau des Zeltes, zu den Gruppeneinteilungen der Kinder, zu den Vorf\u00fchrungen und zum Ticketverkauf entnehmen die Eltern bitte den ausgeteilten Briefen.<\/span> <span style=\"color: #00ffff;\"><span style=\"color: #ff0000;\">Hinweis:<\/span> Briefe zum Ticketverkauf wurden nur einmalig pro Familie (an das \u00e4lteste Kind) verteilt.<\/span><\/span><\/p>\n<p><span style=\"font-size: large; color: #ff0000;\">Februar 2019 <\/span><\/p>\n<p><span style=\"font-size: large; color: #ff0000;\"><span style=\"font-size: medium;\"><span style=\"color: #99cc00;\">Hier ist unser &#8222;<\/span><span style=\"color: #ff00ff;\">Stun<\/span><span style=\"color: #ff9900;\">den<\/span><span style=\"color: #ffff00;\">plan<\/span> <span style=\"color: #99cc00;\">der<\/span> <span style=\"color: #00ffff;\">Ar<\/span><span style=\"color: #3366ff;\">tis<\/span><span style=\"color: #cc99ff;\">ten<\/span><span style=\"color: #3366ff;\">&#8220; inklusive der Auf- und Abbauzeiten!<\/span> <span style=\"color: #ff9900;\">Der Zirkus r\u00fcckt in greifbare N\u00e4he!<\/span> <span style=\"color: #ff00ff;\">Bitte klicken Sie hier!<\/span> \ud83d\ude42 <\/span><\/span><span style=\"font-size: xx-large;\"><a href=\"http:\/\/ggs-sunderplatz.de\/wp-content\/uploads\/2019\/02\/Stundenplan-Artisten.pdf\">Stundenplan Artisten<\/a><\/span><\/p>\n<p><span style=\"font-size: large; color: #ff0000;\">Januar 2019 <\/span><\/p>\n<p><span style=\"font-size: large; color: #ff0000;\"><span style=\"font-size: medium;\"><span style=\"color: #33cccc;\">Am 21. Januar war die gro\u00dfe<\/span> <span style=\"font-size: x-large;\"><span style=\"color: #ff9900;\">Zirkus-<\/span><span style=\"color: #ff00ff;\">Fortbildung<\/span><\/span> <span style=\"color: #99cc00;\">f\u00fcr Lehrerinnen, ErzieherInnen und einige Eltern&#8230;<\/span> <span style=\"color: #ffff00;\">Hier wurde trainiert, ausprobiert und gelernt. Es sei nicht allzu viel verraten, nur so viel: Wir hatten eine Menge <span style=\"font-size: x-large;\"><span style=\"color: #ff0000;\">S<\/span><span style=\"color: #ff00ff;\">p<\/span><span style=\"color: #99cc00;\">a<\/span><span style=\"color: #33cccc;\">\u00df<\/span><\/span> und den werden die Kinder in der Projektwoche mit Sicherheit auch haben! \ud83d\ude42<\/span><\/span><br \/>\n<\/span><\/p>\n<p>&#8212;&#8212;&#8212;&#8212;&#8212;&#8212;&#8212;&#8212;&#8212;&#8212;&#8212;&#8212;&#8212;&#8212;&#8212;&#8212;&#8212;&#8212;&#8212;&#8212;&#8212;&#8212;&#8212;&#8212;&#8212;&#8212;&#8212;&#8212;&#8212;&#8212;&#8212;&#8212;&#8212;<\/p>\n<p><span style=\"font-size: large; color: #ff0000;\">September 2018 <\/span><\/p>\n<p><span style=\"font-size: large; color: #ff0000;\"><span style=\"font-size: medium; color: #99cc00;\">Am Mittwoch, den <span style=\"color: #ff00ff;\">26.<\/span> <span style=\"color: #ff9900;\">Sep<\/span><span style=\"color: #ffff00;\">tem<\/span><span style=\"color: #00ffff;\">ber<\/span>, fand unser gro\u00dfer <span style=\"font-size: x-large;\"><span style=\"color: #33cccc;\">Sunder<\/span><span style=\"color: #ff00ff;\">pl\u00e4tzchen<\/span>&#8211;<span style=\"color: #ff9900;\">Sponsoren<\/span><span style=\"color: #ff0000;\">lauf<\/span> <\/span>zum Witthausbusch und wieder zur\u00fcck statt. Allein f\u00fcr den Weg konnten sich alle Kinder 10 km auf ihrem &#8222;Laufkonto&#8220; verbuchen. Im Witthausbusch hatten dann alle noch die Gelegenheit, weitere Kilometer auf der abgesteckten Strecke zu erlaufen. Zudem freuten sich die Tiere \u00fcber regen Besuch und auch auf dem Spielplatz war eine Menge los. Das Wetter hat uns mit Sonne verw\u00f6hnt, sodass es ein wundersch\u00f6ner gemeinsamer Lauf wurde.<\/span><br \/>\n<\/span><\/p>\n<p>&#8212;&#8212;&#8212;&#8212;&#8212;&#8212;&#8212;&#8212;&#8212;&#8212;&#8212;&#8212;&#8212;&#8212;&#8212;&#8212;&#8212;&#8212;&#8212;&#8212;&#8212;&#8212;&#8212;&#8212;&#8212;&#8212;&#8212;&#8212;&#8212;&#8212;&#8212;&#8212;&#8212;<\/p>\n<p><span style=\"font-size: large; color: #ff0000;\">September 2018 <\/span><\/p>\n<p><span style=\"font-size: large; color: #33cccc;\">Am Freitag, den <span style=\"color: #ff9900;\">14.<\/span> <span style=\"color: #ff00ff;\">Sep<\/span><span style=\"color: #ffff00;\">tem<\/span><span style=\"color: #99cc00;\">ber<\/span> <span style=\"color: #ff0000;\">20<\/span><span style=\"color: #ff00ff;\">18<\/span>, fand ein besonderes Konzert in der katholische Kirche St. Theresia statt: Das <span style=\"color: #99cc00;\">M\u00fclheimer Kammerorchester<\/span> musizierte gemeinsam mit <span style=\"color: #ff9900;\">Kindern unserer Grundschule<\/span>! Zu diesem <span style=\"color: #ff00ff; font-size: x-large;\">K<span style=\"color: #ff0000;\">o<\/span><span style=\"color: #ff9900;\">n<\/span><span style=\"color: #ffff00;\">z<\/span><span style=\"color: #99cc00;\">e<\/span><span style=\"color: #3366ff;\">r<\/span>t<\/span> waren alle gro\u00dfen und kleinen Sunderpl\u00e4tzchen herzlich eingeladen.<\/span><\/p>\n<p>&#8212;&#8212;&#8212;&#8212;&#8212;&#8212;&#8212;&#8212;&#8212;&#8212;&#8212;&#8212;&#8212;&#8212;&#8212;&#8212;&#8212;&#8212;&#8212;&#8212;&#8212;&#8212;&#8212;&#8212;&#8212;&#8212;&#8212;&#8212;&#8212;&#8212;&#8212;&#8212;&#8212;<\/p>\n<p><span style=\"color: #ff9900; font-size: large;\"><span style=\"color: #ff0000;\">Juni 2018<\/span> <\/span><\/p>\n<p><span style=\"color: #ff9900; font-size: large;\">Am Freitag, den <span style=\"color: #33cccc;\">15.<\/span> <span style=\"color: #99cc00;\">Juni<\/span> <span style=\"color: #ff00ff;\">20<\/span><span style=\"color: #ff0000;\">18<\/span> von 15.30 &#8211; 17 Uhr, fand wieder unser <span style=\"font-size: x-large;\"><span style=\"color: #ff0000;\">Kin<\/span><span style=\"color: #ffff00;\">der<\/span><span style=\"color: #99cc00;\">floh<span style=\"color: #33cccc;\">markt<\/span><\/span><\/span> inklusive &#8222;Fahrzeugmarkt&#8220; von Kids f\u00fcr Kids statt!<br \/>\n<\/span><\/p>\n<p><a href=\"http:\/\/ggs-sunderplatz.de\/wp-content\/uploads\/2018\/02\/Flohmarkt-2018.jpg\"><img loading=\"lazy\" decoding=\"async\" class=\"alignnone size-medium wp-image-4795\" alt=\"Flohmarkt 2018\" src=\"http:\/\/ggs-sunderplatz.de\/wp-content\/uploads\/2018\/02\/Flohmarkt-2018-181x300.jpg\" width=\"181\" height=\"300\" srcset=\"https:\/\/ggs-sunderplatz.de\/wp-content\/uploads\/2018\/02\/Flohmarkt-2018-181x300.jpg 181w, https:\/\/ggs-sunderplatz.de\/wp-content\/uploads\/2018\/02\/Flohmarkt-2018.jpg 599w\" sizes=\"auto, (max-width: 181px) 100vw, 181px\" \/><\/a><\/p>\n<p>&#8212;&#8212;&#8212;&#8212;&#8212;&#8212;&#8212;&#8212;&#8212;&#8212;&#8212;&#8212;&#8212;&#8212;&#8212;&#8212;&#8212;&#8212;&#8212;&#8212;&#8212;&#8212;&#8212;&#8212;&#8212;&#8212;&#8212;&#8212;&#8212;&#8212;&#8212;&#8212;&#8212;<\/p>\n<p><span style=\"color: #ff0000; font-size: large;\">April 2018<\/span><\/p>\n<p><span style=\"color: #99cc00; font-size: large;\">Am Freitag, den <span style=\"color: #33cccc;\">27.<\/span> <span style=\"color: #ff00ff;\">April<\/span> <span style=\"color: #ff9900;\">20<\/span><span style=\"color: #ff0000;\">18<\/span> fand an der Grundschule am Sunderplatz von <span style=\"color: #ff0000;\">15<\/span><span style=\"color: #ff9900;\"> &#8211;<\/span> <span style=\"color: #ff00ff;\">18<\/span> <span style=\"color: #33cccc;\">Uhr<\/span> ein gro\u00dfes <span style=\"font-size: x-large;\"><span style=\"color: #ff9900;\">Kin<\/span><span style=\"color: #ff00ff;\">der-<\/span><span style=\"color: #ffff00;\">Spie<\/span><span style=\"color: #00ffff;\">le<\/span><span style=\"color: #33cccc;\">fest<\/span><\/span> mit <\/span><span style=\"font-size: x-large;\"><span style=\"color: #99cc00;\"><span style=\"color: #ff00ff;\">Tom<\/span><\/span><span style=\"color: #99cc00;\"><span style=\"color: #ff9900;\">bo<\/span><\/span><span style=\"color: #99cc00;\"><span style=\"color: #00ffff;\">la<\/span><\/span><\/span><span style=\"color: #99cc00; font-size: large;\"> statt! Mit feierlicher Er\u00f6ffnung, Musical, vielen Spielangeboten von allen Klassen f\u00fcr alle Kinder und mit Leckereien f\u00fcr das leibliche Wohl. \ud83d\ude42 <\/span><\/p>\n<p><span style=\"color: #33cccc;\">\u00a0<\/span><\/p>\n<p>&nbsp;<\/p>\n","protected":false},"excerpt":{"rendered":"<p>So ein Zirkus&#8230; Im Schuljahr 2018\/ 19 werden wir anl\u00e4sslich des 60. Geburtstages der Grundschule am Sunderplatz im Fr\u00fchjahr 2019 ein Zirkusprojekt durchf\u00fchren! Rund um das Projekt gibt es bis zum H\u00f6hepunkt &#8211; der Zirkuswoche vom 25. bis zum 30. M\u00e4rz 2019 &#8211; bereits 2018 verschiedene Aktionen, die das Projekt erm\u00f6glichen. Auf dieser Seite informieren [&hellip;]<\/p>\n","protected":false},"author":1,"featured_media":0,"parent":48,"menu_order":0,"comment_status":"closed","ping_status":"closed","template":"","meta":{"footnotes":""},"class_list":["post-4787","page","type-page","status-publish","hentry"],"_links":{"self":[{"href":"https:\/\/ggs-sunderplatz.de\/index.php?rest_route=\/wp\/v2\/pages\/4787","targetHints":{"allow":["GET"]}}],"collection":[{"href":"https:\/\/ggs-sunderplatz.de\/index.php?rest_route=\/wp\/v2\/pages"}],"about":[{"href":"https:\/\/ggs-sunderplatz.de\/index.php?rest_route=\/wp\/v2\/types\/page"}],"author":[{"embeddable":true,"href":"https:\/\/ggs-sunderplatz.de\/index.php?rest_route=\/wp\/v2\/users\/1"}],"replies":[{"embeddable":true,"href":"https:\/\/ggs-sunderplatz.de\/index.php?rest_route=%2Fwp%2Fv2%2Fcomments&post=4787"}],"version-history":[{"count":38,"href":"https:\/\/ggs-sunderplatz.de\/index.php?rest_route=\/wp\/v2\/pages\/4787\/revisions"}],"predecessor-version":[{"id":5551,"href":"https:\/\/ggs-sunderplatz.de\/index.php?rest_route=\/wp\/v2\/pages\/4787\/revisions\/5551"}],"up":[{"embeddable":true,"href":"https:\/\/ggs-sunderplatz.de\/index.php?rest_route=\/wp\/v2\/pages\/48"}],"wp:attachment":[{"href":"https:\/\/ggs-sunderplatz.de\/index.php?rest_route=%2Fwp%2Fv2%2Fmedia&parent=4787"}],"curies":[{"name":"wp","href":"https:\/\/api.w.org\/{rel}","templated":true}]}}