{"id":375,"date":"2013-11-10T23:16:00","date_gmt":"2013-11-10T23:16:00","guid":{"rendered":"http:\/\/ggs-sunderplatz.de\/?page_id=375"},"modified":"2014-02-19T18:06:36","modified_gmt":"2014-02-19T18:06:36","slug":"wissenswertes","status":"publish","type":"page","link":"https:\/\/ggs-sunderplatz.de\/?page_id=375","title":{"rendered":"Weihnachtliches&#8230; Winterliches&#8230;"},"content":{"rendered":"<table class=\"aligncenter\" style=\"background-color: #ff69b4;\" border=\"0\" align=\"center\">\n<tbody>\n<tr>\n<td style=\"background-color: #ca34a0;\">\n<h4 style=\"text-align: left;\">Es ist Winter<\/h4>\n<p style=\"text-align: left;\">Das Eis ist so dick, dass man schon fast darauf gehen kann. Man wirft einen Kieselstein drauf, da denken die Fische, es ist Futter. Dann will man ihn holen, es geht aber nicht. Das Eis kann einen nicht tragen. Wenn das Eis dicker geworden ist, kann man ihn holen. Aber man muss vorsichtig sein, denn wenn man nicht aufpasst, dann ist der bittere Frost\u00a0das Ende. (Jolina, Klasse 4a)<\/p>\n<\/td>\n<\/tr>\n<tr>\n<td style=\"background-color: #e95516;\">\n<h4>Der Milchstra\u00dfenstaub<\/h4>\n<p>Der Weihnachtsmann hatte sich schon immer gefragt, warum der Elch seines Schlittens fliegen kann. Eines Tages fragte er ihn: ,,Warum kannst du fliegen?&#8220; Der Elch antwortete: ,,Weil ich Milchstra\u00dfenstaub habe. Wenn ich das S\u00e4ckchen aufmache, pustet der Wind den Staub auf mich, dann kann ich fliegen. Wir k\u00f6nnen mal in den Weihnachtswald gehen. Da sitzt das Christkind auf einem Thron und verkauft den Staub. So zogen die beiden los, um sich den Staub zu kaufen. Von dieser Zeit an konnte der Weihnachtsmann auch fliegen. (M\u00e4dchen einer ehemaligen 3b)<\/td>\n<\/tr>\n<\/tbody>\n<\/table>\n<table class=\"aligncenter\" border=\"0\" align=\"center\">\n<tbody>\n<tr>\n<td style=\"background-color: #f4180a;\">\n<h4>Das Schneeflockenrennen<\/h4>\n<p>An einem bitterkalten Wintermorgen wachte die kleine Schneeflocke Glimmer fr\u00fch auf. Es war der Tag vor Heiligabend. Sie sprang auf und rief: ,,Endlich ist es so weit! Heute darf ich beim gro\u00dfen Schneeflockenrennen mitmachen.&#8220; Sie fragte ihre Mutter ganz aufgeregt: ,,Werde ich wohl gewinnen?&#8220; ,,Vielleicht&#8220;, sagte die Mutter. ,,Du bist ja ganz sch\u00f6n schnell. Aber jetzt komm! Du willst doch nicht dein erstes Rennen verpassen!&#8220; Glimmer und die anderen Schneeflocken trafen sich auf der Startwolke. Peng! Das Rennen fing an und die Schneeflocken fielen so schnell sie konnten auf die Erde runter. Leider wurde Glimmer nicht erste. Sie hatte sich den dritten Platz geholt. Aber das war ihr in diesem Moment nicht mehr wichtig. Das sch\u00f6nste war, dass sie gesehen hat, wie sich die Kinder \u00fcber den Schnee freuten. (M\u00e4dchen einer ehemaligen 3b)<\/td>\n<\/tr>\n<\/tbody>\n<\/table>\n<table class=\"aligncenter\" border=\"0\" align=\"center\">\n<tbody>\n<tr>\n<td style=\"background-color: #228b22;\">\n<h4>Der kleine Weihnachtsmann<\/h4>\n<p>Weit im Norden wohnt der kleine Weihnachtsmann. Wen der erste Schnee f\u00e4llt, packt er seinen Schlitten und geht damit zum Oberweihnachtsmann. Der sagt: ,,Du kannst nicht mit in die Stadt, du bist zu klein.&#8220; Traurig geht der kleine Weihnachtsmann in den Wald. Da kommen die Tiere und fragen ihn: ,,Warum bist du so traurig?&#8220; ,,Ich darf nicht mit in die Stadt, um den Kindern Geschenke zu bringen&#8220;, antwortete er ihnen. ,,Bring uns doch die Geschenke.&#8220; Da l\u00e4uft er schnell nach Hause und holt seinen Schlitten. Als er zur\u00fcckkommt, beschenkt er die Tiere. Seitdem ist der kleine Weihnachtsmann der Weihnachtsmann f\u00fcr die Tiere. (Junge einer ehemaligen 3b)<\/td>\n<\/tr>\n<\/tbody>\n<\/table>\n","protected":false},"excerpt":{"rendered":"<p>Es ist Winter Das Eis ist so dick, dass man schon fast darauf gehen kann. Man wirft einen Kieselstein drauf, da denken die Fische, es ist Futter. Dann will man ihn holen, es geht aber nicht. Das Eis kann einen nicht tragen. Wenn das Eis dicker geworden ist, kann man ihn holen. Aber man muss [&hellip;]<\/p>\n","protected":false},"author":1,"featured_media":0,"parent":228,"menu_order":7,"comment_status":"closed","ping_status":"closed","template":"","meta":{"footnotes":""},"class_list":["post-375","page","type-page","status-publish","hentry"],"_links":{"self":[{"href":"https:\/\/ggs-sunderplatz.de\/index.php?rest_route=\/wp\/v2\/pages\/375","targetHints":{"allow":["GET"]}}],"collection":[{"href":"https:\/\/ggs-sunderplatz.de\/index.php?rest_route=\/wp\/v2\/pages"}],"about":[{"href":"https:\/\/ggs-sunderplatz.de\/index.php?rest_route=\/wp\/v2\/types\/page"}],"author":[{"embeddable":true,"href":"https:\/\/ggs-sunderplatz.de\/index.php?rest_route=\/wp\/v2\/users\/1"}],"replies":[{"embeddable":true,"href":"https:\/\/ggs-sunderplatz.de\/index.php?rest_route=%2Fwp%2Fv2%2Fcomments&post=375"}],"version-history":[{"count":18,"href":"https:\/\/ggs-sunderplatz.de\/index.php?rest_route=\/wp\/v2\/pages\/375\/revisions"}],"predecessor-version":[{"id":1121,"href":"https:\/\/ggs-sunderplatz.de\/index.php?rest_route=\/wp\/v2\/pages\/375\/revisions\/1121"}],"up":[{"embeddable":true,"href":"https:\/\/ggs-sunderplatz.de\/index.php?rest_route=\/wp\/v2\/pages\/228"}],"wp:attachment":[{"href":"https:\/\/ggs-sunderplatz.de\/index.php?rest_route=%2Fwp%2Fv2%2Fmedia&parent=375"}],"curies":[{"name":"wp","href":"https:\/\/api.w.org\/{rel}","templated":true}]}}