{"id":3352,"date":"2016-05-13T18:59:30","date_gmt":"2016-05-13T18:59:30","guid":{"rendered":"http:\/\/ggs-sunderplatz.de\/?page_id=3352"},"modified":"2018-02-16T13:46:03","modified_gmt":"2018-02-16T13:46:03","slug":"projektwoche-2016","status":"publish","type":"page","link":"https:\/\/ggs-sunderplatz.de\/?page_id=3352","title":{"rendered":"Projektwoche 2016"},"content":{"rendered":"<h3><span style=\"color: #99cc00;\"><span style=\"color: #33cccc;\">Erste<\/span> Berichte <span style=\"color: #ffff00;\">aus<\/span> <span style=\"color: #ff9900;\">der<\/span> <span style=\"color: #ff00ff;\">Projektwoche<\/span> <span style=\"color: #ff0000;\">2016<\/span><\/span><\/h3>\n<p><a href=\"http:\/\/ggs-sunderplatz.de\/wp-content\/uploads\/2016\/06\/IMG_0700.jpg\"><img loading=\"lazy\" decoding=\"async\" style=\"width: 202px; height: 173px;\" alt=\"IMG_0700\" src=\"http:\/\/ggs-sunderplatz.de\/wp-content\/uploads\/2016\/06\/IMG_0700-300x225.jpg\" width=\"300\" height=\"225\" \/><\/a>\u00a0<a href=\"http:\/\/ggs-sunderplatz.de\/wp-content\/uploads\/2016\/06\/IMG_0686.jpg\"><img loading=\"lazy\" decoding=\"async\" style=\"width: 213px; height: 172px;\" alt=\"IMG_0686\" src=\"http:\/\/ggs-sunderplatz.de\/wp-content\/uploads\/2016\/06\/IMG_0686-300x225.jpg\" width=\"300\" height=\"225\" \/><\/a>\u00a0<a href=\"http:\/\/ggs-sunderplatz.de\/wp-content\/uploads\/2016\/06\/IMG_0666-e1465835862682.jpg\"><img loading=\"lazy\" decoding=\"async\" style=\"width: 190px; height: 174px;\" alt=\"IMG_0666\" src=\"http:\/\/ggs-sunderplatz.de\/wp-content\/uploads\/2016\/06\/IMG_0666-e1465835862682-300x233.jpg\" width=\"300\" height=\"233\" \/><\/a>\u00a0<a href=\"http:\/\/ggs-sunderplatz.de\/wp-content\/uploads\/2016\/06\/IMG_0664.jpg\"><img loading=\"lazy\" decoding=\"async\" style=\"width: 108px; height: 171px;\" alt=\"IMG_0664\" src=\"http:\/\/ggs-sunderplatz.de\/wp-content\/uploads\/2016\/06\/IMG_0664-225x300.jpg\" width=\"225\" height=\"300\" \/><\/a><\/p>\n<p><span style=\"color: #ffff99; font-size: medium;\">Das Projekt &#8222;Unser Eulensong&#8220; hatte seine Idee bereits vor einigen Monaten. Ziel war es, gemeinsam mit der Klasse ein ganz eigenes Lied zu schaffen, einzusingen und mit Instrumenten selbst zu begleiten. Mit gro\u00dfer Unterst\u00fctzung eines Vaters, der das n\u00f6tige musikalische K\u00f6nnen und dazu ein Tonstudio besitzt,\u00a0nahm das Projekt \u00fcber einen Zeitraum von etwa vier Wochen vor der Projektwoche zunehmend Gestalt an und fand seine &#8222;Vollendung&#8220;\u00a0in der Projektwoche, in der neben den Aufnahmen im Tonstudio auch das Proben f\u00fcr einen abschlie\u00dfenden Auftritt stattfanden. Es war eine unglaublich arbeitsintensive und aufregende Zeit, die ohne Unterst\u00fctzung vieler Eltern und ohne flei\u00dfiges \u00dcben der Kinder nicht m\u00f6glich gewesen w\u00e4re. Und nun halten alle Kinder eine CD\u00a0in der Hand, die, zusammen mit einem\u00a0gelungenen Auftritt, an eine unvergessliche Zeit erinnert. Das berichten die Kinder der Klasse 2c:<\/span><\/p>\n<p><span style=\"color: #33cccc; font-size: medium;\">Am Montag haben wir Kl\u00e4nge aufgenommen f\u00fcr unser Lied \u201eUnser Eulensong\u201c. Am Dienstag waren ich und Nele, Johanna und Luisa im Tonstudio. Ich war als letztes dran. Bei mir musste man trixen. Am Mittwoch sind die Fl\u00f6ten und die Klarinetten gegangen. Am Donnerstag haben wir den Gesang aufgenommen. Erst ging die erste Gruppe, dann die zweite Gruppe. Und da haben wir unseren Rap und unseren Refrain aufgenommen. Dann war ich ein Armband machen und habe danach die Strophe aufgenommen. Am Freitag habe ich Gitarre gespielt. Dann habe ich mit allen anderen \u201eUnseren Eulensong\u201c gesungen und den Rap. Ich fand, das war ein toller Beat. Dann war Flohmarkt. (Mikael, 2c)\u00a0\u00a0\u00a0 <\/span><span style=\"color: #99cc00; font-size: medium;\">Am Montag haben wir Kl\u00e4nge aufgenommen f\u00fcr unser Projektwochenlied. Am Dienstag sind die Piano- und Klavierkinder losgegangen und die Gitarrenkinder sind auch am Dienstag losgegangen. Und am Mittwoch sind die Klarinetten- und Fl\u00f6tenkinder losgegangen und als wir zur\u00fcckgekommen sind, haben wir die Plakate fertig gemacht. Am Montag, Dienstag, Mittwoch und Donnerstag haben wir die CD-Cover fertig gemacht. Am Freitag war die Vorf\u00fchrung. Bei dem Rapteil war ich in der zweiten Reihe und den Teil mit den Stimmen fand ich lustig. Nach der Vorf\u00fchrung war Flohmarkt und ich habe viel Geld verdient. (Benjamin, 2c)\u00a0\u00a0\u00a0 <\/span><span style=\"color: #ffff00; font-size: medium;\">Wir haben Instrumente gespielt und sehr viel gesungen. Wir haben sehr viel gebastelt und wir haben sehr sch\u00f6ne Armb\u00e4nder gemacht. Wir waren im Tonstudio. Da war es sehr lustig. Dann war der Auftritt. Dann haben wir Sachen auf dem Flohmarkt verkauft. (Leonie, 2c)\u00a0\u00a0\u00a0 \u00a0<\/span><span style=\"color: #ff9900; font-size: medium;\">Ich fand es toll, als ich Gitarre im Studio spielen durfte und als ich singen durfte. Der Auftritt war toll und der Flohmarkt war am besten. Die Armb\u00e4nder fand ich toll. Ich habe zwar nicht verstanden, wozu die waren, aber es war toll. (Lukas, 2c)\u00a0\u00a0\u00a0 \u00a0<\/span><span style=\"color: #ff00ff; font-size: medium;\">Am Montag haben wir Kl\u00e4nge aufgenommen und wir haben Fotos gemacht. Am Dienstag sind die Kinder mit ihren Gitarren zum Marius ins Tonstudio gelaufen. Am Mittwoch sind die Kinder mit Querfl\u00f6te zum Marius gegangen und danach sind die Klarinetten dort hingelaufen. Am Donnerstag ist die erste Rapgruppe zum Marius gelaufen und dann die zweite und dann die dritte. Es war sehr witzig und wenn man mit Singen dran war, dann musste man Kopfh\u00f6rer aufsetzen. Dann hat Marius die Musik angemacht und dann musste man singen. Danach sind wir zu Frau Lange gelaufen und haben da Armb\u00e4nder gedr\u00fcllt. Es hat sehr viel Spa\u00df gemacht. Und am Freitag war dann endlich die Auff\u00fchrung. Erst haben die Blockfl\u00f6ten und Gitarren gespielt und dann hat Frau Maa\u00df eine Rede gehalten. Dann waren wir dran. Es hat sehr viel Spa\u00df gemacht. Dann hat noch die 2b den \u201ea,e,i,o,u-Tanz\u201c und das Lied \u201eAlle Kinder lernen lesen\u201c vorgef\u00fchrt. Und dann war Flohmarkt. (Emma, 2c)\u00a0\u00a0\u00a0 <\/span><span style=\"color: #ff0000; font-size: medium;\">Wir haben Fotos gemacht. Wir habend die Kl\u00e4nge aufgenommen. Wir haben vor vier Wochen angefangen. Wir hatten keine Hausaufgaben auf. Wir waren im Tonstudio. Wir mussten in drei Strophen singen. Wir mussten richtig viel singen. Wir haben einen Film gekuckt. Wir hatten eine Auff\u00fchrung. Ich musste vor der Auff\u00fchrung nach Hause gehen. Wir hatten kein Sport am Montag. (Junge, 2c)\u00a0\u00a0\u00a0 <\/span><span style=\"color: #33cccc; font-size: medium;\">Am Montag haben wir die Kl\u00e4nge aufgenommen f\u00fcr unser Lied. Wir haben das CD-Cover angefangen und wir haben schon ein bisschen geprobt. Am Dienstag sind schon die Pianokinderlos zu Herrn Andr\u00e9 gegangen und dann sind die Gitarrenkinder ins Tonstudio. Die anderen Kinder haben hier die CD-Cover gemacht und den Rest des Tages hier verbracht. Am Mittwoch sind die Klarinettenkinder und danach die Querfl\u00f6tenkinder zu Herrn Andr\u00e9 gelaufen und die anderen Kinder haben \u00fcber die Anziehsachen f\u00fcr den Auftritt gesprochen und haben die Plakate gemacht. Wir haben die CD-Cover gemacht und wir haben geprobt. Am Donnerstag sind alle zu Herrn Andr\u00e9 ins Tonstudio gegangen. (Julia R., 2c)\u00a0\u00a0\u00a0 <\/span><span style=\"color: #99cc00; font-size: medium;\">Wir haben Fotos gemacht. Wir haben aufgenommen. Wir haben vor vier Wochen angefangen zu dichten. Wir haben im Tonstudio aufgenommen. Und wir haben Gage und Smarties bekommen und wir haben Gitarre aufgenommen. Wir haben Gesang aufgenommen. Und wir haben in Rapgruppen gesungen. Und wir waren im Tonstudio von Marius. (Felix v. B., 2c)\u00a0\u00a0\u00a0\u00a0 <\/span><span style=\"color: #ffff00; font-size: medium;\">Wir haben Fotos gemacht und das fand ich sch\u00f6n. Wir durften CDs anmalen. Der Flohmarkt mit Justus war richtig sch\u00f6n. Als wir Herrn Andr\u00e9 den Gutschein geschenkt haben, das fand ich super. Als wir gesungen haben, fand ich den Applaus sch\u00f6n. Dass wir spenden ist super. (Ben, 2c)\u00a0\u00a0\u00a0 <\/span><span style=\"color: #ff9900; font-size: medium;\">Montag: Wir haben von jeder Strophe ein Foto geschossen. Dienstag: Wir habenunser CD-Cover gebastelt und die Gitarren haben was vorgespielt. Mittwoch: Die Klarinetten und die Querfl\u00f6ten sind ins Tonstudio gegangen. Donnerstag: Die Klasse ist ins Tonstudio gegangen. Freitag: Wir haben ein letztes Mal geprobt und am Nachtmittag war der Auftritt. (Johanna, 2c)<\/span><\/p>\n<h3><span style=\"color: #33cccc;\"><span style=\"color: #ff0000;\"><span style=\"color: #99cc00;\">Unsere<\/span> <span style=\"color: #33cccc;\">bunte<\/span> <span style=\"color: #ff00ff;\">Welt:<\/span> &#8222;F\u00fcr<span style=\"color: #ff6600;\">einander<\/span><span style=\"color: #99cc00;\">,<\/span><\/span> <span style=\"color: #99cc00;\">mit<\/span><span style=\"color: #ff6600;\">einander<\/span><span style=\"color: #ff00ff;\">, auf<\/span><span style=\"color: #ff6600;\">e<\/span><span style=\"color: #ff6600;\">inander<\/span> zu<\/span><span style=\"color: #33cccc;\">&#8222;&#8230;<\/span><\/h3>\n<p><span style=\"color: #33cccc;\">Vom 30. Mai bis zum 03.\u00a0Juni 2016 findet unsere allj\u00e4hrliche Projektwoche statt! Es wird, anders als gewohnt, eine klasseninterne Projektwoche sein, die einen sozialen Schwerpunkt haben wird. In den Klassen wird in unterschiedlichen sozialen Bereichen gearbeitet\u00a0und Probleme unserer Welt thematisiert. Dennoch wird es, wie auch in den Jahren zuvor, eine besonders kreative, farbenfrohe,\u00a0musikalische und\u00a0entdeckerische\u00a0Zeit, in der das Miteinander und F\u00fcreinander besonders wichtig sind.<\/span><\/p>\n<h3><span style=\"color: #ff0000;\">Der &#8222;Fahrplan&#8220;<\/span> <span style=\"color: #ff00ff;\">in<\/span> <span style=\"color: #99cc00;\">der Woche<\/span> <span style=\"color: #3366ff;\">sieht wie<\/span> <span style=\"color: #ff6600;\">folgt<\/span> <span style=\"color: #ff6600;\">aus:<\/span><\/h3>\n<p><span style=\"color: #99cc00;\">Von Montag bis\u00a0Freitag\u00a0\u00a0arbeiten alle Kinder in den ersten vier Schulstunden im Klassenverband\u00a0mit unterschiedlichsten Kooperationspartnern. Nach der\u00a0vierten Stunde werden\u00a0die\u00a0Kinder\u00a0nach Hause bzw. in ihre jeweiligen Betreuungen entlassen.<\/span><\/p>\n<p><span style=\"color: #99cc00;\"><span style=\"color: #ff00ff;\">Am Freitag ist ein ganz besonderer Tag:<\/span> <span style=\"color: #ffff00;\">Hier treffen sich alle Kinder ein letztes Mal in ihrem Klassenverband, um letzte Vorbereitungen f\u00fcr das gro\u00dfe Projektwochen-Abschlussfest zu treffen. Dieses findet von 15.00 bis 18.00 Uhr statt, zu dem alle Eltern (Gro\u00dfeltern&#8230;) herzlichst eingeladen sind!<\/span> <span style=\"color: #ff9900;\">Neben einer Ausstellungs- und Pr\u00e4sentationsfl\u00e4che\u00a0gibt es\u00a0in diesem Jahr nach der feierlichen Er\u00f6ffnung um 15.00 Uhr einen Kindertr\u00f6delmarkt ab 16.00 Uhr auf dem Schulhof, bei dem alle Kinder ihre Spielsachen und B\u00fccher verkaufen d\u00fcrfen. Pro (selbst mitgebrachter) Decke wird eine Standgeb\u00fchr von 3,- \u20ac erhoben, die als Spende an eine unserer konkreten Hilfprojekte gehen: Las Torres, Friedensdorf Oberhausen, Syrischer Fl\u00fcchtlingsverein oder\u00a0einem Bolivienprojekt. <span style=\"color: #00ccff;\">Auf diesem Wege wollen wir den sozialen Aspekt der Projektwoche nochmals hervorheben. Der Abbau des Flohmarktes ist um 17.30 Uhr und um 18 Uhr endet unser Fest. Bei anhaltendem Regen findet zwar die Feier und die Ausstellung, jedoch leider nicht der Flohmarkt statt. Wollen wir hoffen, dass das Wetter sch\u00f6n wird und uns ein gelungenes Fest beschert&#8230;<\/span> <\/span><\/span><\/p>\n<p><span style=\"color: #ff0000;\">Wir freuen uns alle sehr auf diese besondere\u00a0Zeit!<\/span><\/p>\n","protected":false},"excerpt":{"rendered":"<p>Erste Berichte aus der Projektwoche 2016 \u00a0\u00a0\u00a0 Das Projekt &#8222;Unser Eulensong&#8220; hatte seine Idee bereits vor einigen Monaten. Ziel war es, gemeinsam mit der Klasse ein ganz eigenes Lied zu schaffen, einzusingen und mit Instrumenten selbst zu begleiten. Mit gro\u00dfer Unterst\u00fctzung eines Vaters, der das n\u00f6tige musikalische K\u00f6nnen und dazu ein Tonstudio besitzt,\u00a0nahm das Projekt [&hellip;]<\/p>\n","protected":false},"author":1,"featured_media":0,"parent":48,"menu_order":2,"comment_status":"closed","ping_status":"closed","template":"","meta":{"footnotes":""},"class_list":["post-3352","page","type-page","status-publish","hentry"],"_links":{"self":[{"href":"https:\/\/ggs-sunderplatz.de\/index.php?rest_route=\/wp\/v2\/pages\/3352","targetHints":{"allow":["GET"]}}],"collection":[{"href":"https:\/\/ggs-sunderplatz.de\/index.php?rest_route=\/wp\/v2\/pages"}],"about":[{"href":"https:\/\/ggs-sunderplatz.de\/index.php?rest_route=\/wp\/v2\/types\/page"}],"author":[{"embeddable":true,"href":"https:\/\/ggs-sunderplatz.de\/index.php?rest_route=\/wp\/v2\/users\/1"}],"replies":[{"embeddable":true,"href":"https:\/\/ggs-sunderplatz.de\/index.php?rest_route=%2Fwp%2Fv2%2Fcomments&post=3352"}],"version-history":[{"count":21,"href":"https:\/\/ggs-sunderplatz.de\/index.php?rest_route=\/wp\/v2\/pages\/3352\/revisions"}],"predecessor-version":[{"id":3434,"href":"https:\/\/ggs-sunderplatz.de\/index.php?rest_route=\/wp\/v2\/pages\/3352\/revisions\/3434"}],"up":[{"embeddable":true,"href":"https:\/\/ggs-sunderplatz.de\/index.php?rest_route=\/wp\/v2\/pages\/48"}],"wp:attachment":[{"href":"https:\/\/ggs-sunderplatz.de\/index.php?rest_route=%2Fwp%2Fv2%2Fmedia&parent=3352"}],"curies":[{"name":"wp","href":"https:\/\/api.w.org\/{rel}","templated":true}]}}