{"id":228,"date":"2013-11-09T20:19:51","date_gmt":"2013-11-09T20:19:51","guid":{"rendered":"http:\/\/ggs-sunderplatz.de\/?page_id=228"},"modified":"2019-09-07T13:06:13","modified_gmt":"2019-09-07T13:06:13","slug":"kinderwerke","status":"publish","type":"page","link":"https:\/\/ggs-sunderplatz.de\/?page_id=228","title":{"rendered":"Kinderwerke"},"content":{"rendered":"<p style=\"text-align: center;\"><span style=\"font-size: x-large;\"><span style=\"color: #33cccc;\">Dies ist\u00a0<span style=\"color: #99cc00;\">eine Seite,<\/span> auf der Kinder\u00a0tolle Dinge\u00a0pr\u00e4sentieren.<\/span> <\/span><\/p>\n<p style=\"text-align: center;\"><span style=\"font-size: x-large;\"><span style=\"color: #99cc00;\">Das k\u00f6nnen\u00a0<span style=\"color: #cc99ff;\">abenteuerliche<\/span> Geschichten sein, <a title=\"Witze\" href=\"http:\/\/ggs-sunderplatz.de\/?page_id=315\">Witze<\/a> und Rezepte,<\/span> <span style=\"color: #ff9900;\">Wissenswertes, <\/span><\/span><\/p>\n<p style=\"text-align: center;\"><span style=\"font-size: x-large;\"><span style=\"color: #ff9900;\">Berichte \u00fcber <a title=\"Klassenfahrt und Ausfl\u00fcge\" href=\"http:\/\/ggs-sunderplatz.de\/?page_id=422\">Ausfl\u00fcge<\/a> <span style=\"color: #ff00ff;\">oder<\/span> <\/span><span style=\"color: #ff9900;\">Literaturvorschl\u00e4ge<\/span> <\/span><\/p>\n<p style=\"text-align: center;\"><span style=\"font-size: x-large;\"><span style=\"color: #008080;\">bis hin zu <a title=\"Kunstwerke\" href=\"http:\/\/ggs-sunderplatz.de\/?page_id=318\">Kunstwerken<\/a> aus dem Schulalltag&#8230;<\/span><\/span><\/p>\n<p style=\"text-align: center;\"><span style=\"font-size: large;\"><span style=\"color: #008080;\"><a href=\"http:\/\/ggs-sunderplatz.de\/wp-content\/uploads\/2013\/11\/IMG_4349.jpg\"><img loading=\"lazy\" decoding=\"async\" class=\"size-medium wp-image-28 aligncenter\" alt=\"IMG_4349.jpg\" src=\"http:\/\/ggs-sunderplatz.de\/wp-content\/uploads\/2013\/11\/IMG_4349-300x225.jpg\" width=\"349\" height=\"273\" \/><\/a><\/span><\/span><\/p>\n","protected":false},"excerpt":{"rendered":"<p>Dies ist\u00a0eine Seite, auf der Kinder\u00a0tolle Dinge\u00a0pr\u00e4sentieren. Das k\u00f6nnen\u00a0abenteuerliche Geschichten sein, Witze und Rezepte, Wissenswertes, Berichte \u00fcber Ausfl\u00fcge oder Literaturvorschl\u00e4ge bis hin zu Kunstwerken aus dem Schulalltag&#8230;<\/p>\n","protected":false},"author":1,"featured_media":0,"parent":0,"menu_order":11,"comment_status":"closed","ping_status":"closed","template":"","meta":{"footnotes":""},"class_list":["post-228","page","type-page","status-publish","hentry"],"_links":{"self":[{"href":"https:\/\/ggs-sunderplatz.de\/index.php?rest_route=\/wp\/v2\/pages\/228","targetHints":{"allow":["GET"]}}],"collection":[{"href":"https:\/\/ggs-sunderplatz.de\/index.php?rest_route=\/wp\/v2\/pages"}],"about":[{"href":"https:\/\/ggs-sunderplatz.de\/index.php?rest_route=\/wp\/v2\/types\/page"}],"author":[{"embeddable":true,"href":"https:\/\/ggs-sunderplatz.de\/index.php?rest_route=\/wp\/v2\/users\/1"}],"replies":[{"embeddable":true,"href":"https:\/\/ggs-sunderplatz.de\/index.php?rest_route=%2Fwp%2Fv2%2Fcomments&post=228"}],"version-history":[{"count":7,"href":"https:\/\/ggs-sunderplatz.de\/index.php?rest_route=\/wp\/v2\/pages\/228\/revisions"}],"predecessor-version":[{"id":230,"href":"https:\/\/ggs-sunderplatz.de\/index.php?rest_route=\/wp\/v2\/pages\/228\/revisions\/230"}],"wp:attachment":[{"href":"https:\/\/ggs-sunderplatz.de\/index.php?rest_route=%2Fwp%2Fv2%2Fmedia&parent=228"}],"curies":[{"name":"wp","href":"https:\/\/api.w.org\/{rel}","templated":true}]}}