{"id":135,"date":"2013-11-09T18:19:40","date_gmt":"2013-11-09T18:19:40","guid":{"rendered":"http:\/\/ggs-sunderplatz.de\/?page_id=135"},"modified":"2022-07-25T13:25:40","modified_gmt":"2022-07-25T13:25:40","slug":"aktuelles","status":"publish","type":"page","link":"https:\/\/ggs-sunderplatz.de\/?page_id=135","title":{"rendered":"Archiv"},"content":{"rendered":"<h3><\/h3>\n<p class=\"has-text-color has-background has-drop-cap has-very-light-gray-color has-vivid-cyan-blue-background-color\"><span class=\"tadv-color\">Was tun, wenn Ihr Kind erkrankt ist? Diese \u00dcbersicht kann Ihnen helfen<\/span>: <a href=\"http:\/\/ggs-sunderplatz.de\/wp-content\/uploads\/2021\/09\/Erkrankung-Kind-Schaubild.pdf\">Erkrankung Kind Schaubild<\/a><\/p>\n<h3><\/h3>\n\n\n<\/h3>\n<p class=\"has-white-color has-vivid-purple-background-color has-text-color has-background has-medium-font-size\">Liebe Eltern, <strong><a href=\"http:\/\/ggs-sunderplatz.de\/wp-content\/uploads\/2021\/12\/Schreiben-Eltern-Info-Kinderimpfungen.pdf\">hier<\/a><\/strong>\u00a0erhalten Sie Informationen der Stadt M\u00fclheim \u00fcber Kinder-Impfungen gegen COVID19.\n\n\n<p><\/p>\n\n\n<\/h3>\n<p class=\"has-white-color has-vivid-red-background-color has-text-color has-background has-medium-font-size\">Liebe Eltern, hier erhalten Sie n\u00fctzliche Informationen der Landesanstalt f\u00fcr Medien NRW zum Thema &#8222;Mediennutzung in der Familie&#8220;: <a href=\"http:\/\/ggs-sunderplatz.de\/wp-content\/uploads\/2022\/01\/Mediennutzung_in_der_Familie_2021.pdf\">Mediennutzung_in_der_Familie_2021<\/a>\u00a0 \u00a0 \u00a0 \u00a0 \u00a0 \u00a0 \u00a0 <a href=\"http:\/\/ggs-sunderplatz.de\/wp-content\/uploads\/2022\/01\/Medienkompetenzbericht_2020_2021.pdf\">Medienkompetenzbericht_2020_2021<\/a>\u00a0 \u00a0 \u00a0 \u00a0 \u00a0 \u00a0 \u00a0 \u00a0 \u00a0 \u00a0 \u00a0<a href=\"http:\/\/ggs-sunderplatz.de\/wp-content\/uploads\/2022\/01\/Infokarte_Medien.pdf\">Infokarte_Medien<\/a><\/p>\n\n<h3>\n\n\n<h3><span style=\"color: #33cccc; text-decoration: underline;\"><span style=\"font-size: x-large;\"><strong><span style=\"text-decoration: underline;\">Alte Schulhofspiele neu belebt! <\/span><\/strong><\/span><\/span><\/h3>\n<p><span style=\"color: #99cc00; font-size: large;\">&#8222;Wer nicht r\u00fcckw\u00e4rts laufen kann, kann auch nicht r\u00fcckw\u00e4rts rechnen.&#8220;<\/span><\/p>\n<p><span style=\"color: #ff9900; font-size: large;\">Seit dem 20.02.2014 findet sie nun einmal die Woche statt, die gemeinsame Spielzeit von ehrenamtlichen Erwachsenen und den Kindern unserer Schule. Hier geht es darum, Kindern im Klassenverband alte Schulhofspiele nahezubringen, die Oma und Opa fr\u00fcher gespielt haben. Angefangen bei &#8222;Fischer, Fischer, wie tief ist das Wasser&#8220; \u00fcber &#8222;Plumpsack&#8220;, &#8222;Seilchenspringen&#8220;, &#8222;Gummitwist&#8220; und &#8222;Schebbeln&#8220; bis hin zur lieben &#8222;Laurenzia&#8220; haben Gro\u00df und Klein gemeinsam Spa\u00df. Die Ehrenamtlichen kommen aus unterschiedlichsten Bereichen: Sozialp\u00e4dagogen und Sozialplaner, eine Sozialwissenschaftlerin oder ein ehemaliger Bankangestellter, was z\u00e4hlt ist Engagement und Spa\u00df an strahlenden Kindergesichtern. Und die waren am letzten Donnerstag auf jeden Fall zu beobachten! Sie haben auch Interesse? Dann sprechen Sie uns gerne an oder schauen Sie nach unter <a href=\"http:\/\/www.cbe-mh.de\">www.cbe-mh.de<\/a> (Centrum f\u00fcr b\u00fcrgerschaftliches Engagement e.V.) <\/span><span style=\"font-size: large;\"><span style=\"color: #ff0000; font-size: medium;\"><span style=\"color: #ff9900;\">Weitere Informationen finden Sie auch hier:<\/span> www.muelheim-ruhr.de\/cms\/alte_schulhofspiele_jetzt_auch_an_der_ggs_sunderplatz.html<\/span><\/span><\/p>\n<p><span style=\"color: #33cccc; text-decoration: underline;\"><span style=\"font-size: x-large;\"><span style=\"color: #33cccc; text-decoration: underline;\"><span style=\"font-size: x-large;\"><a href=\"http:\/\/ggs-sunderplatz.de\/wp-content\/uploads\/2014\/02\/DSC_1145.jpg\"><strong><img loading=\"lazy\" decoding=\"async\" class=\"alignnone size-medium wp-image-1125\" style=\"width: 316px; height: 239px;\" src=\"http:\/\/ggs-sunderplatz.de\/wp-content\/uploads\/2014\/02\/DSC_1145-300x225.jpg\" alt=\"DSC_1145\" width=\"300\" height=\"225\" srcset=\"https:\/\/ggs-sunderplatz.de\/wp-content\/uploads\/2014\/02\/DSC_1145-300x225.jpg 300w, https:\/\/ggs-sunderplatz.de\/wp-content\/uploads\/2014\/02\/DSC_1145-1024x768.jpg 1024w\" sizes=\"auto, (max-width: 300px) 100vw, 300px\" \/><\/strong><\/a><\/span><\/span><\/span><\/span><\/p>\n<p><span style=\"color: #ff0000; font-size: medium;\">\u00a0<\/span><\/p>\n<p><span style=\"font-size: small;\"><b><span style=\"font-size: xx-large;\"><span style=\"color: #ff6600;\"><span style=\"color: #3366ff;\">KLASSE<\/span> <span style=\"color: #ff0000;\">!<\/span> <span style=\"color: #3366ff;\">WIR<\/span> <span style=\"color: #ff0000;\">S<\/span><span style=\"color: #00ccff;\">I<\/span><span style=\"color: #99cc00;\">N<\/span><span style=\"color: #ff00ff;\">G<\/span><span style=\"color: #ffffff;\">E<\/span>N<\/span><\/span><span style=\"text-decoration: underline;\"><a href=\"http:\/\/ggs-sunderplatz.de\/wp-content\/uploads\/2013\/11\/Klasse-Wir-singen_klein.jpg\"><img loading=\"lazy\" decoding=\"async\" class=\"size-medium wp-image-137 alignright\" src=\"http:\/\/ggs-sunderplatz.de\/wp-content\/uploads\/2013\/11\/Klasse-Wir-singen_klein-300x298.jpg\" alt=\"Klasse! Wir singen_klein\" width=\"300\" height=\"298\" srcset=\"https:\/\/ggs-sunderplatz.de\/wp-content\/uploads\/2013\/11\/Klasse-Wir-singen_klein-300x298.jpg 300w, https:\/\/ggs-sunderplatz.de\/wp-content\/uploads\/2013\/11\/Klasse-Wir-singen_klein-150x150.jpg 150w, https:\/\/ggs-sunderplatz.de\/wp-content\/uploads\/2013\/11\/Klasse-Wir-singen_klein.jpg 378w\" sizes=\"auto, (max-width: 300px) 100vw, 300px\" \/><\/a><\/span><\/b><\/span><\/p>\n<p style=\"text-align: left;\"><span style=\"color: #ffcc00; font-size: medium;\">Am Samstagvormittag des 29.03.2014 nimmt die gesamte Schule am Schulprojekt &#8222;Klasse! Wir singen&#8220; (Liedfest zum H\u00f6ren und Mitsingen) teil.<\/span><\/p>\n<p style=\"text-align: left;\"><span style=\"color: #ffcc00; font-size: medium;\">Vorab \u00fcben Lehrkr\u00e4fte und Kinder sechs Wochen lang gemeinsam im Unterricht einen abwechslungsreichen Liederkanon ein. Die vielf\u00e4ltige Thematik des Liederrepertoires (Spa\u00dflieder, Fremdsprachlichkeit, Umwelt, Integration, Volksliedgut) bereitet den Kindern gro\u00dfe Freude, stellt die ganze Bandbreite unseres Kulturgutes dar und deckt dabei die geforderte kulturhistorische Lerndimension ab.<\/span><\/p>\n<p style=\"text-align: left;\"><span style=\"color: #ffcc00; font-size: medium;\">Der H\u00f6hepunkt wird der gro\u00dfe B\u00fchnenauftritt beim abschlie\u00dfenden Liederfest in der K\u00f6nig-Pilsener-ARENA in Oberhausen am 29.03.2014 sein, an dem die Schule gemeinsam mit anderen Schulen der Umgebung teilnimmt. Ein Moderator, eine 12-k\u00f6pfige Band sowie eine professionelle Ton- und Lichttechnik werden das Fest leiten, begleiten und abrunden.<\/span><\/p>\n<p style=\"text-align: left;\"><span style=\"color: #ffcc00; font-size: medium;\">Das wird ein gro\u00dfartiges Erlebnis f\u00fcr Gro\u00df und Klein, das uns sicherlich lang in Erinnerung bleiben wird.<\/span><span style=\"font-size: medium;\">\u00a0<\/span><\/p>\n<p style=\"text-align: left;\"><span style=\"color: #ff00ff; font-size: medium;\">Unter <span style=\"color: #ff6600;\">&#8222;Kinderwerke\/ Klassenfahrt und Ausfl\u00fcge&#8220;<\/span> findet sich Janas Bericht \u00fcber dieses tolle Erlebnis&#8230;<\/span><\/p>\n<hr \/>\n<h3><span style=\"color: #33cccc; font-size: small;\"><b><span style=\"font-size: x-large;\">&#8222;Walking Bus&#8220;<\/span> <\/b><\/span><\/h3>\n<p><span style=\"color: #99cc00; font-size: medium;\">Es gibt viele Vorteile des &#8222;Zu-Fu\u00df-zur-Schule-Gehens&#8220;: die Selbst\u00e4ndigkeit der Kinder wird gef\u00f6rdert. Sie nehmen ihre Umwelt deutlich besser wahr, bekommen ein Gef\u00fchl f\u00fcr die Gefahren des Stra\u00dfenverkehrs und k\u00f6nnen besser reagieren. Zu Fu\u00df gehende Kinder k\u00f6nnen sich im Unterricht oft besser konzentrieren. Dies liegt einerseits an der frischen Luft, die sie durch den Fu\u00dfweg bekommen, andererseits k\u00f6nnen sie sich beim gemeinsamen Gang zur Schule vorher austauschen. Die t\u00e4gliche k\u00f6rperliche Aktivit\u00e4t steigert auch automatisch die Gesundheit des Kindes. Dar\u00fcber hinaus wird auch der Bringverkehr vor der Schule reduziert.<\/span><\/p>\n<p><span style=\"color: #99cc00; font-size: medium;\">Um den Kindern das zu Fu\u00df gehen zur Schule zu erm\u00f6glichen, ohne dabei elterliche Bedenken haben zu m\u00fcssen, wird seit einiger Zeit einen sog. &#8222;Walking Bus&#8220; organisiert. Das bedeutet, dass sich die Kinder mit einem weitgehend gleichen Schulweg morgens an einem festen Punkt (&#8222;Haltestelle&#8220;) <a href=\"http:\/\/ggs-sunderplatz.de\/wp-content\/uploads\/2013\/11\/walking_bus.jpg\"><span style=\"color: #99cc00;\"><img loading=\"lazy\" decoding=\"async\" class=\"size-medium wp-image-72 alignleft\" src=\"http:\/\/ggs-sunderplatz.de\/wp-content\/uploads\/2013\/11\/walking_bus-300x141.jpg\" alt=\"walking_bus\" width=\"400\" height=\"204\" \/><\/span><\/a>treffen und begleitet von einem Erwachsenen gemeinsam zur Schule laufen.<\/span><\/p>\n<p><span style=\"color: #99cc00; font-size: medium;\">Nat\u00fcrlich braucht der &#8222;Walking Bus&#8220; auch zuverl\u00e4ssige Busfahrer\/Schaffner, also die Eltern der mitlaufenden Kinder, die abwechselnd nach einem festen Plan die Kinder zur Schule begleiten. Einmal pro Woche zu laufen ist sicherlich angenehmer, als jeden Tag zu fahren. Auch wenn wegen anderer Verpflichtungen f\u00fcr die Eltern keine M\u00f6glichkeit bestehen sollte, Schaffnerdienste zu \u00fcbernehmen, k\u00f6nnen die Kinder nat\u00fcrlich am &#8222;Walking Bus&#8220; teilnehmen.<\/span><\/p>\n<p><span style=\"color: #99cc00; font-size: medium;\">Wir w\u00fcrden uns \u00fcber neue Mitfahrer sehr freuen, \u00fcber ein paar zus\u00e4tzliche Schaffner nat\u00fcrlich auch. Bei Interesse &#8211; als Bus- oder Mitfahrer &#8211; melden Sie sich bitte bei der Schulleitung. Dort sind auch die derzeit aktuellen Fahrpl\u00e4ne erh\u00e4ltlich.<\/span><\/p>\n<hr \/>\n<h4><span style=\"color: #33cccc;\">Kinderliteraturtage<\/span> <span style=\"color: #99cc00;\">Hei\u00dfen,<\/span> <span style=\"color: #ff9900;\">Autoren-Lesungen<\/span> <span style=\"color: #33cccc;\">in den\u00a0Klassen 3<\/span> <span style=\"color: #99cc00;\">+ 4 im<\/span> <span style=\"color: #ff9900;\">November 2013<\/span><\/h4>\n<p><span style=\"font-size: x-large;\"><span style=\"color: #ff00ff;\"><span style=\"color: #ff00ff; font-size: large;\"><a href=\"http:\/\/ggs-sunderplatz.de\/wp-content\/uploads\/2013\/11\/DSC_1003.jpg\"><img loading=\"lazy\" decoding=\"async\" class=\"size-medium wp-image-537 alignnone\" src=\"http:\/\/ggs-sunderplatz.de\/wp-content\/uploads\/2013\/11\/DSC_1003-218x300.jpg\" alt=\"DSC_1003\" width=\"163\" height=\"237\" \/><\/a><span style=\"font-size: x-large;\"><span style=\"color: #ff00ff;\"><a href=\"http:\/\/ggs-sunderplatz.de\/wp-content\/uploads\/2013\/11\/DSC_1004.jpg\"><img loading=\"lazy\" decoding=\"async\" class=\"size-medium wp-image-538 alignnone\" src=\"http:\/\/ggs-sunderplatz.de\/wp-content\/uploads\/2013\/11\/DSC_1004-270x300.jpg\" alt=\"DSC_1004\" width=\"155\" height=\"157\" \/><\/a><\/span><\/span><\/span><\/span><\/span><\/p>\n<h4><span style=\"color: #33cccc;\">Joachim \u00a0Friedrich<\/span><\/h4>\n<div><span style=\"color: #99cc00;\">Ich schreibe \u00fcber den Autor Joachim \u00a0Friedrich, weil mir seine B\u00fccher gut\u00a0gefallen.<\/span><\/div>\n<div><span style=\"color: #33cccc;\">Name:<\/span>\u00a0\u00a0\u00a0\u00a0\u00a0\u00a0\u00a0 <span style=\"color: #ff9900;\">Joachim Friedrich<\/span><\/div>\n<div><span style=\"color: #33cccc;\">Geburt:<\/span>\u00a0\u00a0\u00a0\u00a0 \u00a0<span style=\"color: #ff9900;\">11.8.1953 in Oberhausen<\/span><\/div>\n<div><span style=\"color: #33cccc;\">Beruf:<\/span>\u00a0\u00a0\u00a0\u00a0\u00a0\u00a0\u00a0\u00a0 <span style=\"color: #ff9900;\">Deutscher Kinder-und Jugendbuchautor<\/span><\/div>\n<div><span style=\"color: #33cccc;\">Wohnort:<\/span>\u00a0\u00a0 <span style=\"color: #ff9900;\">Bottrop<\/span><\/div>\n<div><span style=\"color: #008080;\">Mit Mitte 30 hat Joachim Friedrich angefangen B\u00fccher zu schreiben.<\/span> <span style=\"color: #33cccc;\">Die B\u00fccher der Reihe der 4 1\/2 Freunde <\/span><span style=\"color: #33cccc;\">erschienen seit 1994.<\/span> <span style=\"color: #00ffff;\">Bei den 4 1\/2 Freunden geht\u00b4s darum, dass 4 Kinder und ein Hund ein Detektivb\u00fcro haben. <\/span><span style=\"color: #ffcc00;\">Leider schaffen sie es nie, einen\u00a0ihrer F\u00e4lle zu l\u00f6sen.<\/span><\/div>\n<div><span style=\"color: #ff00ff;\">(M\u00e4dchen Klasse 4a)\u00a0<\/span><\/div>\n<hr \/>\n<h3><span style=\"color: #99cc00;\">Das<\/span> <span style=\"color: #cc99ff;\">j\u00e4hrliche<\/span> <span style=\"color: #ff9900;\">Kolpingfest<\/span> <span style=\"color: #33cccc;\">auf der <\/span><span style=\"color: #99cc00;\">Heimaterde<\/span><\/h3>\n<p><span style=\"color: #993366; font-size: large;\">Textbeitrag folgt&#8230;<\/span><\/p>\n<p><a href=\"http:\/\/ggs-sunderplatz.de\/wp-content\/uploads\/2013\/11\/DSC_0974.jpg\"><img loading=\"lazy\" decoding=\"async\" class=\"alignnone size-medium wp-image-408\" src=\"http:\/\/ggs-sunderplatz.de\/wp-content\/uploads\/2013\/11\/DSC_0974-300x216.jpg\" alt=\"DSC_0974\" width=\"300\" height=\"216\" srcset=\"https:\/\/ggs-sunderplatz.de\/wp-content\/uploads\/2013\/11\/DSC_0974-300x216.jpg 300w, https:\/\/ggs-sunderplatz.de\/wp-content\/uploads\/2013\/11\/DSC_0974-1024x738.jpg 1024w\" sizes=\"auto, (max-width: 300px) 100vw, 300px\" \/><\/a><a href=\"http:\/\/ggs-sunderplatz.de\/wp-content\/uploads\/2013\/11\/DSC_0970.jpg\"><img loading=\"lazy\" decoding=\"async\" class=\"alignnone size-medium wp-image-407\" src=\"http:\/\/ggs-sunderplatz.de\/wp-content\/uploads\/2013\/11\/DSC_0970-300x216.jpg\" alt=\"DSC_0970\" width=\"300\" height=\"216\" srcset=\"https:\/\/ggs-sunderplatz.de\/wp-content\/uploads\/2013\/11\/DSC_0970-300x216.jpg 300w, https:\/\/ggs-sunderplatz.de\/wp-content\/uploads\/2013\/11\/DSC_0970-1024x738.jpg 1024w\" sizes=\"auto, (max-width: 300px) 100vw, 300px\" \/><\/a><a href=\"http:\/\/ggs-sunderplatz.de\/wp-content\/uploads\/2013\/11\/DSC_0966.jpg\"><img loading=\"lazy\" decoding=\"async\" class=\"alignnone size-medium wp-image-406\" src=\"http:\/\/ggs-sunderplatz.de\/wp-content\/uploads\/2013\/11\/DSC_0966-300x220.jpg\" alt=\"DSC_0966\" width=\"300\" height=\"216\" \/><\/a><a href=\"http:\/\/ggs-sunderplatz.de\/wp-content\/uploads\/2013\/11\/DSC_0978.jpg\"><img loading=\"lazy\" decoding=\"async\" class=\"alignnone size-medium wp-image-409\" src=\"http:\/\/ggs-sunderplatz.de\/wp-content\/uploads\/2013\/11\/DSC_0978-300x265.jpg\" alt=\"DSC_0978\" width=\"300\" height=\"265\" srcset=\"https:\/\/ggs-sunderplatz.de\/wp-content\/uploads\/2013\/11\/DSC_0978-300x265.jpg 300w, https:\/\/ggs-sunderplatz.de\/wp-content\/uploads\/2013\/11\/DSC_0978-1024x907.jpg 1024w\" sizes=\"auto, (max-width: 300px) 100vw, 300px\" \/><\/a><a href=\"http:\/\/ggs-sunderplatz.de\/wp-content\/uploads\/2013\/11\/DSC_0983.jpg\"><img loading=\"lazy\" decoding=\"async\" class=\"alignnone size-medium wp-image-440\" src=\"http:\/\/ggs-sunderplatz.de\/wp-content\/uploads\/2013\/11\/DSC_0983-300x258.jpg\" alt=\"DSC_0983\" width=\"309\" height=\"265\" srcset=\"https:\/\/ggs-sunderplatz.de\/wp-content\/uploads\/2013\/11\/DSC_0983-300x258.jpg 300w, https:\/\/ggs-sunderplatz.de\/wp-content\/uploads\/2013\/11\/DSC_0983-1024x883.jpg 1024w\" sizes=\"auto, (max-width: 309px) 100vw, 309px\" \/><\/a><\/p>\n<hr \/>\n<h3><span style=\"color: #33cccc;\">Lotte\u00b4s <span style=\"color: #99cc00;\">Bewegungs<\/span><span style=\"color: #ff9900;\">pause<\/span><\/span><\/h3>\n<p><span style=\"font-size: x-large;\"><span style=\"color: #33cccc;\">Die tanzende Kuh<\/span> <span style=\"color: #ff00ff; font-size: medium;\"><b><b>(Dina, Klasse\u00a04b)<\/b><\/b><\/span><\/span><\/p>\n<p><span style=\"font-size: large;\"><span style=\"color: #99cc00;\"><span style=\"font-family: Book Antiqua,Book Antiqua;\"><span style=\"font-family: Book Antiqua,Book Antiqua;\">Denkst du, es gibt keine tanzende Kuh? Nein? Nart\u00fcrlich gibt es eine und zwar die \u2018\u2018 Flotte Lotte \u00b4\u00b4! Sie macht uns die Schulmilch. Sie kam mal in meine Schule. Wir hatten sehr viel Spa\u00df. Die Lotte hat sich nicht getraut auf die B\u00fchne zu kommen <\/span><\/span><span lang=\"ZH-TW\" style=\"font-family: Wingdings,Wingdings;\"><span lang=\"ZH-TW\" style=\"font-family: Wingdings,Wingdings;\">\uf04c<\/span><\/span><span style=\"font-family: Book Antiqua,Book Antiqua;\"><span style=\"font-family: Book Antiqua,Book Antiqua;\">! Mit ihrer Lieblingsmusik kam sie dann <\/span><\/span><span lang=\"ZH-TW\" style=\"font-family: Wingdings,Wingdings;\"><span lang=\"ZH-TW\" style=\"font-family: Wingdings,Wingdings;\">\uf04a<\/span><\/span><\/span><span style=\"font-family: Book Antiqua,Book Antiqua;\"><span style=\"font-family: Book Antiqua,Book Antiqua;\"><span style=\"color: #99cc00;\">.<\/span> <span style=\"color: #ff9900;\">Sie musste NRW (Nordrhein-Westfalen) richtig zuordnen, denn am Anfang stand: WNR. Das w\u00fcrde dann hei\u00dfen: will nicht rechnen <\/span><\/span><\/span><span lang=\"ZH-TW\" style=\"color: #ff9900; font-family: Wingdings,Wingdings;\"><span lang=\"ZH-TW\" style=\"font-family: Wingdings,Wingdings;\">\uf04a<\/span><\/span><span style=\"font-family: Book Antiqua,Book Antiqua;\"><span style=\"font-family: Book Antiqua,Book Antiqua;\"><span style=\"color: #ff9900;\">. Als zweites haben wir Bewegungs\u00fcbungen gemacht zu Lotte\u00b4s Lieblingsmusik.<\/span> <span style=\"color: #33cccc;\">Als n\u00e4chstes haben wir 1,2 oder 3 gespielt. Es wurden f\u00fcr das Spiel Kinder aus dem Publikum gefragt. Wenn man eine Antwort richtig hatte, bekam man einen Strohhalm,\u00a0und wer\u00a0am Ende die meisten Strohhalme hat, der hat gewonnen. Es konnten leider nicht alle bei 1,2 oder 3 mitspielen, deswegen konnten alle PSY Ganganam Style tanzen.<\/span> <span style=\"color: #ff0000;\">Nun als letztes haben alle eine Milch bekommen von unserer netten flotten Lotte <\/span><\/span><\/span><span lang=\"ZH-TW\" style=\"color: #ff0000; font-family: Wingdings,Wingdings;\"><span lang=\"ZH-TW\" style=\"font-family: Wingdings,Wingdings;\">\uf04a<\/span><\/span><span style=\"font-family: Book Antiqua,Book Antiqua;\"><span style=\"font-family: Book Antiqua,Book Antiqua;\"><span style=\"color: #ff0000;\">.<\/span> <\/span><\/span><\/span><\/p>\n<h3><span style=\"font-size: large;\"><span style=\"font-family: Book Antiqua,Book Antiqua;\"><span style=\"font-family: Book Antiqua,Book Antiqua;\"><span style=\"color: #33cccc;\">Das ist<\/span> <span style=\"color: #ffff00;\">Lottes<\/span> <span style=\"color: #99cc00;\">Steckbrief:<\/span> <\/span><\/span><\/span><\/h3>\n<p><span style=\"color: #99cc00;\">Name :<\/span><span style=\"color: #33cccc;\"> Lotte<\/span><\/p>\n<p><span style=\"color: #99cc00;\">Alter :<\/span> <span style=\"color: #33cccc;\">2 \u00bd<\/span><\/p>\n<p><span style=\"color: #99cc00;\">Wohnort:<\/span> <span style=\"color: #33cccc;\">Bauernhof<\/span><\/p>\n<p><span style=\"color: #99cc00;\">Hobbys:<\/span> <span style=\"color: #33cccc;\">Meinen Bauern \u00e4rgern , Kuhfladenh\u00fcpfen und im Internet surfen<\/span><\/p>\n<p><span style=\"color: #99cc00;\">Lieblingsfarbe:<\/span> <span style=\"color: #33cccc;\">Orange<\/span><\/p>\n<p><span style=\"color: #99cc00;\">Lieblingstier:<\/span><span style=\"color: #33cccc;\"> Kuh<\/span><\/p>\n<p><span style=\"color: #99cc00;\">Lieblingsessen :<\/span> <span style=\"color: #33cccc;\">Gras<\/span><\/p>\n<p><span style=\"color: #99cc00;\">Lieblingslied :<\/span> <span style=\"color: #33cccc;\">Schulmilch Song<\/span><\/p>\n<p><span style=\"color: #99cc00;\">Mein Motto :<\/span> <span style=\"color: #33cccc;\">Milch kann mehr !<\/span><\/p>\n<p><span style=\"color: #cc99ff; font-size: medium;\"><span style=\"color: #99cc00;\">Wer noch mehr \u00fcber Lotte wissen m\u00f6chte, kann diesen <span style=\"color: #33cccc;\"><a href=\"http:\/\/www.milch-kann-mehr.de\" target=\"_blank\" rel=\"noopener noreferrer\"><span style=\"color: #33cccc;\"><strong>Link<\/strong> <\/span><\/a><\/span>anklicken&#8230;<\/span><\/span><\/p>\n<p><a href=\"http:\/\/ggs-sunderplatz.de\/wp-content\/uploads\/2013\/11\/IMG_4112.jpg\"><img loading=\"lazy\" decoding=\"async\" class=\"alignnone size-medium wp-image-444\" src=\"http:\/\/ggs-sunderplatz.de\/wp-content\/uploads\/2013\/11\/IMG_4112-201x300.jpg\" alt=\"IMG_4112\" width=\"201\" height=\"300\" srcset=\"https:\/\/ggs-sunderplatz.de\/wp-content\/uploads\/2013\/11\/IMG_4112-201x300.jpg 201w, https:\/\/ggs-sunderplatz.de\/wp-content\/uploads\/2013\/11\/IMG_4112-689x1024.jpg 689w, https:\/\/ggs-sunderplatz.de\/wp-content\/uploads\/2013\/11\/IMG_4112.jpg 1169w\" sizes=\"auto, (max-width: 201px) 100vw, 201px\" \/><\/a> <a href=\"http:\/\/ggs-sunderplatz.de\/wp-content\/uploads\/2013\/11\/IMG_4102.jpg\"><img loading=\"lazy\" decoding=\"async\" class=\"alignnone size-medium wp-image-443\" src=\"http:\/\/ggs-sunderplatz.de\/wp-content\/uploads\/2013\/11\/IMG_4102-148x300.jpg\" alt=\"IMG_4102\" width=\"148\" height=\"300\" \/><\/a> <a href=\"http:\/\/ggs-sunderplatz.de\/wp-content\/uploads\/2013\/11\/IMG_4075.jpg\"><img loading=\"lazy\" decoding=\"async\" class=\"alignnone size-medium wp-image-442\" src=\"http:\/\/ggs-sunderplatz.de\/wp-content\/uploads\/2013\/11\/IMG_4075-249x300.jpg\" alt=\"IMG_4075\" width=\"249\" height=\"300\" srcset=\"https:\/\/ggs-sunderplatz.de\/wp-content\/uploads\/2013\/11\/IMG_4075-249x300.jpg 249w, https:\/\/ggs-sunderplatz.de\/wp-content\/uploads\/2013\/11\/IMG_4075.jpg 811w\" sizes=\"auto, (max-width: 249px) 100vw, 249px\" \/><\/a> <a href=\"http:\/\/ggs-sunderplatz.de\/wp-content\/uploads\/2013\/11\/IMG_4054.jpg\"><img loading=\"lazy\" decoding=\"async\" class=\"alignnone size-medium wp-image-441\" src=\"http:\/\/ggs-sunderplatz.de\/wp-content\/uploads\/2013\/11\/IMG_4054-217x300.jpg\" alt=\"IMG_4054\" width=\"217\" height=\"300\" srcset=\"https:\/\/ggs-sunderplatz.de\/wp-content\/uploads\/2013\/11\/IMG_4054-217x300.jpg 217w, https:\/\/ggs-sunderplatz.de\/wp-content\/uploads\/2013\/11\/IMG_4054-743x1024.jpg 743w, https:\/\/ggs-sunderplatz.de\/wp-content\/uploads\/2013\/11\/IMG_4054.jpg 891w\" sizes=\"auto, (max-width: 217px) 100vw, 217px\" \/><\/a><\/p>\n<p><a href=\"http:\/\/ggs-sunderplatz.de\/wp-content\/uploads\/2013\/11\/DSC_0973.jpg\"><img loading=\"lazy\" decoding=\"async\" class=\"size-medium wp-image-412 alignleft\" src=\"http:\/\/ggs-sunderplatz.de\/wp-content\/uploads\/2013\/11\/DSC_0973-218x300.jpg\" alt=\"DSC_0973\" width=\"218\" height=\"300\" srcset=\"https:\/\/ggs-sunderplatz.de\/wp-content\/uploads\/2013\/11\/DSC_0973-218x300.jpg 218w, https:\/\/ggs-sunderplatz.de\/wp-content\/uploads\/2013\/11\/DSC_0973-744x1024.jpg 744w, https:\/\/ggs-sunderplatz.de\/wp-content\/uploads\/2013\/11\/DSC_0973.jpg 1793w\" sizes=\"auto, (max-width: 218px) 100vw, 218px\" \/><\/a><a href=\"http:\/\/ggs-sunderplatz.de\/wp-content\/uploads\/2013\/11\/IMG-20131112-WA0000.jpg\"><img loading=\"lazy\" decoding=\"async\" class=\"size-medium wp-image-410 alignleft\" src=\"http:\/\/ggs-sunderplatz.de\/wp-content\/uploads\/2013\/11\/IMG-20131112-WA0000-300x254.jpg\" alt=\"IMG-20131112-WA0000\" width=\"306\" height=\"263\" \/><\/a><\/p>","protected":false},"excerpt":{"rendered":"<p>Was tun, wenn Ihr Kind erkrankt ist? Diese \u00dcbersicht kann Ihnen helfen: Erkrankung Kind Schaubild Liebe Eltern, hier\u00a0erhalten Sie Informationen der Stadt M\u00fclheim \u00fcber Kinder-Impfungen gegen COVID19. Liebe Eltern, hier erhalten Sie n\u00fctzliche Informationen der Landesanstalt f\u00fcr Medien NRW zum Thema &#8222;Mediennutzung in der Familie&#8220;: Mediennutzung_in_der_Familie_2021\u00a0 \u00a0 \u00a0 \u00a0 \u00a0 \u00a0 \u00a0 Medienkompetenzbericht_2020_2021\u00a0 \u00a0 \u00a0 [&hellip;]<\/p>\n","protected":false},"author":1,"featured_media":0,"parent":0,"menu_order":12,"comment_status":"closed","ping_status":"closed","template":"","meta":{"footnotes":""},"class_list":["post-135","page","type-page","status-publish","hentry"],"_links":{"self":[{"href":"https:\/\/ggs-sunderplatz.de\/index.php?rest_route=\/wp\/v2\/pages\/135","targetHints":{"allow":["GET"]}}],"collection":[{"href":"https:\/\/ggs-sunderplatz.de\/index.php?rest_route=\/wp\/v2\/pages"}],"about":[{"href":"https:\/\/ggs-sunderplatz.de\/index.php?rest_route=\/wp\/v2\/types\/page"}],"author":[{"embeddable":true,"href":"https:\/\/ggs-sunderplatz.de\/index.php?rest_route=\/wp\/v2\/users\/1"}],"replies":[{"embeddable":true,"href":"https:\/\/ggs-sunderplatz.de\/index.php?rest_route=%2Fwp%2Fv2%2Fcomments&post=135"}],"version-history":[{"count":54,"href":"https:\/\/ggs-sunderplatz.de\/index.php?rest_route=\/wp\/v2\/pages\/135\/revisions"}],"predecessor-version":[{"id":8573,"href":"https:\/\/ggs-sunderplatz.de\/index.php?rest_route=\/wp\/v2\/pages\/135\/revisions\/8573"}],"wp:attachment":[{"href":"https:\/\/ggs-sunderplatz.de\/index.php?rest_route=%2Fwp%2Fv2%2Fmedia&parent=135"}],"curies":[{"name":"wp","href":"https:\/\/api.w.org\/{rel}","templated":true}]}}