{"id":9291,"date":"2023-08-03T16:21:27","date_gmt":"2023-08-03T16:21:27","guid":{"rendered":"http:\/\/ggs-sunderplatz.de\/?page_id=9291"},"modified":"2023-08-03T16:23:04","modified_gmt":"2023-08-03T16:23:04","slug":"sport-spektakel-am-sunderplatz","status":"publish","type":"page","link":"http:\/\/ggs-sunderplatz.de\/?page_id=9291","title":{"rendered":"Sport-Spektakel am Sunderplatz"},"content":{"rendered":"\n<p class=\"has-white-color has-vivid-cyan-blue-background-color has-text-color has-background has-medium-font-size\">10.05.2023: Sport-Spektakel am Sunderplatz&nbsp; &nbsp; &nbsp; &nbsp; &nbsp; &nbsp; &nbsp; &nbsp; &nbsp; &nbsp; &nbsp; &nbsp; &nbsp; &nbsp; &nbsp; &nbsp; &nbsp; &nbsp; &nbsp; &nbsp; &nbsp; &nbsp; &nbsp; &nbsp; &nbsp; &nbsp; &nbsp; &nbsp; &nbsp; &nbsp; &nbsp; &nbsp; &nbsp; &nbsp; &nbsp; &nbsp; &nbsp; &nbsp; &nbsp; &nbsp; &nbsp; &nbsp; &nbsp; &nbsp; &nbsp; &nbsp; &nbsp; Heute haben alle Sunderpl\u00e4tzchen mit gro\u00dfem Erfolg und viel Freude am Sport-Spektakel teilgenommen. An 11 Stationen wurde um die Wette gelaufen, gefahren, gebaut, geworfen, transportiert, geklettert&#8230; Alle Teilnehmenden hatten riesigen Spa\u00df. Ein gro\u00dfes Dankesch\u00f6n geht an die Sporthelfer des Gymnasiums Hei\u00dfen, die als Schiedsrichter vor Ort waren. \ud83d\ude09 <a href=\"http:\/\/ggs-sunderplatz.de\/wp-content\/uploads\/2023\/05\/1a1afd24-f56d-4995-975d-0f2f7d4597a7.jpg\"><img loading=\"lazy\" decoding=\"async\" class=\"alignnone  wp-image-9236\" src=\"http:\/\/ggs-sunderplatz.de\/wp-content\/uploads\/2023\/05\/1a1afd24-f56d-4995-975d-0f2f7d4597a7-300x135.jpg\" alt=\"\" width=\"342\" height=\"154\" srcset=\"http:\/\/ggs-sunderplatz.de\/wp-content\/uploads\/2023\/05\/1a1afd24-f56d-4995-975d-0f2f7d4597a7-300x135.jpg 300w, http:\/\/ggs-sunderplatz.de\/wp-content\/uploads\/2023\/05\/1a1afd24-f56d-4995-975d-0f2f7d4597a7-1024x461.jpg 1024w, http:\/\/ggs-sunderplatz.de\/wp-content\/uploads\/2023\/05\/1a1afd24-f56d-4995-975d-0f2f7d4597a7-768x346.jpg 768w, http:\/\/ggs-sunderplatz.de\/wp-content\/uploads\/2023\/05\/1a1afd24-f56d-4995-975d-0f2f7d4597a7-1536x691.jpg 1536w, http:\/\/ggs-sunderplatz.de\/wp-content\/uploads\/2023\/05\/1a1afd24-f56d-4995-975d-0f2f7d4597a7.jpg 2000w\" sizes=\"auto, (max-width: 342px) 100vw, 342px\" \/><\/a>&nbsp; &nbsp; &nbsp; &nbsp; &nbsp; &nbsp; &nbsp; &nbsp; &nbsp; &nbsp; &nbsp; &nbsp; &nbsp; &nbsp; &nbsp; &nbsp; <a href=\"http:\/\/ggs-sunderplatz.de\/wp-content\/uploads\/2023\/05\/IMG_4162-scaled.jpg\"><img loading=\"lazy\" decoding=\"async\" class=\"alignnone size-medium wp-image-9237\" src=\"http:\/\/ggs-sunderplatz.de\/wp-content\/uploads\/2023\/05\/IMG_4162-300x247.jpg\" alt=\"\" width=\"300\" height=\"247\" srcset=\"http:\/\/ggs-sunderplatz.de\/wp-content\/uploads\/2023\/05\/IMG_4162-300x247.jpg 300w, http:\/\/ggs-sunderplatz.de\/wp-content\/uploads\/2023\/05\/IMG_4162-1024x842.jpg 1024w, http:\/\/ggs-sunderplatz.de\/wp-content\/uploads\/2023\/05\/IMG_4162-768x632.jpg 768w, http:\/\/ggs-sunderplatz.de\/wp-content\/uploads\/2023\/05\/IMG_4162-1536x1263.jpg 1536w, http:\/\/ggs-sunderplatz.de\/wp-content\/uploads\/2023\/05\/IMG_4162-2048x1684.jpg 2048w\" sizes=\"auto, (max-width: 300px) 100vw, 300px\" \/><\/a><\/p>\n","protected":false},"excerpt":{"rendered":"<p>10.05.2023: Sport-Spektakel am Sunderplatz&nbsp; &nbsp; &nbsp; &nbsp; &nbsp; &nbsp; &nbsp; &nbsp; &nbsp; &nbsp; &nbsp; &nbsp; &nbsp; &nbsp; &nbsp; &nbsp; &nbsp; &nbsp; &nbsp; &nbsp; &nbsp; &nbsp; &nbsp; &nbsp; &nbsp; &nbsp; &nbsp; &nbsp; &nbsp; &nbsp; &nbsp; &nbsp; &nbsp; &nbsp; &nbsp; &nbsp; &nbsp; &nbsp; &nbsp; &nbsp; &nbsp; &nbsp; &nbsp; &nbsp; &nbsp; &nbsp; &nbsp; Heute haben alle Sunderpl\u00e4tzchen mit [&hellip;]<\/p>\n","protected":false},"author":1,"featured_media":0,"parent":247,"menu_order":0,"comment_status":"closed","ping_status":"closed","template":"","meta":{"footnotes":""},"class_list":["post-9291","page","type-page","status-publish","hentry"],"_links":{"self":[{"href":"http:\/\/ggs-sunderplatz.de\/index.php?rest_route=\/wp\/v2\/pages\/9291","targetHints":{"allow":["GET"]}}],"collection":[{"href":"http:\/\/ggs-sunderplatz.de\/index.php?rest_route=\/wp\/v2\/pages"}],"about":[{"href":"http:\/\/ggs-sunderplatz.de\/index.php?rest_route=\/wp\/v2\/types\/page"}],"author":[{"embeddable":true,"href":"http:\/\/ggs-sunderplatz.de\/index.php?rest_route=\/wp\/v2\/users\/1"}],"replies":[{"embeddable":true,"href":"http:\/\/ggs-sunderplatz.de\/index.php?rest_route=%2Fwp%2Fv2%2Fcomments&post=9291"}],"version-history":[{"count":2,"href":"http:\/\/ggs-sunderplatz.de\/index.php?rest_route=\/wp\/v2\/pages\/9291\/revisions"}],"predecessor-version":[{"id":9294,"href":"http:\/\/ggs-sunderplatz.de\/index.php?rest_route=\/wp\/v2\/pages\/9291\/revisions\/9294"}],"up":[{"embeddable":true,"href":"http:\/\/ggs-sunderplatz.de\/index.php?rest_route=\/wp\/v2\/pages\/247"}],"wp:attachment":[{"href":"http:\/\/ggs-sunderplatz.de\/index.php?rest_route=%2Fwp%2Fv2%2Fmedia&parent=9291"}],"curies":[{"name":"wp","href":"https:\/\/api.w.org\/{rel}","templated":true}]}}