{"id":7494,"date":"2020-11-17T05:40:10","date_gmt":"2020-11-17T05:40:10","guid":{"rendered":"http:\/\/ggs-sunderplatz.de\/?page_id=7494"},"modified":"2026-02-16T12:34:46","modified_gmt":"2026-02-16T12:34:46","slug":"foerderverein-2","status":"publish","type":"page","link":"http:\/\/ggs-sunderplatz.de\/?page_id=7494","title":{"rendered":"F\u00f6rderverein"},"content":{"rendered":"<div class=\"wp-block-image is-style-rounded\">\n<figure class=\"alignright size-medium is-resized\"><img loading=\"lazy\" decoding=\"async\" width=\"300\" height=\"225\" src=\"http:\/\/ggs-sunderplatz.de\/wp-content\/uploads\/2019\/11\/IMG_0450-300x225.jpg\" alt=\"\" class=\"wp-image-6165\" style=\"width:219px;height:165px\" srcset=\"http:\/\/ggs-sunderplatz.de\/wp-content\/uploads\/2019\/11\/IMG_0450-300x225.jpg 300w, http:\/\/ggs-sunderplatz.de\/wp-content\/uploads\/2019\/11\/IMG_0450-768x576.jpg 768w, http:\/\/ggs-sunderplatz.de\/wp-content\/uploads\/2019\/11\/IMG_0450-1024x768.jpg 1024w\" sizes=\"auto, (max-width: 300px) 100vw, 300px\" \/><\/figure>\n<\/div>\n\n\n<p class=\"has-very-light-gray-color has-vivid-red-background-color has-text-color has-background\">Die n\u00e4chste Jahreshauptversammlung\u00a0ist am Donnerstag, 08.10.2026 um 19 Uhr.<\/p>\n\n\n\n<p class=\"has-white-color has-vivid-green-cyan-background-color has-text-color has-background has-link-color\" style=\"font-size: 20px;\">Wir, der F\u00f6rderverein der Grundschule, setzen uns seit 1995 aktiv f\u00fcr die Gestaltung und Verbesserung des Schulalltags unserer Kinder ein. Mit Ihrer Unterst\u00fctzung k\u00f6nnen wir viele wichtige Projekte realisieren, die den Lern- und Spielspa\u00df unserer Sch\u00fcler f\u00f6rdern. Der Jahresbeitrag betr\u00e4gt 15,-EUR pro Familie (Beitrittsformular s.u.). Die Mitgliedschaft endet automatisch mit der Grundschulzeit des entsprechenden Kindes. Weitere Informationen finden Sie auch <span style=\"color: #ffffff; background-color: #339966;\">&nbsp;<a style=\"color: #ffffff; background-color: #339966;\" href=\"http:\/\/ggs-sunderplatz.de\/wp-content\/uploads\/2024\/10\/ggs-sunderplatz_foerderverein_flyer.pdf\">in unserem Flyer.<\/a><\/span> &nbsp;<\/p>\n\n\n\n<div class=\"wp-block-group has-white-color has-vivid-purple-background-color has-text-color has-background has-link-color wp-elements-c543fd66f0bf55e6e95c032c06619303\" style=\"font-size:20px\"><div class=\"wp-block-group__inner-container is-layout-constrained wp-block-group-is-layout-constrained\">\n<p><strong>Unsere Projekte:<\/strong><\/p>\n\n\n\n<ol start=\"1\" class=\"wp-block-list\">\n<li><strong>Spielger\u00e4te f\u00fcr den Schulhof:&nbsp;<\/strong>Neue Spielger\u00e4te bringen Bewegung und Freude auf den Schulhof.<\/li>\n\n\n\n<li><strong>Zus\u00e4tzliche Lernmaterialien:&nbsp;<\/strong>Wir finanzieren spannende und abwechslungsreiche Lernmaterialien.<\/li>\n\n\n\n<li><strong>Digitale Apps:&nbsp;<\/strong>Unterst\u00fctzung der Schule bei der Finanzierung p\u00e4dagogisch wertvoller Apps und digitaler Lernmittel.<\/li>\n\n\n\n<li><strong>Klassenfahrten:&nbsp;<\/strong>Bei Bedarf tragen wir zur Finanzierung von Klassenfahrten bei.<\/li>\n\n\n\n<li><strong>Verpflegung f\u00fcr Schulfeste:&nbsp;<\/strong>Ob Kuchen, Waffeln oder W\u00fcrstchen \u2013 wir sorgen f\u00fcr das leibliche Wohl bei Schulfesten.<\/li>\n<\/ol>\n<\/div><\/div>\n\n\n\n<div class=\"wp-block-group has-white-color has-vivid-cyan-blue-background-color has-text-color has-background has-link-color wp-elements-7ddd8039774de27f8a5888a263bddda9\" style=\"font-size:20px\"><div class=\"wp-block-group__inner-container is-layout-constrained wp-block-group-is-layout-constrained\">\n<p><strong>Werden Sie Mitglied im F\u00f6rderverein!<\/strong><\/p>\n\n\n\n<p><strong><em>Ihre Mithilfe \u2013 ob als aktives Mitglied oder durch Spenden \u2013 ist von unsch\u00e4tzbarem Wert. Gemeinsam k\u00f6nnen wir Gro\u00dfes bewegen und unseren Kindern eine noch sch\u00f6nere und lehrreichere Schulzeit erm\u00f6glichen.<\/em><\/strong><\/p>\n<\/div><\/div>\n\n\n\n<p class=\"has-very-light-gray-color has-text-color has-background\" style=\"background-color: #0881c7;\"><strong>Beitritt<\/strong>&nbsp; &nbsp; &nbsp; &nbsp; &nbsp; &nbsp; &nbsp; &nbsp; &nbsp; &nbsp; &nbsp; &nbsp; &nbsp; &nbsp; &nbsp; &nbsp; &nbsp; &nbsp; &nbsp; &nbsp; &nbsp; &nbsp; &nbsp; &nbsp; &nbsp; &nbsp; &nbsp; &nbsp; &nbsp; &nbsp; &nbsp; &nbsp; &nbsp; &nbsp; &nbsp; &nbsp; &nbsp; &nbsp; &nbsp; &nbsp; &nbsp; &nbsp; &nbsp; &nbsp; &nbsp; &nbsp; &nbsp; &nbsp; &nbsp; &nbsp; &nbsp; &nbsp; &nbsp; &nbsp; &nbsp; &nbsp; &nbsp; &nbsp; &nbsp; &nbsp; &nbsp; &nbsp; &nbsp; &nbsp; &nbsp; &nbsp; &nbsp; Eine Beitrittserkl\u00e4rung<span style=\"color: #ffffff; background-color: #000080;\"> <a style=\"color: #ffffff; background-color: #000080;\" href=\"http:\/\/ggs-sunderplatz.de\/wp-content\/uploads\/2021\/11\/FlyerFV_Beitrittserklaerung2020.pdf\">Beitrittserkl\u00e4rung<\/a><\/span> steht zum Download bereit. \ud83d\ude42<\/p>\n\n\n\n<p class=\"has-very-light-gray-color has-text-color has-background\" style=\"background-color:#074de3\"><strong>Bankverbindung<\/strong>. Der IBAN des F\u00f6rdervereins lautet: DE85 3625 0000 0359 7556&nbsp; 60                       oder per <strong>Paypal<\/strong> an foerderverein-ggssunderplatz@web.de<\/p>\n\n\n\n<p class=\"has-very-light-gray-color has-luminous-vivid-amber-background-color has-text-color has-background\"><strong><u>Vorstandsmitglieder:<\/u><\/strong> Nuray Mertol (1. Vorsitzende) Nina Hoppe (2. Vorsitzende) Sonja Willems (Kassenwartin) Eva Wittlake (Schriftf\u00fchrerin)<\/p>\n\n\n\n<p class=\"has-very-light-gray-color has-text-color has-background\" style=\"background-color:#00d108\">Sie erreichen uns per Mail unter: <span style=\"color:#cf2e2e\" class=\"tadv-color\"><span style=\"background-color:#fcb900\" class=\"tadv-background-color\"><a href=\"mailto:Foerderverein-GGSSunderplatz@web.de\">Foerderverein-GGSSunderplatz@web.de<\/a>.<\/span><\/span><\/p>\n\n\n<div class=\"wp-block-image is-style-default\">\n<figure class=\"alignright size-medium is-resized\"><img loading=\"lazy\" decoding=\"async\" width=\"300\" height=\"200\" src=\"http:\/\/ggs-sunderplatz.de\/wp-content\/uploads\/2014\/06\/T-Shirts-2-300x200.jpeg\" alt=\"\" class=\"wp-image-1523\" style=\"width:178px;height:118px\" srcset=\"http:\/\/ggs-sunderplatz.de\/wp-content\/uploads\/2014\/06\/T-Shirts-2-300x200.jpeg 300w, http:\/\/ggs-sunderplatz.de\/wp-content\/uploads\/2014\/06\/T-Shirts-2-1024x684.jpeg 1024w, http:\/\/ggs-sunderplatz.de\/wp-content\/uploads\/2014\/06\/T-Shirts-2.jpeg 1280w\" sizes=\"auto, (max-width: 300px) 100vw, 300px\" \/><\/figure>\n<\/div>\n\n\n<p class=\"has-black-color has-pale-cyan-blue-background-color has-text-color has-background\"><span style=\"color: #000000;\"><strong><span class=\"tadv-color\"><span class=\"tadv-background-color\">T-Shirts und Sunderplatz-Cappy<\/span><\/span><\/strong><\/span><\/p>\n\n\n<div class=\"wp-block-image is-style-default\">\n<figure class=\"alignleft size-medium is-resized\"><img loading=\"lazy\" decoding=\"async\" width=\"300\" height=\"184\" src=\"http:\/\/ggs-sunderplatz.de\/wp-content\/uploads\/2014\/06\/T-Shirts-1-300x184.jpeg\" alt=\"\" class=\"wp-image-1522\" style=\"width:193px;height:119px\" srcset=\"http:\/\/ggs-sunderplatz.de\/wp-content\/uploads\/2014\/06\/T-Shirts-1-300x184.jpeg 300w, http:\/\/ggs-sunderplatz.de\/wp-content\/uploads\/2014\/06\/T-Shirts-1-1024x630.jpeg 1024w, http:\/\/ggs-sunderplatz.de\/wp-content\/uploads\/2014\/06\/T-Shirts-1.jpeg 1280w\" sizes=\"auto, (max-width: 300px) 100vw, 300px\" \/><\/figure>\n<\/div>\n\n\n<p class=\"has-background\" style=\"background-color:#73c4f6\"><strong>T-Shirts: <\/strong>\u00dcber den F\u00f6rderverein k\u00f6nnen Sie T-Shirts in diversen Farben&nbsp;mit dem Logo der GGS Sunderplatz in den Gr\u00f6\u00dfen XS bis M f\u00fcr 10,00 Euro erwerben.                                                                                                                   <\/p>\n\n\n<div class=\"wp-block-image is-style-rounded\">\n<figure class=\"alignright size-medium is-resized\"><img loading=\"lazy\" decoding=\"async\" width=\"211\" height=\"300\" src=\"http:\/\/ggs-sunderplatz.de\/wp-content\/uploads\/2020\/10\/img_3353-e1602603127804-211x300.png\" alt=\"\" class=\"wp-image-7267\" style=\"width:113px;height:161px\" srcset=\"http:\/\/ggs-sunderplatz.de\/wp-content\/uploads\/2020\/10\/img_3353-e1602603127804-211x300.png 211w, http:\/\/ggs-sunderplatz.de\/wp-content\/uploads\/2020\/10\/img_3353-e1602603127804.png 490w\" sizes=\"auto, (max-width: 211px) 100vw, 211px\" \/><\/figure>\n<\/div>\n\n\n<p class=\"has-background\" style=\"background-color:#73c4f6\"><strong>Cappy: <\/strong>Caps mit dem Schullogo gibt es in den&nbsp;Farben blau &amp; rosa f\u00fcr 8,00 Euro.<\/p>\n\n\n\n<p><\/p>\n\n\n\n\n\n<p class=\"has-very-light-gray-color has-vivid-red-background-color has-text-color has-background\"><strong>Mit Hilfe der Beitr\u00e4ge haben wir bisher viel erreicht (Siehe Fotogalerie &#8222;<a href=\"http:\/\/ggs-sunderplatz.de\/?page_id=247\">Unsere Schule<\/a>&#8222;):<\/strong><\/p>\n\n\n\n<p class=\"has-very-light-gray-color has-luminous-vivid-orange-background-color has-text-color has-background\">Zirkusprojekt 2019, runde Tischtennisplatte f\u00fcr den Schulhof, ein Kicker f\u00fcr den Schulhof,&nbsp;ein Balance-Schlange, Tisch zum Schachspielen, Basketballkorb, Blockhaus, Kletteranlage, Schwebebalken, Reckstangen, Musikinstrumente, Trikots, zwei mobile Back\u00f6fen, Spiele (F\u00fcllmaterial f\u00fcr den Nikolaussack), und wir planen weiter&#8230; <\/p>\n\n\n\n<figure class=\"wp-block-gallery has-nested-images columns-4 is-cropped wp-block-gallery-1 is-layout-flex wp-block-gallery-is-layout-flex\">\n<figure class=\"wp-block-image size-medium\"><img loading=\"lazy\" decoding=\"async\" width=\"300\" height=\"196\" data-id=\"5517\" src=\"http:\/\/ggs-sunderplatz.de\/wp-content\/uploads\/2019\/03\/RMDP8595-300x196.jpg\" alt=\"\" class=\"wp-image-5517\" srcset=\"http:\/\/ggs-sunderplatz.de\/wp-content\/uploads\/2019\/03\/RMDP8595-300x196.jpg 300w, http:\/\/ggs-sunderplatz.de\/wp-content\/uploads\/2019\/03\/RMDP8595.jpg 1024w\" sizes=\"auto, (max-width: 300px) 100vw, 300px\" \/><\/figure>\n\n\n\n<figure class=\"wp-block-image size-medium\"><img loading=\"lazy\" decoding=\"async\" width=\"300\" height=\"200\" data-id=\"5513\" src=\"http:\/\/ggs-sunderplatz.de\/wp-content\/uploads\/2019\/03\/IMG_9418-300x200.jpg\" alt=\"\" class=\"wp-image-5513\" srcset=\"http:\/\/ggs-sunderplatz.de\/wp-content\/uploads\/2019\/03\/IMG_9418-300x200.jpg 300w, http:\/\/ggs-sunderplatz.de\/wp-content\/uploads\/2019\/03\/IMG_9418.jpg 1024w\" sizes=\"auto, (max-width: 300px) 100vw, 300px\" \/><\/figure>\n\n\n\n<figure class=\"wp-block-image size-medium\"><img loading=\"lazy\" decoding=\"async\" width=\"300\" height=\"225\" data-id=\"256\" src=\"http:\/\/ggs-sunderplatz.de\/wp-content\/uploads\/2013\/11\/IMG_4450-300x225.jpg\" alt=\"\" class=\"wp-image-256\" srcset=\"http:\/\/ggs-sunderplatz.de\/wp-content\/uploads\/2013\/11\/IMG_4450-300x225.jpg 300w, http:\/\/ggs-sunderplatz.de\/wp-content\/uploads\/2013\/11\/IMG_4450.jpg 768w\" sizes=\"auto, (max-width: 300px) 100vw, 300px\" \/><\/figure>\n\n\n\n<figure class=\"wp-block-image size-medium\"><img loading=\"lazy\" decoding=\"async\" width=\"300\" height=\"225\" data-id=\"254\" src=\"http:\/\/ggs-sunderplatz.de\/wp-content\/uploads\/2013\/11\/IMG_4445-300x225.jpg\" alt=\"\" class=\"wp-image-254\" srcset=\"http:\/\/ggs-sunderplatz.de\/wp-content\/uploads\/2013\/11\/IMG_4445-300x225.jpg 300w, http:\/\/ggs-sunderplatz.de\/wp-content\/uploads\/2013\/11\/IMG_4445-1024x768.jpg 1024w, http:\/\/ggs-sunderplatz.de\/wp-content\/uploads\/2013\/11\/IMG_4445.jpg 1536w\" sizes=\"auto, (max-width: 300px) 100vw, 300px\" \/><\/figure>\n\n\n\n<figure class=\"wp-block-image size-medium\"><img loading=\"lazy\" decoding=\"async\" width=\"300\" height=\"225\" data-id=\"253\" src=\"http:\/\/ggs-sunderplatz.de\/wp-content\/uploads\/2013\/11\/IMG_4398-300x225.jpg\" alt=\"\" class=\"wp-image-253\" srcset=\"http:\/\/ggs-sunderplatz.de\/wp-content\/uploads\/2013\/11\/IMG_4398-300x225.jpg 300w, http:\/\/ggs-sunderplatz.de\/wp-content\/uploads\/2013\/11\/IMG_4398-1024x768.jpg 1024w, http:\/\/ggs-sunderplatz.de\/wp-content\/uploads\/2013\/11\/IMG_4398.jpg 1536w\" sizes=\"auto, (max-width: 300px) 100vw, 300px\" \/><\/figure>\n\n\n\n<figure class=\"wp-block-image size-medium\"><img loading=\"lazy\" decoding=\"async\" width=\"300\" height=\"216\" data-id=\"252\" src=\"http:\/\/ggs-sunderplatz.de\/wp-content\/uploads\/2013\/11\/IMG_4383-300x216.jpg\" alt=\"\" class=\"wp-image-252\" srcset=\"http:\/\/ggs-sunderplatz.de\/wp-content\/uploads\/2013\/11\/IMG_4383-300x216.jpg 300w, http:\/\/ggs-sunderplatz.de\/wp-content\/uploads\/2013\/11\/IMG_4383.jpg 888w\" sizes=\"auto, (max-width: 300px) 100vw, 300px\" \/><\/figure>\n\n\n\n<figure class=\"wp-block-image size-medium\"><img loading=\"lazy\" decoding=\"async\" width=\"300\" height=\"225\" data-id=\"251\" src=\"http:\/\/ggs-sunderplatz.de\/wp-content\/uploads\/2013\/11\/IMG_4391-300x225.jpg\" alt=\"\" class=\"wp-image-251\" srcset=\"http:\/\/ggs-sunderplatz.de\/wp-content\/uploads\/2013\/11\/IMG_4391-300x225.jpg 300w, http:\/\/ggs-sunderplatz.de\/wp-content\/uploads\/2013\/11\/IMG_4391-1024x768.jpg 1024w, http:\/\/ggs-sunderplatz.de\/wp-content\/uploads\/2013\/11\/IMG_4391.jpg 1536w\" sizes=\"auto, (max-width: 300px) 100vw, 300px\" \/><\/figure>\n\n\n\n<figure class=\"wp-block-image size-medium\"><img loading=\"lazy\" decoding=\"async\" width=\"300\" height=\"225\" data-id=\"250\" src=\"http:\/\/ggs-sunderplatz.de\/wp-content\/uploads\/2013\/11\/IMG_4404-300x225.jpg\" alt=\"\" class=\"wp-image-250\" srcset=\"http:\/\/ggs-sunderplatz.de\/wp-content\/uploads\/2013\/11\/IMG_4404-300x225.jpg 300w, http:\/\/ggs-sunderplatz.de\/wp-content\/uploads\/2013\/11\/IMG_4404-1024x768.jpg 1024w, http:\/\/ggs-sunderplatz.de\/wp-content\/uploads\/2013\/11\/IMG_4404.jpg 1536w\" sizes=\"auto, (max-width: 300px) 100vw, 300px\" \/><\/figure>\n\n\n\n<figure class=\"wp-block-image size-medium\"><img loading=\"lazy\" decoding=\"async\" width=\"300\" height=\"225\" data-id=\"2269\" src=\"http:\/\/ggs-sunderplatz.de\/wp-content\/uploads\/2015\/04\/Schulhof-01-300x225.jpg\" alt=\"\" class=\"wp-image-2269\" srcset=\"http:\/\/ggs-sunderplatz.de\/wp-content\/uploads\/2015\/04\/Schulhof-01-300x225.jpg 300w, http:\/\/ggs-sunderplatz.de\/wp-content\/uploads\/2015\/04\/Schulhof-01-1024x768.jpg 1024w, http:\/\/ggs-sunderplatz.de\/wp-content\/uploads\/2015\/04\/Schulhof-01.jpg 1728w\" sizes=\"auto, (max-width: 300px) 100vw, 300px\" \/><\/figure>\n\n\n\n<figure class=\"wp-block-image size-medium\"><img loading=\"lazy\" decoding=\"async\" width=\"300\" height=\"225\" data-id=\"7404\" src=\"http:\/\/ggs-sunderplatz.de\/wp-content\/uploads\/2020\/11\/ae8e3501-42c5-41ef-b067-008f2dd416c2-300x225.jpg\" alt=\"\" class=\"wp-image-7404\" srcset=\"http:\/\/ggs-sunderplatz.de\/wp-content\/uploads\/2020\/11\/ae8e3501-42c5-41ef-b067-008f2dd416c2-300x225.jpg 300w, http:\/\/ggs-sunderplatz.de\/wp-content\/uploads\/2020\/11\/ae8e3501-42c5-41ef-b067-008f2dd416c2-1024x768.jpg 1024w, http:\/\/ggs-sunderplatz.de\/wp-content\/uploads\/2020\/11\/ae8e3501-42c5-41ef-b067-008f2dd416c2-768x576.jpg 768w, http:\/\/ggs-sunderplatz.de\/wp-content\/uploads\/2020\/11\/ae8e3501-42c5-41ef-b067-008f2dd416c2-1536x1152.jpg 1536w, http:\/\/ggs-sunderplatz.de\/wp-content\/uploads\/2020\/11\/ae8e3501-42c5-41ef-b067-008f2dd416c2.jpg 1600w\" sizes=\"auto, (max-width: 300px) 100vw, 300px\" \/><figcaption class=\"wp-element-caption\">herrliche<\/figcaption><\/figure>\n\n\n\n<figure class=\"wp-block-image size-medium\"><img loading=\"lazy\" decoding=\"async\" width=\"300\" height=\"225\" data-id=\"4139\" src=\"http:\/\/ggs-sunderplatz.de\/wp-content\/uploads\/2017\/04\/IMG_3644-300x225.jpg\" alt=\"\" class=\"wp-image-4139\" srcset=\"http:\/\/ggs-sunderplatz.de\/wp-content\/uploads\/2017\/04\/IMG_3644-300x225.jpg 300w, http:\/\/ggs-sunderplatz.de\/wp-content\/uploads\/2017\/04\/IMG_3644.jpg 653w\" sizes=\"auto, (max-width: 300px) 100vw, 300px\" \/><\/figure>\n\n\n\n<figure class=\"wp-block-image size-medium\"><img loading=\"lazy\" decoding=\"async\" width=\"225\" height=\"300\" data-id=\"3859\" src=\"http:\/\/ggs-sunderplatz.de\/wp-content\/uploads\/2016\/12\/Anhang-1-e1481259727837-225x300.jpg\" alt=\"\" class=\"wp-image-3859\" srcset=\"http:\/\/ggs-sunderplatz.de\/wp-content\/uploads\/2016\/12\/Anhang-1-e1481259727837-225x300.jpg 225w, http:\/\/ggs-sunderplatz.de\/wp-content\/uploads\/2016\/12\/Anhang-1-e1481259727837.jpg 300w\" sizes=\"auto, (max-width: 225px) 100vw, 225px\" \/><\/figure>\n<\/figure>\n\n\n\n<p><\/p>\n","protected":false},"excerpt":{"rendered":"<p>Die n\u00e4chste Jahreshauptversammlung\u00a0ist am Donnerstag, 08.10.2026 um 19 Uhr. Wir, der F\u00f6rderverein der Grundschule, setzen uns seit 1995 aktiv f\u00fcr die Gestaltung und Verbesserung des Schulalltags unserer Kinder ein. Mit Ihrer Unterst\u00fctzung k\u00f6nnen wir viele wichtige Projekte realisieren, die den Lern- und Spielspa\u00df unserer Sch\u00fcler f\u00f6rdern. Der Jahresbeitrag betr\u00e4gt 15,-EUR pro Familie (Beitrittsformular s.u.). Die [&hellip;]<\/p>\n","protected":false},"author":1,"featured_media":0,"parent":0,"menu_order":6,"comment_status":"closed","ping_status":"closed","template":"","meta":{"footnotes":""},"class_list":["post-7494","page","type-page","status-publish","hentry"],"_links":{"self":[{"href":"http:\/\/ggs-sunderplatz.de\/index.php?rest_route=\/wp\/v2\/pages\/7494","targetHints":{"allow":["GET"]}}],"collection":[{"href":"http:\/\/ggs-sunderplatz.de\/index.php?rest_route=\/wp\/v2\/pages"}],"about":[{"href":"http:\/\/ggs-sunderplatz.de\/index.php?rest_route=\/wp\/v2\/types\/page"}],"author":[{"embeddable":true,"href":"http:\/\/ggs-sunderplatz.de\/index.php?rest_route=\/wp\/v2\/users\/1"}],"replies":[{"embeddable":true,"href":"http:\/\/ggs-sunderplatz.de\/index.php?rest_route=%2Fwp%2Fv2%2Fcomments&post=7494"}],"version-history":[{"count":39,"href":"http:\/\/ggs-sunderplatz.de\/index.php?rest_route=\/wp\/v2\/pages\/7494\/revisions"}],"predecessor-version":[{"id":10004,"href":"http:\/\/ggs-sunderplatz.de\/index.php?rest_route=\/wp\/v2\/pages\/7494\/revisions\/10004"}],"wp:attachment":[{"href":"http:\/\/ggs-sunderplatz.de\/index.php?rest_route=%2Fwp%2Fv2%2Fmedia&parent=7494"}],"curies":[{"name":"wp","href":"https:\/\/api.w.org\/{rel}","templated":true}]}}