{"id":7471,"date":"2020-11-17T04:36:52","date_gmt":"2020-11-17T04:36:52","guid":{"rendered":"http:\/\/ggs-sunderplatz.de\/?page_id=7471"},"modified":"2024-02-08T19:36:52","modified_gmt":"2024-02-08T19:36:52","slug":"ogs","status":"publish","type":"page","link":"http:\/\/ggs-sunderplatz.de\/?page_id=7471","title":{"rendered":"OGS"},"content":{"rendered":"\n<p class=\"has-very-light-gray-color has-vivid-purple-background-color has-text-color has-background\" style=\"font-size:30px\"><strong>Aktuelles in der OGS<\/strong> \ud83d\ude42<\/p>\n\n\n\n<p class=\"has-white-color has-vivid-green-cyan-background-color has-text-color has-background has-medium-font-size\"><span style=\"color: #ffffff; background-color: #0000ff;\"><a style=\"color: #ffffff; background-color: #0000ff;\" href=\"https:\/\/stadt-mh.taskcards.app\/#\/board\/65a13791-1c73-403d-b254-fbf66fd5e428\/view\">Hier<\/a><\/span> in der TaskCard gibt es stets neue und aktuelle Informationen. \ud83d\ude42<\/p>\n\n\n<div class=\"wp-block-image is-style-default\">\n<figure class=\"alignright size-large is-resized\"><img loading=\"lazy\" decoding=\"async\" width=\"1024\" height=\"680\" src=\"http:\/\/ggs-sunderplatz.de\/wp-content\/uploads\/2016\/03\/2schule026-1024x680.jpg\" alt=\"\" class=\"wp-image-3197\" style=\"width:262px;height:173px\" srcset=\"http:\/\/ggs-sunderplatz.de\/wp-content\/uploads\/2016\/03\/2schule026-1024x680.jpg 1024w, http:\/\/ggs-sunderplatz.de\/wp-content\/uploads\/2016\/03\/2schule026-300x199.jpg 300w, http:\/\/ggs-sunderplatz.de\/wp-content\/uploads\/2016\/03\/2schule026.jpg 1200w\" sizes=\"auto, (max-width: 1024px) 100vw, 1024px\" \/><\/figure>\n<\/div>\n\n\n<p>\u00a0<\/p>\n<p class=\"has-very-light-gray-color has-luminous-vivid-orange-background-color has-text-color has-background\" style=\"text-align: center;\"><b>Den aktuellen Speiseplan finden Sie ab sofort in der TaskCard (s.o.).<\/b><\/p>\n\n\n<div class=\"wp-block-image is-style-rounded\">\n<figure class=\"alignright size-medium is-resized\"><img loading=\"lazy\" decoding=\"async\" width=\"225\" height=\"300\" src=\"http:\/\/ggs-sunderplatz.de\/wp-content\/uploads\/2014\/09\/DSC_2321-225x300.jpg\" alt=\"\" class=\"wp-image-2733\" style=\"width:113px;height:150px\" srcset=\"http:\/\/ggs-sunderplatz.de\/wp-content\/uploads\/2014\/09\/DSC_2321-225x300.jpg 225w, http:\/\/ggs-sunderplatz.de\/wp-content\/uploads\/2014\/09\/DSC_2321-768x1024.jpg 768w, http:\/\/ggs-sunderplatz.de\/wp-content\/uploads\/2014\/09\/DSC_2321.jpg 980w\" sizes=\"auto, (max-width: 225px) 100vw, 225px\" \/><\/figure>\n<\/div>\n\n\n<p class=\"has-very-light-gray-color has-text-color has-background\" style=\"background-color: #085b8c;\"><strong>Betreuung in den Sommerferien 2023:\u00a0 \u00a0 \u00a0 \u00a0 \u00a0 \u00a0 \u00a0 \u00a0 \u00a0 \u00a0 \u00a0 \u00a0 \u00a0<span style=\"background-color: #ff6600; color: #ffffff;\">17<span class=\"tadv-background-color\"><span class=\"tadv-color\">.07. &#8211; 02.08.202<\/span><\/span><\/span><\/strong><span style=\"background-color: #ff6600; color: #ffffff;\">3<\/span><\/p>\n\n\n\n<p><\/p>\n\n\n\n<p><strong>Allgemeines \u00fcber uns<\/strong> \ud83d\ude42<\/p>\n\n\n\n<p class=\"has-very-light-gray-color has-vivid-red-background-color has-text-color has-background\">Die Schule bietet eine offene Ganztagsschule mit Betreuung von 8:00 bis 16:00 Uhr an. Bei Bedarf&nbsp;wird auch eine Fr\u00fchbetreuung eingerichtet. Der Tr\u00e4ger der OGS ist die&nbsp;Caritas.&nbsp;<\/p>\n\n\n\n<figure class=\"wp-block-gallery has-nested-images columns-5 is-cropped wp-block-gallery-1 is-layout-flex wp-block-gallery-is-layout-flex\">\n<figure class=\"wp-block-image size-large\"><img loading=\"lazy\" decoding=\"async\" width=\"1024\" height=\"768\" data-id=\"3886\" src=\"http:\/\/ggs-sunderplatz.de\/wp-content\/uploads\/2016\/12\/CIMG1510-1024x768.jpg\" alt=\"\" class=\"wp-image-3886\" srcset=\"http:\/\/ggs-sunderplatz.de\/wp-content\/uploads\/2016\/12\/CIMG1510-1024x768.jpg 1024w, http:\/\/ggs-sunderplatz.de\/wp-content\/uploads\/2016\/12\/CIMG1510-300x225.jpg 300w, http:\/\/ggs-sunderplatz.de\/wp-content\/uploads\/2016\/12\/CIMG1510.jpg 1728w\" sizes=\"auto, (max-width: 1024px) 100vw, 1024px\" \/><\/figure>\n\n\n\n<figure class=\"wp-block-image size-large\"><img loading=\"lazy\" decoding=\"async\" width=\"768\" height=\"1024\" data-id=\"3885\" src=\"http:\/\/ggs-sunderplatz.de\/wp-content\/uploads\/2016\/12\/CIMG1500-768x1024.jpg\" alt=\"\" class=\"wp-image-3885\" srcset=\"http:\/\/ggs-sunderplatz.de\/wp-content\/uploads\/2016\/12\/CIMG1500-768x1024.jpg 768w, http:\/\/ggs-sunderplatz.de\/wp-content\/uploads\/2016\/12\/CIMG1500-225x300.jpg 225w, http:\/\/ggs-sunderplatz.de\/wp-content\/uploads\/2016\/12\/CIMG1500.jpg 1296w\" sizes=\"auto, (max-width: 768px) 100vw, 768px\" \/><\/figure>\n\n\n\n<figure class=\"wp-block-image size-large\"><img loading=\"lazy\" decoding=\"async\" width=\"768\" height=\"1024\" data-id=\"3884\" src=\"http:\/\/ggs-sunderplatz.de\/wp-content\/uploads\/2016\/12\/CIMG1337-768x1024.jpg\" alt=\"\" class=\"wp-image-3884\" srcset=\"http:\/\/ggs-sunderplatz.de\/wp-content\/uploads\/2016\/12\/CIMG1337-768x1024.jpg 768w, http:\/\/ggs-sunderplatz.de\/wp-content\/uploads\/2016\/12\/CIMG1337-225x300.jpg 225w, http:\/\/ggs-sunderplatz.de\/wp-content\/uploads\/2016\/12\/CIMG1337.jpg 1296w\" sizes=\"auto, (max-width: 768px) 100vw, 768px\" \/><\/figure>\n\n\n\n<figure class=\"wp-block-image size-large\"><img loading=\"lazy\" decoding=\"async\" width=\"768\" height=\"1024\" data-id=\"3882\" src=\"http:\/\/ggs-sunderplatz.de\/wp-content\/uploads\/2016\/12\/CIMG1173-768x1024.jpg\" alt=\"\" class=\"wp-image-3882\" srcset=\"http:\/\/ggs-sunderplatz.de\/wp-content\/uploads\/2016\/12\/CIMG1173-768x1024.jpg 768w, http:\/\/ggs-sunderplatz.de\/wp-content\/uploads\/2016\/12\/CIMG1173-225x300.jpg 225w, http:\/\/ggs-sunderplatz.de\/wp-content\/uploads\/2016\/12\/CIMG1173.jpg 1296w\" sizes=\"auto, (max-width: 768px) 100vw, 768px\" \/><\/figure>\n\n\n\n<figure class=\"wp-block-image size-large\"><img loading=\"lazy\" decoding=\"async\" width=\"768\" height=\"1024\" data-id=\"3883\" src=\"http:\/\/ggs-sunderplatz.de\/wp-content\/uploads\/2016\/12\/CIMG1272-768x1024.jpg\" alt=\"\" class=\"wp-image-3883\" srcset=\"http:\/\/ggs-sunderplatz.de\/wp-content\/uploads\/2016\/12\/CIMG1272-768x1024.jpg 768w, http:\/\/ggs-sunderplatz.de\/wp-content\/uploads\/2016\/12\/CIMG1272-225x300.jpg 225w, http:\/\/ggs-sunderplatz.de\/wp-content\/uploads\/2016\/12\/CIMG1272.jpg 1296w\" sizes=\"auto, (max-width: 768px) 100vw, 768px\" \/><\/figure>\n<\/figure>\n\n\n\n<p class=\"has-very-light-gray-color has-luminous-vivid-orange-background-color has-text-color has-background\">Neben Mittagessen und Hausaufgabenbetreuung gibt es unterschiedliche Nachmittagsangebote aus den Bereichen Tanz, Kreativit\u00e4t, Bewegung und Experimente. Auch haben die Kinder Zeit ausgedehnt zu spielen, zu lesen, drau\u00dfen zu klettern und zu toben, Freundschaften zu vertiefen oder sich auch mal zur\u00fcckzuziehen und auszuruhen.<\/p>\n\n\n\n<figure class=\"wp-block-gallery aligncenter has-nested-images columns-5 is-cropped wp-block-gallery-2 is-layout-flex wp-block-gallery-is-layout-flex\">\n<figure class=\"wp-block-image size-large\"><img loading=\"lazy\" decoding=\"async\" width=\"768\" height=\"1024\" data-id=\"3727\" src=\"http:\/\/ggs-sunderplatz.de\/wp-content\/uploads\/2016\/11\/IMG_2371-768x1024.jpg\" alt=\"\" class=\"wp-image-3727\" srcset=\"http:\/\/ggs-sunderplatz.de\/wp-content\/uploads\/2016\/11\/IMG_2371-768x1024.jpg 768w, http:\/\/ggs-sunderplatz.de\/wp-content\/uploads\/2016\/11\/IMG_2371-225x300.jpg 225w, http:\/\/ggs-sunderplatz.de\/wp-content\/uploads\/2016\/11\/IMG_2371.jpg 1224w\" sizes=\"auto, (max-width: 768px) 100vw, 768px\" \/><\/figure>\n\n\n\n<figure class=\"wp-block-image size-large\"><img loading=\"lazy\" decoding=\"async\" width=\"768\" height=\"1024\" data-id=\"3726\" src=\"http:\/\/ggs-sunderplatz.de\/wp-content\/uploads\/2016\/11\/IMG_2370-768x1024.jpg\" alt=\"\" class=\"wp-image-3726\" srcset=\"http:\/\/ggs-sunderplatz.de\/wp-content\/uploads\/2016\/11\/IMG_2370-768x1024.jpg 768w, http:\/\/ggs-sunderplatz.de\/wp-content\/uploads\/2016\/11\/IMG_2370-225x300.jpg 225w, http:\/\/ggs-sunderplatz.de\/wp-content\/uploads\/2016\/11\/IMG_2370.jpg 1224w\" sizes=\"auto, (max-width: 768px) 100vw, 768px\" \/><\/figure>\n\n\n\n<figure class=\"wp-block-image size-large\"><img loading=\"lazy\" decoding=\"async\" width=\"768\" height=\"1024\" data-id=\"3725\" src=\"http:\/\/ggs-sunderplatz.de\/wp-content\/uploads\/2016\/11\/IMG_2369-768x1024.jpg\" alt=\"\" class=\"wp-image-3725\" srcset=\"http:\/\/ggs-sunderplatz.de\/wp-content\/uploads\/2016\/11\/IMG_2369-768x1024.jpg 768w, http:\/\/ggs-sunderplatz.de\/wp-content\/uploads\/2016\/11\/IMG_2369-225x300.jpg 225w, http:\/\/ggs-sunderplatz.de\/wp-content\/uploads\/2016\/11\/IMG_2369.jpg 1224w\" sizes=\"auto, (max-width: 768px) 100vw, 768px\" \/><\/figure>\n\n\n\n<figure class=\"wp-block-image size-large\"><img loading=\"lazy\" decoding=\"async\" width=\"1024\" height=\"768\" data-id=\"3724\" src=\"http:\/\/ggs-sunderplatz.de\/wp-content\/uploads\/2016\/11\/IMG_2368-1024x768.jpg\" alt=\"\" class=\"wp-image-3724\" srcset=\"http:\/\/ggs-sunderplatz.de\/wp-content\/uploads\/2016\/11\/IMG_2368-1024x768.jpg 1024w, http:\/\/ggs-sunderplatz.de\/wp-content\/uploads\/2016\/11\/IMG_2368-300x225.jpg 300w, http:\/\/ggs-sunderplatz.de\/wp-content\/uploads\/2016\/11\/IMG_2368.jpg 1306w\" sizes=\"auto, (max-width: 1024px) 100vw, 1024px\" \/><\/figure>\n\n\n\n<figure class=\"wp-block-image size-large\"><img loading=\"lazy\" decoding=\"async\" width=\"1024\" height=\"768\" data-id=\"3723\" src=\"http:\/\/ggs-sunderplatz.de\/wp-content\/uploads\/2016\/11\/IMG_2366-1024x768.jpg\" alt=\"\" class=\"wp-image-3723\" srcset=\"http:\/\/ggs-sunderplatz.de\/wp-content\/uploads\/2016\/11\/IMG_2366-1024x768.jpg 1024w, http:\/\/ggs-sunderplatz.de\/wp-content\/uploads\/2016\/11\/IMG_2366-300x225.jpg 300w, http:\/\/ggs-sunderplatz.de\/wp-content\/uploads\/2016\/11\/IMG_2366.jpg 1306w\" sizes=\"auto, (max-width: 1024px) 100vw, 1024px\" \/><\/figure>\n<\/figure>\n\n\n\n<p class=\"has-very-light-gray-color has-luminous-vivid-amber-background-color has-text-color has-background\"><span style=\"color:#eeeeee\" class=\"tadv-color\">Wenn Sie das OGS-Team direkt telefonisch erreichen m\u00f6chten, k\u00f6nnen Sie dies unter folgender Telefonnummern:&nbsp;&nbsp;<\/span><strong><span style=\"background-color:#ff6900\" class=\"tadv-background-color\"><span style=\"color:#fcb900\" class=\"tadv-color\">0176 &#8211; 1200 1271<\/span><\/span><\/strong><span style=\"color:#eeeeee\" class=\"tadv-color\"> oder <\/span><strong><span style=\"color:#fcb900\" class=\"tadv-color\"><span style=\"background-color:#ff6900\" class=\"tadv-background-color\">0176 &#8211; 12001272<\/span><\/span><\/strong><span style=\"color:#eeeeee\" class=\"tadv-color\"><strong>. <\/strong>Am besten erreichen Sie uns vormittags bis 11 Uhr oder von 15.15 bis 16 Uhr. Zu den anderen Zeiten k\u00f6nnen Sie gern auch eine SMS schicken. Ver\u00e4nderte Abholzeiten geben Sie bitte \u00fcber das Hausaufgabenheft Ihres Kindes an. Bitte beachten: W\u00e4hrend der Essens- und Hausaufgabenzeit von 12 &#8211; 15.15 Uhr sind wir f\u00fcr die Kinder da und gehen ggf. nicht an das Telefon.<\/span><\/p>\n\n\n\n<figure class=\"wp-block-gallery has-nested-images columns-5 is-cropped wp-block-gallery-3 is-layout-flex wp-block-gallery-is-layout-flex\">\n<figure class=\"wp-block-image size-large\"><img loading=\"lazy\" decoding=\"async\" width=\"1024\" height=\"768\" data-id=\"2508\" src=\"http:\/\/ggs-sunderplatz.de\/wp-content\/uploads\/2015\/06\/IMG_6008-1024x768.jpg\" alt=\"\" class=\"wp-image-2508\" srcset=\"http:\/\/ggs-sunderplatz.de\/wp-content\/uploads\/2015\/06\/IMG_6008-1024x768.jpg 1024w, http:\/\/ggs-sunderplatz.de\/wp-content\/uploads\/2015\/06\/IMG_6008-300x225.jpg 300w\" sizes=\"auto, (max-width: 1024px) 100vw, 1024px\" \/><\/figure>\n\n\n\n<figure class=\"wp-block-image size-large\"><img loading=\"lazy\" decoding=\"async\" width=\"1024\" height=\"768\" data-id=\"2507\" src=\"http:\/\/ggs-sunderplatz.de\/wp-content\/uploads\/2015\/06\/IMG_6007-1024x768.jpg\" alt=\"\" class=\"wp-image-2507\" srcset=\"http:\/\/ggs-sunderplatz.de\/wp-content\/uploads\/2015\/06\/IMG_6007-1024x768.jpg 1024w, http:\/\/ggs-sunderplatz.de\/wp-content\/uploads\/2015\/06\/IMG_6007-300x225.jpg 300w\" sizes=\"auto, (max-width: 1024px) 100vw, 1024px\" \/><\/figure>\n\n\n\n<figure class=\"wp-block-image size-large\"><img loading=\"lazy\" decoding=\"async\" width=\"1024\" height=\"768\" data-id=\"2506\" src=\"http:\/\/ggs-sunderplatz.de\/wp-content\/uploads\/2015\/06\/IMG_6006-1024x768.jpg\" alt=\"\" class=\"wp-image-2506\" srcset=\"http:\/\/ggs-sunderplatz.de\/wp-content\/uploads\/2015\/06\/IMG_6006-1024x768.jpg 1024w, http:\/\/ggs-sunderplatz.de\/wp-content\/uploads\/2015\/06\/IMG_6006-300x225.jpg 300w\" sizes=\"auto, (max-width: 1024px) 100vw, 1024px\" \/><\/figure>\n\n\n\n<figure class=\"wp-block-image size-large\"><img loading=\"lazy\" decoding=\"async\" width=\"768\" height=\"1024\" data-id=\"2504\" src=\"http:\/\/ggs-sunderplatz.de\/wp-content\/uploads\/2015\/06\/IMG_6004-768x1024.jpg\" alt=\"\" class=\"wp-image-2504\" srcset=\"http:\/\/ggs-sunderplatz.de\/wp-content\/uploads\/2015\/06\/IMG_6004-768x1024.jpg 768w, http:\/\/ggs-sunderplatz.de\/wp-content\/uploads\/2015\/06\/IMG_6004-225x300.jpg 225w, http:\/\/ggs-sunderplatz.de\/wp-content\/uploads\/2015\/06\/IMG_6004.jpg 1620w\" sizes=\"auto, (max-width: 768px) 100vw, 768px\" \/><\/figure>\n\n\n\n<figure class=\"wp-block-image size-large\"><img loading=\"lazy\" decoding=\"async\" width=\"768\" height=\"1024\" data-id=\"2502\" src=\"http:\/\/ggs-sunderplatz.de\/wp-content\/uploads\/2015\/06\/IMG_6002-768x1024.jpg\" alt=\"\" class=\"wp-image-2502\" srcset=\"http:\/\/ggs-sunderplatz.de\/wp-content\/uploads\/2015\/06\/IMG_6002-768x1024.jpg 768w, http:\/\/ggs-sunderplatz.de\/wp-content\/uploads\/2015\/06\/IMG_6002-225x300.jpg 225w, http:\/\/ggs-sunderplatz.de\/wp-content\/uploads\/2015\/06\/IMG_6002.jpg 1620w\" sizes=\"auto, (max-width: 768px) 100vw, 768px\" \/><\/figure>\n<\/figure>\n\n\n\n<p class=\"has-very-light-gray-color has-text-color has-background\" style=\"background-color:#00d115\"><strong>Einladung zum <\/strong><strong>\u201e<\/strong><strong>offenen Gruppennachmittag<\/strong><strong>\u201c<\/strong><strong> jeweils von 14.30 Uhr bis 16.00 Uhr<\/strong><\/p>\n\n\n\n<p class=\"has-very-light-gray-color has-text-color has-background\" style=\"background-color:#276a94\">Die Gruppen \u00f6ffnen, in regelm\u00e4\u00dfigem Wechsel, ihre T\u00fcren f\u00fcr die Eltern der jeweiligen Gruppe, um in lockerer, ungezwungener Runde miteinander ins Gespr\u00e4ch zu kommen. Das gemeinsame Spielen der OGS -Spiele erm\u00f6glicht zudem einen Einblick in den \u201enormale\u201c OGS-Alltag der Kinder. Weitere \u201eoffene Gruppennachmittage\u201c sollen in Absprache mit den Eltern erfolgen, sobald es die aktuelle Situation wieder erlaubt. Die Termine werden dann hier aufgelistet. \ud83d\ude42<\/p>\n\n\n\n<figure class=\"wp-block-gallery has-nested-images columns-5 is-cropped wp-block-gallery-4 is-layout-flex wp-block-gallery-is-layout-flex\">\n<figure class=\"wp-block-image size-large\"><img loading=\"lazy\" decoding=\"async\" width=\"1024\" height=\"768\" data-id=\"2537\" src=\"http:\/\/ggs-sunderplatz.de\/wp-content\/uploads\/2015\/06\/DSC_2129-1024x768.jpg\" alt=\"\" class=\"wp-image-2537\" srcset=\"http:\/\/ggs-sunderplatz.de\/wp-content\/uploads\/2015\/06\/DSC_2129-1024x768.jpg 1024w, http:\/\/ggs-sunderplatz.de\/wp-content\/uploads\/2015\/06\/DSC_2129-300x225.jpg 300w, http:\/\/ggs-sunderplatz.de\/wp-content\/uploads\/2015\/06\/DSC_2129.jpg 1632w\" sizes=\"auto, (max-width: 1024px) 100vw, 1024px\" \/><\/figure>\n\n\n\n<figure class=\"wp-block-image size-large\"><img loading=\"lazy\" decoding=\"async\" width=\"768\" height=\"1024\" data-id=\"2397\" src=\"http:\/\/ggs-sunderplatz.de\/wp-content\/uploads\/2015\/05\/Zahnarzt-Mai-2015-1c_5-768x1024.jpg\" alt=\"\" class=\"wp-image-2397\" srcset=\"http:\/\/ggs-sunderplatz.de\/wp-content\/uploads\/2015\/05\/Zahnarzt-Mai-2015-1c_5-768x1024.jpg 768w, http:\/\/ggs-sunderplatz.de\/wp-content\/uploads\/2015\/05\/Zahnarzt-Mai-2015-1c_5-225x300.jpg 225w, http:\/\/ggs-sunderplatz.de\/wp-content\/uploads\/2015\/05\/Zahnarzt-Mai-2015-1c_5.jpg 980w\" sizes=\"auto, (max-width: 768px) 100vw, 768px\" \/><\/figure>\n\n\n\n<figure class=\"wp-block-image size-large\"><img loading=\"lazy\" decoding=\"async\" width=\"1024\" height=\"768\" data-id=\"2735\" src=\"http:\/\/ggs-sunderplatz.de\/wp-content\/uploads\/2014\/09\/DSC_2323-1024x768.jpg\" alt=\"\" class=\"wp-image-2735\" srcset=\"http:\/\/ggs-sunderplatz.de\/wp-content\/uploads\/2014\/09\/DSC_2323-1024x768.jpg 1024w, http:\/\/ggs-sunderplatz.de\/wp-content\/uploads\/2014\/09\/DSC_2323-300x225.jpg 300w, http:\/\/ggs-sunderplatz.de\/wp-content\/uploads\/2014\/09\/DSC_2323.jpg 1306w\" sizes=\"auto, (max-width: 1024px) 100vw, 1024px\" \/><\/figure>\n\n\n\n<figure class=\"wp-block-image size-large\"><img loading=\"lazy\" decoding=\"async\" width=\"1024\" height=\"768\" data-id=\"2792\" src=\"http:\/\/ggs-sunderplatz.de\/wp-content\/uploads\/2015\/10\/IMG_6174-1024x768.jpg\" alt=\"\" class=\"wp-image-2792\" srcset=\"http:\/\/ggs-sunderplatz.de\/wp-content\/uploads\/2015\/10\/IMG_6174-1024x768.jpg 1024w, http:\/\/ggs-sunderplatz.de\/wp-content\/uploads\/2015\/10\/IMG_6174-300x225.jpg 300w, http:\/\/ggs-sunderplatz.de\/wp-content\/uploads\/2015\/10\/IMG_6174.jpg 1728w\" sizes=\"auto, (max-width: 1024px) 100vw, 1024px\" \/><\/figure>\n\n\n\n<figure class=\"wp-block-image size-large\"><img loading=\"lazy\" decoding=\"async\" width=\"768\" height=\"1024\" data-id=\"2791\" src=\"http:\/\/ggs-sunderplatz.de\/wp-content\/uploads\/2015\/10\/IMG_6173-768x1024.jpg\" alt=\"\" class=\"wp-image-2791\" srcset=\"http:\/\/ggs-sunderplatz.de\/wp-content\/uploads\/2015\/10\/IMG_6173-768x1024.jpg 768w, http:\/\/ggs-sunderplatz.de\/wp-content\/uploads\/2015\/10\/IMG_6173-225x300.jpg 225w, http:\/\/ggs-sunderplatz.de\/wp-content\/uploads\/2015\/10\/IMG_6173.jpg 1296w\" sizes=\"auto, (max-width: 768px) 100vw, 768px\" \/><\/figure>\n\n\n\n<figure class=\"wp-block-image size-large\"><img loading=\"lazy\" decoding=\"async\" width=\"1024\" height=\"768\" data-id=\"2790\" src=\"http:\/\/ggs-sunderplatz.de\/wp-content\/uploads\/2015\/10\/IMG_6171-1024x768.jpg\" alt=\"\" class=\"wp-image-2790\" srcset=\"http:\/\/ggs-sunderplatz.de\/wp-content\/uploads\/2015\/10\/IMG_6171-1024x768.jpg 1024w, http:\/\/ggs-sunderplatz.de\/wp-content\/uploads\/2015\/10\/IMG_6171-300x225.jpg 300w, http:\/\/ggs-sunderplatz.de\/wp-content\/uploads\/2015\/10\/IMG_6171.jpg 1728w\" sizes=\"auto, (max-width: 1024px) 100vw, 1024px\" \/><\/figure>\n\n\n\n<figure class=\"wp-block-image size-large\"><img loading=\"lazy\" decoding=\"async\" width=\"1024\" height=\"768\" data-id=\"2793\" src=\"http:\/\/ggs-sunderplatz.de\/wp-content\/uploads\/2015\/10\/IMG_6176-1024x768.jpg\" alt=\"\" class=\"wp-image-2793\" srcset=\"http:\/\/ggs-sunderplatz.de\/wp-content\/uploads\/2015\/10\/IMG_6176-1024x768.jpg 1024w, http:\/\/ggs-sunderplatz.de\/wp-content\/uploads\/2015\/10\/IMG_6176-300x225.jpg 300w, http:\/\/ggs-sunderplatz.de\/wp-content\/uploads\/2015\/10\/IMG_6176.jpg 1728w\" sizes=\"auto, (max-width: 1024px) 100vw, 1024px\" \/><\/figure>\n\n\n\n<figure class=\"wp-block-image size-large\"><img loading=\"lazy\" decoding=\"async\" width=\"1024\" height=\"768\" data-id=\"2789\" src=\"http:\/\/ggs-sunderplatz.de\/wp-content\/uploads\/2015\/10\/IMG_6170-1024x768.jpg\" alt=\"\" class=\"wp-image-2789\" srcset=\"http:\/\/ggs-sunderplatz.de\/wp-content\/uploads\/2015\/10\/IMG_6170-1024x768.jpg 1024w, http:\/\/ggs-sunderplatz.de\/wp-content\/uploads\/2015\/10\/IMG_6170-300x225.jpg 300w, http:\/\/ggs-sunderplatz.de\/wp-content\/uploads\/2015\/10\/IMG_6170.jpg 1728w\" sizes=\"auto, (max-width: 1024px) 100vw, 1024px\" \/><\/figure>\n\n\n\n<figure class=\"wp-block-image size-large\"><img loading=\"lazy\" decoding=\"async\" width=\"1024\" height=\"768\" data-id=\"2788\" src=\"http:\/\/ggs-sunderplatz.de\/wp-content\/uploads\/2015\/10\/IMG_6169-1024x768.jpg\" alt=\"\" class=\"wp-image-2788\" srcset=\"http:\/\/ggs-sunderplatz.de\/wp-content\/uploads\/2015\/10\/IMG_6169-1024x768.jpg 1024w, http:\/\/ggs-sunderplatz.de\/wp-content\/uploads\/2015\/10\/IMG_6169-300x225.jpg 300w, http:\/\/ggs-sunderplatz.de\/wp-content\/uploads\/2015\/10\/IMG_6169.jpg 1728w\" sizes=\"auto, (max-width: 1024px) 100vw, 1024px\" \/><\/figure>\n\n\n\n<figure class=\"wp-block-image size-large\"><img loading=\"lazy\" decoding=\"async\" width=\"1024\" height=\"840\" data-id=\"2787\" src=\"http:\/\/ggs-sunderplatz.de\/wp-content\/uploads\/2015\/10\/IMG_6168-1024x840.jpg\" alt=\"\" class=\"wp-image-2787\" srcset=\"http:\/\/ggs-sunderplatz.de\/wp-content\/uploads\/2015\/10\/IMG_6168-1024x840.jpg 1024w, http:\/\/ggs-sunderplatz.de\/wp-content\/uploads\/2015\/10\/IMG_6168-300x246.jpg 300w, http:\/\/ggs-sunderplatz.de\/wp-content\/uploads\/2015\/10\/IMG_6168.jpg 1405w\" sizes=\"auto, (max-width: 1024px) 100vw, 1024px\" \/><\/figure>\n\n\n\n<figure class=\"wp-block-image size-large\"><img loading=\"lazy\" decoding=\"async\" width=\"768\" height=\"1024\" data-id=\"2786\" src=\"http:\/\/ggs-sunderplatz.de\/wp-content\/uploads\/2015\/10\/IMG_6167-768x1024.jpg\" alt=\"\" class=\"wp-image-2786\" srcset=\"http:\/\/ggs-sunderplatz.de\/wp-content\/uploads\/2015\/10\/IMG_6167-768x1024.jpg 768w, http:\/\/ggs-sunderplatz.de\/wp-content\/uploads\/2015\/10\/IMG_6167-225x300.jpg 225w, http:\/\/ggs-sunderplatz.de\/wp-content\/uploads\/2015\/10\/IMG_6167.jpg 1296w\" sizes=\"auto, (max-width: 768px) 100vw, 768px\" \/><\/figure>\n\n\n\n<figure class=\"wp-block-image size-large\"><img loading=\"lazy\" decoding=\"async\" width=\"768\" height=\"1024\" data-id=\"2785\" src=\"http:\/\/ggs-sunderplatz.de\/wp-content\/uploads\/2015\/10\/IMG_6166-768x1024.jpg\" alt=\"\" class=\"wp-image-2785\" srcset=\"http:\/\/ggs-sunderplatz.de\/wp-content\/uploads\/2015\/10\/IMG_6166-768x1024.jpg 768w, http:\/\/ggs-sunderplatz.de\/wp-content\/uploads\/2015\/10\/IMG_6166-225x300.jpg 225w, http:\/\/ggs-sunderplatz.de\/wp-content\/uploads\/2015\/10\/IMG_6166.jpg 1296w\" sizes=\"auto, (max-width: 768px) 100vw, 768px\" \/><\/figure>\n\n\n\n<figure class=\"wp-block-image size-large\"><img loading=\"lazy\" decoding=\"async\" width=\"768\" height=\"1024\" data-id=\"2784\" src=\"http:\/\/ggs-sunderplatz.de\/wp-content\/uploads\/2015\/10\/IMG_6163-768x1024.jpg\" alt=\"\" class=\"wp-image-2784\" srcset=\"http:\/\/ggs-sunderplatz.de\/wp-content\/uploads\/2015\/10\/IMG_6163-768x1024.jpg 768w, http:\/\/ggs-sunderplatz.de\/wp-content\/uploads\/2015\/10\/IMG_6163-225x300.jpg 225w, http:\/\/ggs-sunderplatz.de\/wp-content\/uploads\/2015\/10\/IMG_6163.jpg 1296w\" sizes=\"auto, (max-width: 768px) 100vw, 768px\" \/><\/figure>\n\n\n\n<figure class=\"wp-block-image size-large\"><img loading=\"lazy\" decoding=\"async\" width=\"1024\" height=\"768\" data-id=\"2782\" src=\"http:\/\/ggs-sunderplatz.de\/wp-content\/uploads\/2015\/10\/IMG_6154-1024x768.jpg\" alt=\"\" class=\"wp-image-2782\" srcset=\"http:\/\/ggs-sunderplatz.de\/wp-content\/uploads\/2015\/10\/IMG_6154-1024x768.jpg 1024w, http:\/\/ggs-sunderplatz.de\/wp-content\/uploads\/2015\/10\/IMG_6154-300x225.jpg 300w, http:\/\/ggs-sunderplatz.de\/wp-content\/uploads\/2015\/10\/IMG_6154.jpg 1728w\" sizes=\"auto, (max-width: 1024px) 100vw, 1024px\" \/><\/figure>\n\n\n\n<figure class=\"wp-block-image size-large\"><img loading=\"lazy\" decoding=\"async\" width=\"1024\" height=\"768\" data-id=\"2734\" src=\"http:\/\/ggs-sunderplatz.de\/wp-content\/uploads\/2014\/09\/DSC_2322-1024x768.jpg\" alt=\"\" class=\"wp-image-2734\" srcset=\"http:\/\/ggs-sunderplatz.de\/wp-content\/uploads\/2014\/09\/DSC_2322-1024x768.jpg 1024w, http:\/\/ggs-sunderplatz.de\/wp-content\/uploads\/2014\/09\/DSC_2322-300x225.jpg 300w, http:\/\/ggs-sunderplatz.de\/wp-content\/uploads\/2014\/09\/DSC_2322.jpg 1306w\" sizes=\"auto, (max-width: 1024px) 100vw, 1024px\" \/><\/figure>\n<\/figure>\n","protected":false},"excerpt":{"rendered":"<p>Aktuelles in der OGS \ud83d\ude42 Hier in der TaskCard gibt es stets neue und aktuelle Informationen. \ud83d\ude42 \u00a0 Den aktuellen Speiseplan finden Sie ab sofort in der TaskCard (s.o.). Betreuung in den Sommerferien 2023:\u00a0 \u00a0 \u00a0 \u00a0 \u00a0 \u00a0 \u00a0 \u00a0 \u00a0 \u00a0 \u00a0 \u00a0 \u00a017.07. &#8211; 02.08.2023 Allgemeines \u00fcber uns \ud83d\ude42 Die Schule bietet [&hellip;]<\/p>\n","protected":false},"author":1,"featured_media":7817,"parent":176,"menu_order":1,"comment_status":"closed","ping_status":"closed","template":"","meta":{"footnotes":""},"class_list":["post-7471","page","type-page","status-publish","has-post-thumbnail","hentry"],"_links":{"self":[{"href":"http:\/\/ggs-sunderplatz.de\/index.php?rest_route=\/wp\/v2\/pages\/7471","targetHints":{"allow":["GET"]}}],"collection":[{"href":"http:\/\/ggs-sunderplatz.de\/index.php?rest_route=\/wp\/v2\/pages"}],"about":[{"href":"http:\/\/ggs-sunderplatz.de\/index.php?rest_route=\/wp\/v2\/types\/page"}],"author":[{"embeddable":true,"href":"http:\/\/ggs-sunderplatz.de\/index.php?rest_route=\/wp\/v2\/users\/1"}],"replies":[{"embeddable":true,"href":"http:\/\/ggs-sunderplatz.de\/index.php?rest_route=%2Fwp%2Fv2%2Fcomments&post=7471"}],"version-history":[{"count":145,"href":"http:\/\/ggs-sunderplatz.de\/index.php?rest_route=\/wp\/v2\/pages\/7471\/revisions"}],"predecessor-version":[{"id":9934,"href":"http:\/\/ggs-sunderplatz.de\/index.php?rest_route=\/wp\/v2\/pages\/7471\/revisions\/9934"}],"up":[{"embeddable":true,"href":"http:\/\/ggs-sunderplatz.de\/index.php?rest_route=\/wp\/v2\/pages\/176"}],"wp:featuredmedia":[{"embeddable":true,"href":"http:\/\/ggs-sunderplatz.de\/index.php?rest_route=\/wp\/v2\/media\/7817"}],"wp:attachment":[{"href":"http:\/\/ggs-sunderplatz.de\/index.php?rest_route=%2Fwp%2Fv2%2Fmedia&parent=7471"}],"curies":[{"name":"wp","href":"https:\/\/api.w.org\/{rel}","templated":true}]}}