{"id":7135,"date":"2020-08-21T16:02:56","date_gmt":"2020-08-21T16:02:56","guid":{"rendered":"http:\/\/ggs-sunderplatz.de\/?page_id=7135"},"modified":"2026-03-27T13:20:02","modified_gmt":"2026-03-27T13:20:02","slug":"evangelische-gottesdienste","status":"publish","type":"page","link":"http:\/\/ggs-sunderplatz.de\/?page_id=7135","title":{"rendered":"Evangelische Schulgottesdienste&#8230;"},"content":{"rendered":"\n<figure class=\"wp-block-image size-large\"><img loading=\"lazy\" decoding=\"async\" width=\"122\" height=\"159\" src=\"http:\/\/ggs-sunderplatz.de\/wp-content\/uploads\/2013\/11\/Kirche.jpg\" alt=\"\" class=\"wp-image-339\"\/><\/figure>\n\n\n\n<p>Liebe Eltern, in Absprache mit Frau Pastorin Z\u00fchlke wurden folgende Termine f\u00fcr die Schulgottesdienste festgelegt, die sich jedoch kurzfristig \u00e4ndern k\u00f6nnen:<\/p>\n\n\n\n<p>* 06. Mai 2026, 8h<\/p>\n<p>* 03. Juni 2026, 8h<\/p>\n<p>* 01. Juli 2026, 8h\u00a0<\/p>\n<p>* 17. Juli 2026, 10h \u00f6kumenischer Abschlussgottesdienst St. Theresia<\/p>\n<p>\u00a0<\/p>\n<p>Sollten sich Termine \u00e4ndern, notieren die Kinder dies in ihrem Mitteilungsheft.\u00a0<\/p>\n<p>Herzliche Gr\u00fc\u00dfe<\/p>\n<p>A. Peters<\/p>\n","protected":false},"excerpt":{"rendered":"<p>Liebe Eltern, in Absprache mit Frau Pastorin Z\u00fchlke wurden folgende Termine f\u00fcr die Schulgottesdienste festgelegt, die sich jedoch kurzfristig \u00e4ndern k\u00f6nnen: * 06. Mai 2026, 8h * 03. Juni 2026, 8h * 01. Juli 2026, 8h\u00a0 * 17. Juli 2026, 10h \u00f6kumenischer Abschlussgottesdienst St. Theresia \u00a0 Sollten sich Termine \u00e4ndern, notieren die Kinder dies in [&hellip;]<\/p>\n","protected":false},"author":1,"featured_media":0,"parent":20,"menu_order":1,"comment_status":"closed","ping_status":"closed","template":"","meta":{"footnotes":""},"class_list":["post-7135","page","type-page","status-publish","hentry"],"_links":{"self":[{"href":"http:\/\/ggs-sunderplatz.de\/index.php?rest_route=\/wp\/v2\/pages\/7135","targetHints":{"allow":["GET"]}}],"collection":[{"href":"http:\/\/ggs-sunderplatz.de\/index.php?rest_route=\/wp\/v2\/pages"}],"about":[{"href":"http:\/\/ggs-sunderplatz.de\/index.php?rest_route=\/wp\/v2\/types\/page"}],"author":[{"embeddable":true,"href":"http:\/\/ggs-sunderplatz.de\/index.php?rest_route=\/wp\/v2\/users\/1"}],"replies":[{"embeddable":true,"href":"http:\/\/ggs-sunderplatz.de\/index.php?rest_route=%2Fwp%2Fv2%2Fcomments&post=7135"}],"version-history":[{"count":68,"href":"http:\/\/ggs-sunderplatz.de\/index.php?rest_route=\/wp\/v2\/pages\/7135\/revisions"}],"predecessor-version":[{"id":10015,"href":"http:\/\/ggs-sunderplatz.de\/index.php?rest_route=\/wp\/v2\/pages\/7135\/revisions\/10015"}],"up":[{"embeddable":true,"href":"http:\/\/ggs-sunderplatz.de\/index.php?rest_route=\/wp\/v2\/pages\/20"}],"wp:attachment":[{"href":"http:\/\/ggs-sunderplatz.de\/index.php?rest_route=%2Fwp%2Fv2%2Fmedia&parent=7135"}],"curies":[{"name":"wp","href":"https:\/\/api.w.org\/{rel}","templated":true}]}}