{"id":4786,"date":"2018-02-16T13:43:21","date_gmt":"2018-02-16T13:43:21","guid":{"rendered":"http:\/\/ggs-sunderplatz.de\/?page_id=4786"},"modified":"2019-03-24T15:48:00","modified_gmt":"2019-03-24T15:48:00","slug":"so-ein-zirkuszeltaufbau","status":"publish","type":"page","link":"http:\/\/ggs-sunderplatz.de\/?page_id=4786","title":{"rendered":"So ein Zirkuszeltaufbau&#8230;"},"content":{"rendered":"<h3><span style=\"color: #ff9900;\">Heute wurde es endlich aufgebaut:<\/span> <span style=\"color: #ff00ff;\">DAS<\/span> <span style=\"color: #ff0000;\">ZIRKUS<\/span><span style=\"color: #ffff00;\">ZELT<\/span> <span style=\"color: #99cc00;\">SUNDER<\/span><span style=\"color: #33cccc;\">LINO!<\/span><\/h3>\n<p><span style=\"font-size: large; color: #33cccc;\">Viele flei\u00dfige Helfer kamen am Sonntag bei sch\u00f6nstem Sonnenschein und packten tatkr\u00e4ftig mit an! Und nun steht es, unser tolles Zirkuszelt! Nun kann die Projektwoche beginnen! Einen herzlichen Dank an alle Helferinnen und Helfer! \ud83d\ude42<\/span><\/p>\n<p><a href=\"http:\/\/ggs-sunderplatz.de\/wp-content\/uploads\/2019\/03\/IMG_9328.jpg\"><img loading=\"lazy\" decoding=\"async\" class=\"alignnone size-medium wp-image-5487\" alt=\"IMG_9328\" src=\"http:\/\/ggs-sunderplatz.de\/wp-content\/uploads\/2019\/03\/IMG_9328-300x199.jpg\" width=\"250\" height=\"166\" srcset=\"http:\/\/ggs-sunderplatz.de\/wp-content\/uploads\/2019\/03\/IMG_9328-300x199.jpg 300w, http:\/\/ggs-sunderplatz.de\/wp-content\/uploads\/2019\/03\/IMG_9328.jpg 800w\" sizes=\"auto, (max-width: 250px) 100vw, 250px\" \/><\/a> <a href=\"http:\/\/ggs-sunderplatz.de\/wp-content\/uploads\/2019\/03\/IMG_9326.jpg\"><img loading=\"lazy\" decoding=\"async\" class=\"alignnone size-medium wp-image-5486\" alt=\"IMG_9326\" src=\"http:\/\/ggs-sunderplatz.de\/wp-content\/uploads\/2019\/03\/IMG_9326-300x199.jpg\" width=\"250\" height=\"166\" srcset=\"http:\/\/ggs-sunderplatz.de\/wp-content\/uploads\/2019\/03\/IMG_9326-300x199.jpg 300w, http:\/\/ggs-sunderplatz.de\/wp-content\/uploads\/2019\/03\/IMG_9326.jpg 800w\" sizes=\"auto, (max-width: 250px) 100vw, 250px\" \/><\/a> <a href=\"http:\/\/ggs-sunderplatz.de\/wp-content\/uploads\/2019\/03\/IMG_9323.jpg\"><img loading=\"lazy\" decoding=\"async\" class=\"alignnone size-medium wp-image-5483\" alt=\"IMG_9323\" src=\"http:\/\/ggs-sunderplatz.de\/wp-content\/uploads\/2019\/03\/IMG_9323-300x199.jpg\" width=\"250\" height=\"166\" srcset=\"http:\/\/ggs-sunderplatz.de\/wp-content\/uploads\/2019\/03\/IMG_9323-300x199.jpg 300w, http:\/\/ggs-sunderplatz.de\/wp-content\/uploads\/2019\/03\/IMG_9323.jpg 800w\" sizes=\"auto, (max-width: 250px) 100vw, 250px\" \/><\/a> <a href=\"http:\/\/ggs-sunderplatz.de\/wp-content\/uploads\/2019\/03\/IMG_9341.jpg\"><img loading=\"lazy\" decoding=\"async\" class=\"alignnone size-medium wp-image-5491\" alt=\"IMG_9341\" src=\"http:\/\/ggs-sunderplatz.de\/wp-content\/uploads\/2019\/03\/IMG_9341-300x200.jpg\" width=\"250\" height=\"167\" srcset=\"http:\/\/ggs-sunderplatz.de\/wp-content\/uploads\/2019\/03\/IMG_9341-300x200.jpg 300w, http:\/\/ggs-sunderplatz.de\/wp-content\/uploads\/2019\/03\/IMG_9341.jpg 1024w\" sizes=\"auto, (max-width: 250px) 100vw, 250px\" \/> <\/a><a href=\"http:\/\/ggs-sunderplatz.de\/wp-content\/uploads\/2019\/03\/IMG_9324.jpg\"><img loading=\"lazy\" decoding=\"async\" class=\"alignnone size-medium wp-image-5484\" alt=\"IMG_9324\" src=\"http:\/\/ggs-sunderplatz.de\/wp-content\/uploads\/2019\/03\/IMG_9324-200x300.jpg\" width=\"111\" height=\"167\" srcset=\"http:\/\/ggs-sunderplatz.de\/wp-content\/uploads\/2019\/03\/IMG_9324-200x300.jpg 200w, http:\/\/ggs-sunderplatz.de\/wp-content\/uploads\/2019\/03\/IMG_9324.jpg 400w\" sizes=\"auto, (max-width: 111px) 100vw, 111px\" \/><\/a><a href=\"http:\/\/ggs-sunderplatz.de\/wp-content\/uploads\/2019\/03\/IMG_9337.jpg\"> <img loading=\"lazy\" decoding=\"async\" class=\"alignnone size-medium wp-image-5490\" alt=\"IMG_9337\" src=\"http:\/\/ggs-sunderplatz.de\/wp-content\/uploads\/2019\/03\/IMG_9337-300x199.jpg\" width=\"250\" height=\"166\" srcset=\"http:\/\/ggs-sunderplatz.de\/wp-content\/uploads\/2019\/03\/IMG_9337-300x199.jpg 300w, http:\/\/ggs-sunderplatz.de\/wp-content\/uploads\/2019\/03\/IMG_9337.jpg 800w\" sizes=\"auto, (max-width: 250px) 100vw, 250px\" \/><\/a> <a href=\"http:\/\/ggs-sunderplatz.de\/wp-content\/uploads\/2019\/03\/IMG_9331.jpg\"><img loading=\"lazy\" decoding=\"async\" class=\"alignnone size-medium wp-image-5489\" alt=\"IMG_9331\" src=\"http:\/\/ggs-sunderplatz.de\/wp-content\/uploads\/2019\/03\/IMG_9331-300x199.jpg\" width=\"250\" height=\"166\" srcset=\"http:\/\/ggs-sunderplatz.de\/wp-content\/uploads\/2019\/03\/IMG_9331-300x199.jpg 300w, http:\/\/ggs-sunderplatz.de\/wp-content\/uploads\/2019\/03\/IMG_9331.jpg 800w\" sizes=\"auto, (max-width: 250px) 100vw, 250px\" \/><\/a> <a href=\"http:\/\/ggs-sunderplatz.de\/wp-content\/uploads\/2019\/03\/IMG_9330.jpg\"><img loading=\"lazy\" decoding=\"async\" class=\"alignnone size-medium wp-image-5488\" alt=\"IMG_9330\" src=\"http:\/\/ggs-sunderplatz.de\/wp-content\/uploads\/2019\/03\/IMG_9330-300x199.jpg\" width=\"250\" height=\"166\" srcset=\"http:\/\/ggs-sunderplatz.de\/wp-content\/uploads\/2019\/03\/IMG_9330-300x199.jpg 300w, http:\/\/ggs-sunderplatz.de\/wp-content\/uploads\/2019\/03\/IMG_9330.jpg 800w\" sizes=\"auto, (max-width: 250px) 100vw, 250px\" \/> <\/a><a href=\"http:\/\/ggs-sunderplatz.de\/wp-content\/uploads\/2019\/03\/IMG_9343.jpg\"><img loading=\"lazy\" decoding=\"async\" class=\"alignnone size-medium wp-image-5493\" alt=\"IMG_9343\" src=\"http:\/\/ggs-sunderplatz.de\/wp-content\/uploads\/2019\/03\/IMG_9343-200x300.jpg\" width=\"111\" height=\"167\" srcset=\"http:\/\/ggs-sunderplatz.de\/wp-content\/uploads\/2019\/03\/IMG_9343-200x300.jpg 200w, http:\/\/ggs-sunderplatz.de\/wp-content\/uploads\/2019\/03\/IMG_9343.jpg 400w\" sizes=\"auto, (max-width: 111px) 100vw, 111px\" \/><\/a>\u00a0<a href=\"http:\/\/ggs-sunderplatz.de\/wp-content\/uploads\/2019\/03\/IMG_9342.jpg\"><img loading=\"lazy\" decoding=\"async\" class=\"alignnone size-medium wp-image-5492\" alt=\"IMG_9342\" src=\"http:\/\/ggs-sunderplatz.de\/wp-content\/uploads\/2019\/03\/IMG_9342-200x300.jpg\" width=\"111\" height=\"167\" srcset=\"http:\/\/ggs-sunderplatz.de\/wp-content\/uploads\/2019\/03\/IMG_9342-200x300.jpg 200w, http:\/\/ggs-sunderplatz.de\/wp-content\/uploads\/2019\/03\/IMG_9342.jpg 400w\" sizes=\"auto, (max-width: 111px) 100vw, 111px\" \/> <\/a><a href=\"http:\/\/ggs-sunderplatz.de\/wp-content\/uploads\/2019\/03\/IMG_9347.jpg\"><img loading=\"lazy\" decoding=\"async\" class=\"alignnone size-medium wp-image-5494\" alt=\"IMG_9347\" src=\"http:\/\/ggs-sunderplatz.de\/wp-content\/uploads\/2019\/03\/IMG_9347-300x200.jpg\" width=\"250\" height=\"167\" srcset=\"http:\/\/ggs-sunderplatz.de\/wp-content\/uploads\/2019\/03\/IMG_9347-300x200.jpg 300w, http:\/\/ggs-sunderplatz.de\/wp-content\/uploads\/2019\/03\/IMG_9347.jpg 1024w\" sizes=\"auto, (max-width: 250px) 100vw, 250px\" \/><\/a> <a href=\"http:\/\/ggs-sunderplatz.de\/wp-content\/uploads\/2019\/03\/IMG_9352.jpg\"><img loading=\"lazy\" decoding=\"async\" class=\"alignnone size-medium wp-image-5495\" alt=\"IMG_9352\" src=\"http:\/\/ggs-sunderplatz.de\/wp-content\/uploads\/2019\/03\/IMG_9352-300x199.jpg\" width=\"250\" height=\"166\" srcset=\"http:\/\/ggs-sunderplatz.de\/wp-content\/uploads\/2019\/03\/IMG_9352-300x199.jpg 300w, http:\/\/ggs-sunderplatz.de\/wp-content\/uploads\/2019\/03\/IMG_9352.jpg 800w\" sizes=\"auto, (max-width: 250px) 100vw, 250px\" \/><\/a><a href=\"http:\/\/ggs-sunderplatz.de\/wp-content\/uploads\/2019\/03\/IMG_9385.jpg\"> <img loading=\"lazy\" decoding=\"async\" class=\"alignnone size-medium wp-image-5496\" alt=\"IMG_9385\" src=\"http:\/\/ggs-sunderplatz.de\/wp-content\/uploads\/2019\/03\/IMG_9385-300x199.jpg\" width=\"250\" height=\"166\" srcset=\"http:\/\/ggs-sunderplatz.de\/wp-content\/uploads\/2019\/03\/IMG_9385-300x199.jpg 300w, http:\/\/ggs-sunderplatz.de\/wp-content\/uploads\/2019\/03\/IMG_9385.jpg 800w\" sizes=\"auto, (max-width: 250px) 100vw, 250px\" \/> <\/a><a href=\"http:\/\/ggs-sunderplatz.de\/wp-content\/uploads\/2019\/03\/IMG_9390.jpg\"><img loading=\"lazy\" decoding=\"async\" class=\"alignnone size-medium wp-image-5497\" alt=\"IMG_9390\" src=\"http:\/\/ggs-sunderplatz.de\/wp-content\/uploads\/2019\/03\/IMG_9390-300x199.jpg\" width=\"250\" height=\"166\" srcset=\"http:\/\/ggs-sunderplatz.de\/wp-content\/uploads\/2019\/03\/IMG_9390-300x199.jpg 300w, http:\/\/ggs-sunderplatz.de\/wp-content\/uploads\/2019\/03\/IMG_9390.jpg 800w\" sizes=\"auto, (max-width: 250px) 100vw, 250px\" \/><\/a><a href=\"http:\/\/ggs-sunderplatz.de\/wp-content\/uploads\/2019\/03\/IMG_9391.jpg\"> <img loading=\"lazy\" decoding=\"async\" class=\"alignnone size-medium wp-image-5498\" alt=\"IMG_9391\" src=\"http:\/\/ggs-sunderplatz.de\/wp-content\/uploads\/2019\/03\/IMG_9391-300x199.jpg\" width=\"250\" height=\"166\" srcset=\"http:\/\/ggs-sunderplatz.de\/wp-content\/uploads\/2019\/03\/IMG_9391-300x199.jpg 300w, http:\/\/ggs-sunderplatz.de\/wp-content\/uploads\/2019\/03\/IMG_9391.jpg 800w\" sizes=\"auto, (max-width: 250px) 100vw, 250px\" \/><\/a><a href=\"http:\/\/ggs-sunderplatz.de\/wp-content\/uploads\/2019\/03\/IMG_9392.jpg\"> <img loading=\"lazy\" decoding=\"async\" class=\"alignnone size-medium wp-image-5499\" alt=\"IMG_9392\" src=\"http:\/\/ggs-sunderplatz.de\/wp-content\/uploads\/2019\/03\/IMG_9392-300x199.jpg\" width=\"250\" height=\"166\" srcset=\"http:\/\/ggs-sunderplatz.de\/wp-content\/uploads\/2019\/03\/IMG_9392-300x199.jpg 300w, http:\/\/ggs-sunderplatz.de\/wp-content\/uploads\/2019\/03\/IMG_9392.jpg 800w\" sizes=\"auto, (max-width: 250px) 100vw, 250px\" \/> <\/a><a href=\"http:\/\/ggs-sunderplatz.de\/wp-content\/uploads\/2019\/03\/IMG_9393.jpg\"><img loading=\"lazy\" decoding=\"async\" class=\"alignnone size-medium wp-image-5500\" alt=\"IMG_9393\" src=\"http:\/\/ggs-sunderplatz.de\/wp-content\/uploads\/2019\/03\/IMG_9393-300x199.jpg\" width=\"250\" height=\"166\" srcset=\"http:\/\/ggs-sunderplatz.de\/wp-content\/uploads\/2019\/03\/IMG_9393-300x199.jpg 300w, http:\/\/ggs-sunderplatz.de\/wp-content\/uploads\/2019\/03\/IMG_9393.jpg 800w\" sizes=\"auto, (max-width: 250px) 100vw, 250px\" \/><\/a><a href=\"http:\/\/ggs-sunderplatz.de\/wp-content\/uploads\/2019\/03\/IMG_9396.jpg\"> <img loading=\"lazy\" decoding=\"async\" class=\"alignnone size-medium wp-image-5501\" alt=\"IMG_9396\" src=\"http:\/\/ggs-sunderplatz.de\/wp-content\/uploads\/2019\/03\/IMG_9396-300x199.jpg\" width=\"250\" height=\"166\" srcset=\"http:\/\/ggs-sunderplatz.de\/wp-content\/uploads\/2019\/03\/IMG_9396-300x199.jpg 300w, http:\/\/ggs-sunderplatz.de\/wp-content\/uploads\/2019\/03\/IMG_9396.jpg 800w\" sizes=\"auto, (max-width: 250px) 100vw, 250px\" \/><\/a><a href=\"http:\/\/ggs-sunderplatz.de\/wp-content\/uploads\/2019\/03\/IMG_9398.jpg\"> <img loading=\"lazy\" decoding=\"async\" class=\"alignnone size-medium wp-image-5502\" alt=\"IMG_9398\" src=\"http:\/\/ggs-sunderplatz.de\/wp-content\/uploads\/2019\/03\/IMG_9398-300x199.jpg\" width=\"250\" height=\"166\" srcset=\"http:\/\/ggs-sunderplatz.de\/wp-content\/uploads\/2019\/03\/IMG_9398-300x199.jpg 300w, http:\/\/ggs-sunderplatz.de\/wp-content\/uploads\/2019\/03\/IMG_9398.jpg 800w\" sizes=\"auto, (max-width: 250px) 100vw, 250px\" \/>\u00a0<\/a><a href=\"http:\/\/ggs-sunderplatz.de\/wp-content\/uploads\/2019\/03\/IMG_9399.jpg\"><img loading=\"lazy\" decoding=\"async\" class=\"alignnone size-medium wp-image-5503\" alt=\"IMG_9399\" src=\"http:\/\/ggs-sunderplatz.de\/wp-content\/uploads\/2019\/03\/IMG_9399-300x199.jpg\" width=\"250\" height=\"166\" srcset=\"http:\/\/ggs-sunderplatz.de\/wp-content\/uploads\/2019\/03\/IMG_9399-300x199.jpg 300w, http:\/\/ggs-sunderplatz.de\/wp-content\/uploads\/2019\/03\/IMG_9399.jpg 800w\" sizes=\"auto, (max-width: 250px) 100vw, 250px\" \/><\/a>\u00a0<a href=\"http:\/\/ggs-sunderplatz.de\/wp-content\/uploads\/2019\/03\/IMG_9400.jpg\"><img loading=\"lazy\" decoding=\"async\" class=\"alignnone size-medium wp-image-5504\" alt=\"IMG_9400\" src=\"http:\/\/ggs-sunderplatz.de\/wp-content\/uploads\/2019\/03\/IMG_9400-300x199.jpg\" width=\"250\" height=\"166\" srcset=\"http:\/\/ggs-sunderplatz.de\/wp-content\/uploads\/2019\/03\/IMG_9400-300x199.jpg 300w, http:\/\/ggs-sunderplatz.de\/wp-content\/uploads\/2019\/03\/IMG_9400.jpg 800w\" sizes=\"auto, (max-width: 250px) 100vw, 250px\" \/><\/a> <a href=\"http:\/\/ggs-sunderplatz.de\/wp-content\/uploads\/2019\/03\/IMG_9402.jpg\"><img loading=\"lazy\" decoding=\"async\" class=\"alignnone size-medium wp-image-5506\" alt=\"IMG_9402\" src=\"http:\/\/ggs-sunderplatz.de\/wp-content\/uploads\/2019\/03\/IMG_9402-300x199.jpg\" width=\"250\" height=\"166\" srcset=\"http:\/\/ggs-sunderplatz.de\/wp-content\/uploads\/2019\/03\/IMG_9402-300x199.jpg 300w, http:\/\/ggs-sunderplatz.de\/wp-content\/uploads\/2019\/03\/IMG_9402.jpg 800w\" sizes=\"auto, (max-width: 250px) 100vw, 250px\" \/><\/a><a href=\"http:\/\/ggs-sunderplatz.de\/wp-content\/uploads\/2019\/03\/IMG_9404.jpg\"> <img loading=\"lazy\" decoding=\"async\" class=\"alignnone size-medium wp-image-5507\" alt=\"IMG_9404\" src=\"http:\/\/ggs-sunderplatz.de\/wp-content\/uploads\/2019\/03\/IMG_9404-300x199.jpg\" width=\"250\" height=\"166\" srcset=\"http:\/\/ggs-sunderplatz.de\/wp-content\/uploads\/2019\/03\/IMG_9404-300x199.jpg 300w, http:\/\/ggs-sunderplatz.de\/wp-content\/uploads\/2019\/03\/IMG_9404.jpg 800w\" sizes=\"auto, (max-width: 250px) 100vw, 250px\" \/><\/a> <a href=\"http:\/\/ggs-sunderplatz.de\/wp-content\/uploads\/2019\/03\/IMG_9401.jpg\"><img loading=\"lazy\" decoding=\"async\" class=\"alignnone size-medium wp-image-5505\" alt=\"IMG_9401\" src=\"http:\/\/ggs-sunderplatz.de\/wp-content\/uploads\/2019\/03\/IMG_9401-300x199.jpg\" width=\"250\" height=\"166\" srcset=\"http:\/\/ggs-sunderplatz.de\/wp-content\/uploads\/2019\/03\/IMG_9401-300x199.jpg 300w, http:\/\/ggs-sunderplatz.de\/wp-content\/uploads\/2019\/03\/IMG_9401.jpg 800w\" sizes=\"auto, (max-width: 250px) 100vw, 250px\" \/>\u00a0<\/a><a href=\"http:\/\/ggs-sunderplatz.de\/wp-content\/uploads\/2019\/03\/IMG_9408.jpg\"><img loading=\"lazy\" decoding=\"async\" class=\"alignnone size-medium wp-image-5508\" alt=\"IMG_9408\" src=\"http:\/\/ggs-sunderplatz.de\/wp-content\/uploads\/2019\/03\/IMG_9408-300x199.jpg\" width=\"250\" height=\"166\" srcset=\"http:\/\/ggs-sunderplatz.de\/wp-content\/uploads\/2019\/03\/IMG_9408-300x199.jpg 300w, http:\/\/ggs-sunderplatz.de\/wp-content\/uploads\/2019\/03\/IMG_9408.jpg 800w\" sizes=\"auto, (max-width: 250px) 100vw, 250px\" \/><\/a> <a href=\"http:\/\/ggs-sunderplatz.de\/wp-content\/uploads\/2019\/03\/IMG_9415.jpg\"><img loading=\"lazy\" decoding=\"async\" class=\"alignnone size-medium wp-image-5511\" alt=\"IMG_9415\" src=\"http:\/\/ggs-sunderplatz.de\/wp-content\/uploads\/2019\/03\/IMG_9415-300x199.jpg\" width=\"250\" height=\"166\" srcset=\"http:\/\/ggs-sunderplatz.de\/wp-content\/uploads\/2019\/03\/IMG_9415-300x199.jpg 300w, http:\/\/ggs-sunderplatz.de\/wp-content\/uploads\/2019\/03\/IMG_9415.jpg 800w\" sizes=\"auto, (max-width: 250px) 100vw, 250px\" \/><\/a> <a href=\"http:\/\/ggs-sunderplatz.de\/wp-content\/uploads\/2019\/03\/IMG_9413.jpg\"><img loading=\"lazy\" decoding=\"async\" class=\"alignnone size-medium wp-image-5510\" alt=\"IMG_9413\" src=\"http:\/\/ggs-sunderplatz.de\/wp-content\/uploads\/2019\/03\/IMG_9413-300x199.jpg\" width=\"250\" height=\"166\" srcset=\"http:\/\/ggs-sunderplatz.de\/wp-content\/uploads\/2019\/03\/IMG_9413-300x199.jpg 300w, http:\/\/ggs-sunderplatz.de\/wp-content\/uploads\/2019\/03\/IMG_9413.jpg 800w\" sizes=\"auto, (max-width: 250px) 100vw, 250px\" \/><\/a> <a href=\"http:\/\/ggs-sunderplatz.de\/wp-content\/uploads\/2019\/03\/IMG_9412.jpg\"><img loading=\"lazy\" decoding=\"async\" class=\"alignnone size-medium wp-image-5509\" alt=\"IMG_9412\" src=\"http:\/\/ggs-sunderplatz.de\/wp-content\/uploads\/2019\/03\/IMG_9412-300x199.jpg\" width=\"250\" height=\"166\" srcset=\"http:\/\/ggs-sunderplatz.de\/wp-content\/uploads\/2019\/03\/IMG_9412-300x199.jpg 300w, http:\/\/ggs-sunderplatz.de\/wp-content\/uploads\/2019\/03\/IMG_9412.jpg 800w\" sizes=\"auto, (max-width: 250px) 100vw, 250px\" \/> <\/a><a href=\"http:\/\/ggs-sunderplatz.de\/wp-content\/uploads\/2019\/03\/IMG_9417.jpg\"><img loading=\"lazy\" decoding=\"async\" class=\"alignnone size-medium wp-image-5512\" alt=\"IMG_9417\" src=\"http:\/\/ggs-sunderplatz.de\/wp-content\/uploads\/2019\/03\/IMG_9417-300x199.jpg\" width=\"250\" height=\"166\" srcset=\"http:\/\/ggs-sunderplatz.de\/wp-content\/uploads\/2019\/03\/IMG_9417-300x199.jpg 300w, http:\/\/ggs-sunderplatz.de\/wp-content\/uploads\/2019\/03\/IMG_9417.jpg 800w\" sizes=\"auto, (max-width: 250px) 100vw, 250px\" \/><\/a> <a href=\"http:\/\/ggs-sunderplatz.de\/wp-content\/uploads\/2019\/03\/IMG_9418.jpg\"><img loading=\"lazy\" decoding=\"async\" class=\"alignnone size-medium wp-image-5513\" alt=\"IMG_9418\" src=\"http:\/\/ggs-sunderplatz.de\/wp-content\/uploads\/2019\/03\/IMG_9418-300x200.jpg\" width=\"250\" height=\"167\" srcset=\"http:\/\/ggs-sunderplatz.de\/wp-content\/uploads\/2019\/03\/IMG_9418-300x200.jpg 300w, http:\/\/ggs-sunderplatz.de\/wp-content\/uploads\/2019\/03\/IMG_9418.jpg 1024w\" sizes=\"auto, (max-width: 250px) 100vw, 250px\" \/><\/a>\u00a0<a href=\"http:\/\/ggs-sunderplatz.de\/wp-content\/uploads\/2019\/03\/FAHC6785.jpg\"><img loading=\"lazy\" decoding=\"async\" class=\"alignnone size-medium wp-image-5482\" alt=\"FAHC6785\" src=\"http:\/\/ggs-sunderplatz.de\/wp-content\/uploads\/2019\/03\/FAHC6785-300x225.jpg\" width=\"250\" height=\"188\" srcset=\"http:\/\/ggs-sunderplatz.de\/wp-content\/uploads\/2019\/03\/FAHC6785-300x225.jpg 300w, http:\/\/ggs-sunderplatz.de\/wp-content\/uploads\/2019\/03\/FAHC6785.jpg 1024w\" sizes=\"auto, (max-width: 250px) 100vw, 250px\" \/><\/a> <a href=\"http:\/\/ggs-sunderplatz.de\/wp-content\/uploads\/2019\/03\/NZES6371.jpg\"><img loading=\"lazy\" decoding=\"async\" class=\"alignnone size-medium wp-image-5515\" alt=\"NZES6371\" src=\"http:\/\/ggs-sunderplatz.de\/wp-content\/uploads\/2019\/03\/NZES6371-225x300.jpg\" width=\"140\" height=\"187\" srcset=\"http:\/\/ggs-sunderplatz.de\/wp-content\/uploads\/2019\/03\/NZES6371-225x300.jpg 225w, http:\/\/ggs-sunderplatz.de\/wp-content\/uploads\/2019\/03\/NZES6371.jpg 768w\" sizes=\"auto, (max-width: 140px) 100vw, 140px\" \/><\/a> <a href=\"http:\/\/ggs-sunderplatz.de\/wp-content\/uploads\/2019\/03\/TIYJ0322.jpg\"><img loading=\"lazy\" decoding=\"async\" class=\"alignnone size-medium wp-image-5519\" alt=\"TIYJ0322\" src=\"http:\/\/ggs-sunderplatz.de\/wp-content\/uploads\/2019\/03\/TIYJ0322-225x300.jpg\" width=\"140\" height=\"187\" srcset=\"http:\/\/ggs-sunderplatz.de\/wp-content\/uploads\/2019\/03\/TIYJ0322-225x300.jpg 225w, http:\/\/ggs-sunderplatz.de\/wp-content\/uploads\/2019\/03\/TIYJ0322.jpg 768w\" sizes=\"auto, (max-width: 140px) 100vw, 140px\" \/><\/a> <a href=\"http:\/\/ggs-sunderplatz.de\/wp-content\/uploads\/2019\/03\/MMOB8907.jpg\"><img loading=\"lazy\" decoding=\"async\" class=\"alignnone size-medium wp-image-5514\" alt=\"MMOB8907\" src=\"http:\/\/ggs-sunderplatz.de\/wp-content\/uploads\/2019\/03\/MMOB8907-300x225.jpg\" width=\"250\" height=\"188\" srcset=\"http:\/\/ggs-sunderplatz.de\/wp-content\/uploads\/2019\/03\/MMOB8907-300x225.jpg 300w, http:\/\/ggs-sunderplatz.de\/wp-content\/uploads\/2019\/03\/MMOB8907.jpg 1024w\" sizes=\"auto, (max-width: 250px) 100vw, 250px\" \/><\/a> <a href=\"http:\/\/ggs-sunderplatz.de\/wp-content\/uploads\/2019\/03\/QGSU6277.jpg\"><img loading=\"lazy\" decoding=\"async\" class=\"alignnone size-medium wp-image-5516\" alt=\"QGSU6277\" src=\"http:\/\/ggs-sunderplatz.de\/wp-content\/uploads\/2019\/03\/QGSU6277-300x225.jpg\" width=\"250\" height=\"188\" srcset=\"http:\/\/ggs-sunderplatz.de\/wp-content\/uploads\/2019\/03\/QGSU6277-300x225.jpg 300w, http:\/\/ggs-sunderplatz.de\/wp-content\/uploads\/2019\/03\/QGSU6277-1024x768.jpg 1024w, http:\/\/ggs-sunderplatz.de\/wp-content\/uploads\/2019\/03\/QGSU6277.jpg 1600w\" sizes=\"auto, (max-width: 250px) 100vw, 250px\" \/><\/a> <a href=\"http:\/\/ggs-sunderplatz.de\/wp-content\/uploads\/2019\/03\/RMDP8595.jpg\"><img loading=\"lazy\" decoding=\"async\" class=\"alignnone size-medium wp-image-5517\" alt=\"RMDP8595\" src=\"http:\/\/ggs-sunderplatz.de\/wp-content\/uploads\/2019\/03\/RMDP8595-300x196.jpg\" width=\"300\" height=\"196\" srcset=\"http:\/\/ggs-sunderplatz.de\/wp-content\/uploads\/2019\/03\/RMDP8595-300x196.jpg 300w, http:\/\/ggs-sunderplatz.de\/wp-content\/uploads\/2019\/03\/RMDP8595.jpg 1024w\" sizes=\"auto, (max-width: 300px) 100vw, 300px\" \/><\/a><a href=\"http:\/\/ggs-sunderplatz.de\/wp-content\/uploads\/2019\/03\/SEZM7665.jpg\"><img loading=\"lazy\" decoding=\"async\" class=\"alignnone size-medium wp-image-5518\" alt=\"SEZM7665\" src=\"http:\/\/ggs-sunderplatz.de\/wp-content\/uploads\/2019\/03\/SEZM7665-300x70.jpg\" width=\"300\" height=\"70\" srcset=\"http:\/\/ggs-sunderplatz.de\/wp-content\/uploads\/2019\/03\/SEZM7665-300x70.jpg 300w, http:\/\/ggs-sunderplatz.de\/wp-content\/uploads\/2019\/03\/SEZM7665-1024x240.jpg 1024w, http:\/\/ggs-sunderplatz.de\/wp-content\/uploads\/2019\/03\/SEZM7665.jpg 1600w\" sizes=\"auto, (max-width: 300px) 100vw, 300px\" \/> <\/a><\/p>\n","protected":false},"excerpt":{"rendered":"<p>Heute wurde es endlich aufgebaut: DAS ZIRKUSZELT SUNDERLINO! Viele flei\u00dfige Helfer kamen am Sonntag bei sch\u00f6nstem Sonnenschein und packten tatkr\u00e4ftig mit an! Und nun steht es, unser tolles Zirkuszelt! Nun kann die Projektwoche beginnen! Einen herzlichen Dank an alle Helferinnen und Helfer! \ud83d\ude42 \u00a0 \u00a0\u00a0 \u00a0 \u00a0<\/p>\n","protected":false},"author":1,"featured_media":0,"parent":4787,"menu_order":0,"comment_status":"closed","ping_status":"closed","template":"","meta":{"footnotes":""},"class_list":["post-4786","page","type-page","status-publish","hentry"],"_links":{"self":[{"href":"http:\/\/ggs-sunderplatz.de\/index.php?rest_route=\/wp\/v2\/pages\/4786","targetHints":{"allow":["GET"]}}],"collection":[{"href":"http:\/\/ggs-sunderplatz.de\/index.php?rest_route=\/wp\/v2\/pages"}],"about":[{"href":"http:\/\/ggs-sunderplatz.de\/index.php?rest_route=\/wp\/v2\/types\/page"}],"author":[{"embeddable":true,"href":"http:\/\/ggs-sunderplatz.de\/index.php?rest_route=\/wp\/v2\/users\/1"}],"replies":[{"embeddable":true,"href":"http:\/\/ggs-sunderplatz.de\/index.php?rest_route=%2Fwp%2Fv2%2Fcomments&post=4786"}],"version-history":[{"count":9,"href":"http:\/\/ggs-sunderplatz.de\/index.php?rest_route=\/wp\/v2\/pages\/4786\/revisions"}],"predecessor-version":[{"id":5529,"href":"http:\/\/ggs-sunderplatz.de\/index.php?rest_route=\/wp\/v2\/pages\/4786\/revisions\/5529"}],"up":[{"embeddable":true,"href":"http:\/\/ggs-sunderplatz.de\/index.php?rest_route=\/wp\/v2\/pages\/4787"}],"wp:attachment":[{"href":"http:\/\/ggs-sunderplatz.de\/index.php?rest_route=%2Fwp%2Fv2%2Fmedia&parent=4786"}],"curies":[{"name":"wp","href":"https:\/\/api.w.org\/{rel}","templated":true}]}}