{"id":422,"date":"2013-11-12T17:48:32","date_gmt":"2013-11-12T17:48:32","guid":{"rendered":"http:\/\/ggs-sunderplatz.de\/?page_id=422"},"modified":"2015-07-14T05:47:48","modified_gmt":"2015-07-14T05:47:48","slug":"klassenfahrt-und-ausfluege","status":"publish","type":"page","link":"http:\/\/ggs-sunderplatz.de\/?page_id=422","title":{"rendered":"Klassenfahrt und Ausfl\u00fcge"},"content":{"rendered":"<h4><span style=\"color: #ff6600;\">Klassenfahrtbericht der ehemaligen Klasse 3a siehe unter &#8222;Unsere Klassen\/ Ehemalige_Klasse 4a_2014\/2015 (Frau Klar))<\/span><\/h4>\n<h4>____________________________________________________________________________________________________<\/h4>\n<h3><span style=\"color: #3366ff; font-size: x-large;\">Europatag am 5. Mai 2014<\/span><\/h3>\n<p><span style=\"color: #000000; font-size: x-large;\"><span style=\"color: #ffff00;\">Wir, die Klasse 4a, wurden ausgelost, um am Europatag 2014 teilzunehmen. Es war sehr spannend, lecker und wir haben viel gelernt.<\/span> <\/span><span style=\"color: #000000; font-size: x-large;\"><span style=\"color: #3366ff;\">Als wir im Berufskolleg M\u00fclheim an der Ruhr ankamen, haben wir gesungen und entsprechende Bewegungen gemacht. Danach wurden wir in drei Gruppen eingeteilt, um zu kochen, Bewegungsspiele und ein Quiz durchzuf\u00fchren. Beim Quiz mussten wir mit einem Indiaca Fragen treffen und beantworten. Bewegen bestand aus mehreren kleinen Spielen: Europareise, Italien vs. Frankreich, Farbenwechsel, Musikschlange und einer Rakete.<\/span> <span style=\"color: #ffff00;\">Gekocht haben wir: griechischen Bauernsalat, Pide aus der T\u00fcrkei und Fladenbrot mit Tzatziki. Die Hauptspeisen hie\u00dfen: Pizza aus Italien, schwedische K\u00f6ttbullar mit Kartoffelp\u00fcree und Paella aus Spanien. Als Nachtisch gab es franz\u00f6zisches Mousse au Chocolat und Apple Crumble aus Gro\u00dfbritannien. Alle fanden diesen Tag sehr sch\u00f6n!\u00a0\u00a0\u00a0<\/span><span style=\"color: #3366ff;\"><span style=\"color: #ffff00;\">\u00a0\u00a0\u00a0\u00a0\u00a0\u00a0\u00a0\u00a0\u00a0\u00a0\u00a0\u00a0\u00a0\u00a0\u00a0\u00a0\u00a0\u00a0\u00a0\u00a0\u00a0\u00a0\u00a0\u00a0\u00a0\u00a0\u00a0\u00a0\u00a0\u00a0\u00a0\u00a0\u00a0\u00a0\u00a0\u00a0\u00a0\u00a0\u00a0\u00a0\u00a0\u00a0\u00a0\u00a0\u00a0\u00a0\u00a0\u00a0\u00a0\u00a0\u00a0\u00a0\u00a0\u00a0\u00a0\u00a0\u00a0\u00a0\u00a0\u00a0\u00a0<\/span>\u00a0\u00a0\u00a0\u00a0\u00a0\u00a0\u00a0\u00a0\u00a0\u00a0 <\/span><\/span><\/p>\n<p><span style=\"color: #3366ff; font-size: x-large;\">(Torben, Katharina S., Arne, Kl. 4a_2013\/ 2014)<\/span><\/p>\n<hr \/>\n<h3><span style=\"font-family: Calibri;\"><span style=\"color: #99cc00;\">Kulturtag 2014\u00a0<\/span><span style=\"color: #000000;\"><span style=\"color: #33cccc;\"> &#8211; Sambaauftritt<\/span> <span style=\"color: #ff00ff;\">in der<\/span> <span style=\"color: #ff6600;\">Stadthalle<\/span><\/span><\/span><\/h3>\n<p><span style=\"font-size: x-large;\"><span style=\"color: #ff6600; font-family: Calibri;\">Am Donnerstag, den 27.3.14, waren wir &#8211; die Klasse 4b von der GGS am Sunderplatz &#8211; in der Stadthalle, in der wir Samba gespielt haben, unter der Leitung von Herr Kahle, unserem Trommellehrer. <\/span><span style=\"color: #33cccc;\"><span style=\"font-family: Calibri;\">Kurz nachdem wir mit dem Bus angekommen waren, trafen wir uns im Foyer auf einer kleinen B\u00fchne, wo wir Samba trommeln wollten.\u00a0<\/span><span style=\"font-family: Calibri;\">Wir haben ein Trommelprojekt in der Schule schon seit dem Sommer 2013 und zwar immer am Montag zwei Schulstunden.\u00a0<\/span><span style=\"font-family: Calibri;\">Deswegen waren wir sehr gut f\u00fcr unseren ersten Auftritt in der Stadthalle vorbereitet.\u00a0<\/span><\/span><span style=\"color: #000000; font-family: Calibri;\"><span style=\"color: #33cccc;\">Wir machten einen Einzug vom Foyer aus in den Theatersaal mit dem Publikum.<\/span><br \/>\n<\/span><span style=\"color: #99cc00;\"><span style=\"font-family: Calibri;\"> Im Treppenaufgang war es sehr laut und es hat gehallt. Auf der B\u00fchne haben wir dann unseren zweiten Sambaschluss gemacht. Vorher aber hat der Clown Friedhelm die Zeit bis Herr Kahle kam \u00fcberbr\u00fcckt, indem er mit zwei Kindern aus einer anderen Grundschule einen Wettkampf im Luftballonaufblasen gemacht hat.\u00a0<\/span><span style=\"font-family: Calibri;\">\u00a0<\/span><\/span><\/span><\/p>\n<p><span style=\"font-size: x-large;\"><span style=\"color: #ffcc00;\"><span style=\"font-family: Calibri;\">Als Herr Kahle kam, haben Lena und ich eine Rede gehalten:<br \/>\n<\/span><span style=\"font-family: Calibri;\"> \u201eHallo, sch\u00f6n, dass sie da sind!\u00a0<\/span><span style=\"font-family: Calibri;\">Wir sind die Klasse 4b der GGS am Sunderplatz. Wir haben ein Trommelprojekt und da wollten wir Sie in das Land, in dem dieses Jahr die Fu\u00dfball WM stattfindet, mitnehmen!\u00a0<\/span><span style=\"font-family: Calibri;\">N\u00e4mlich nach Brasilien oder eher nach Rio de Janeiro, die Hauptstadt des Sambas. Das hei\u00dft, wir spielen ein bisschen Samba mit den verschiedenen Trommeln. <\/span><span style=\"font-family: Calibri;\">Da w\u00e4ren: Surdo, A-Go-Go, Ganz\u00e1, Tamborim und Caxia. <\/span><span style=\"font-family: Calibri;\">Es w\u00e4re toll, wenn Sie mitmachen w\u00fcrden!\u00a0<\/span><span style=\"font-family: Calibri;\">Klatschen sie daf\u00fcr einfach nur in die H\u00e4nde, wenn wir die Trommeln \u00fcber den Kopf halten.<br \/>\n<\/span><span style=\"font-family: Calibri;\"> Zum Schluss, w\u00fcrden wir ihnen gerne noch Herrn Kahle, unseren Trommellehrer vorstellen.\u00a0<\/span><span style=\"font-family: Calibri;\">Viel Spa\u00df beim Auftritt!\u201c\u00a0\u00a0<\/span><span style=\"font-family: Calibri;\"><br \/>\n<\/span><\/span><span style=\"color: #ff00ff;\"><span style=\"font-family: Calibri;\">In dem Theatersaal tanzte die 3b noch die \u201eVier Jahreszeiten\u201c,\u00a0<\/span><span style=\"font-family: Calibri;\">eine andere Grundschule f\u00fchrte \u201eDas Dschungelbuch\u201c auf.\u00a0Die n\u00e4chste Gruppe trommelte etwas Afrikanisches. <\/span><\/span><span style=\"color: #ff0000; font-family: Calibri;\">Besonders gut gefallen hat mir, dass wir doch noch auf die B\u00fchne durften, weil ich auch mal auf dieser gro\u00dfen B\u00fchne stehen wollte und ich nicht nur von unten heraufschauen musste.\u00a0Schade fand ich, dass alles so schnell vorbei war!\u00a0\u00a0\u00a0\u00a0\u00a0\u00a0\u00a0\u00a0\u00a0\u00a0\u00a0\u00a0\u00a0\u00a0\u00a0\u00a0\u00a0\u00a0\u00a0\u00a0 <\/span><\/span><\/p>\n<p><span style=\"font-size: x-large;\"><span style=\"color: #ff0000; font-family: Calibri;\">(Sara T., 4b_2013\/ 2014)<\/span><\/span><\/p>\n<hr \/>\n<p><span style=\"font-size: xx-large;\"><strong><span style=\"color: #000000; font-family: Calibri;\"><span style=\"color: #0000ff;\"><span style=\"color: #3366ff;\">KLASSE<\/span><span style=\"color: #ff0000;\">!<\/span><\/span> <span style=\"color: #3366ff;\">WIR <\/span><span style=\"color: #ff0000;\">S<\/span><span style=\"color: #3366ff;\">I<\/span><span style=\"color: #99cc00;\">N<\/span><span style=\"color: #ff00ff;\">G<\/span><span style=\"color: #ffffff;\">E<\/span><span style=\"color: #ff6600;\">N<\/span><\/span><\/strong><\/span><\/p>\n<p><span style=\"font-family: Calibri; font-size: x-large;\"><span style=\"color: #33cccc;\">Am Samstag, den 29.3.2014, war die ganze Schule \u201eGGS am Sunderplatz\u201c und noch andere Schulen bei dem Liederfest \u201cKlasse! Wir singen\u201c. \u00a0<\/span><span style=\"color: #000000;\"><span style=\"color: #33cccc;\">Bei \u201cKlasse! Wir singen\u201c ging es darum mit anderen Kindern Lieder zu singen, die man vorher ge\u00fcbt hatte. Stattgefunden hat die Veranstaltung in der K\u00f6nig- Pilsener-Arena in Oberhausen. Unser Treffpunkt war um 9.45 Uhr auf der R\u00fcckseite von der Arena. Dort hat jedes Kind einen Button bekommen, auf welchem die Blocknummer und die jeweilige Klasse stand.<\/span> <\/span><\/span><\/p>\n<p><span style=\"font-size: x-large;\"><span style=\"font-family: Calibri;\"><span style=\"color: #000000;\"><span style=\"color: #99cc00;\">Bevor wir in Richtung Eingang gelaufen sind, wurde durch unsere Lehrerin noch ein Foto gemacht. Nun sind wir losgegangen und mussten vor dem Eingang ersteinmal warten, weil wir keinen Helfer mit gelbem<\/span><\/span><span style=\"color: #99cc00;\">\u00a0 T-Shirt hatten, der uns in die Halle f\u00fchren sollte. Als wir dann endlich einen Helfer bekamen, hat dieser uns zu den Pl\u00e4tzen gebracht.\u00a0<\/span><\/span><span style=\"font-family: Calibri;\"><span style=\"color: #000000;\">\u00a0<\/span><\/span><\/span><\/p>\n<p><span style=\"font-size: x-large;\"><span style=\"color: #ffcc00;\"><span style=\"font-family: Calibri;\">Als alle Kinder sa\u00dfen, hat eine Frau mit uns zwei Aufw\u00e4rm\u00fcbungen f\u00fcr unsere Stimmen ge\u00fcbt.\u00a0Die erste \u00dcbung war ein Ger\u00e4usch wie eine Rakete zu machen, die zweite wie ein Gespenst zu rufen. Nach den Aufw\u00e4rm-\u00dcbungen kam der Sicherheitsbeauftragte auf das kleine Podest. Der <\/span><span style=\"font-family: Calibri;\">Sicherheits<\/span><\/span><span style=\"font-family: Calibri;\"><span style=\"color: #ffcc00;\">beauftragte hat uns zum Beispiel erkl\u00e4rt, was wir tun sollen, wenn es brennt und wenn man auf die Toilette muss, dass \u00a0wir keinen M\u00fcll liegen lassen sollen und dass \u00a0<\/span><span style=\"color: #000000;\"><span style=\"color: #ffcc00;\">wir die Handys ausschalten sollten.<\/span> <\/span><\/span><\/span><\/p>\n<p><span style=\"font-size: x-large;\"><span style=\"font-family: Calibri;\"><span style=\"color: #ff6600;\">Die ganzen Lieder, die wir Kinder und auch die Erwachsenen gesungen haben, wurden von einem Kinderchor aus M\u00fclheim und einer sehr guten Band begleitet. <\/span><\/span><span style=\"font-family: Calibri;\"><span style=\"color: #000000;\"><span style=\"color: #ff6600;\">Meine Lieblingslieder waren: ,,Hab `ne Tante aus Marokko, Kein sch\u00f6ner Land in dieser Zeit und der Mond ist aufgegangen\u201c. Durch das ganze Programm hat eine Moderatorin gef\u00fchrt. Am Ende vom Lied \u201eMeine Bieber haben Fieber\u201c hat die Band noch einen tollen Rock-Song gespielt und wir sollten dabei klatschen. F\u00fcr die Erwachsenen und die Kinder, die den Text nicht auswendig konnten, wurde dieser auf Leinw\u00e4nden gezeigt, sodass man mitsingen konnte.<\/span> <\/span><\/span><\/span><\/p>\n<p><span style=\"font-size: x-large;\"><span style=\"font-family: Calibri;\"><span style=\"color: #000000;\"><span style=\"color: #ff0000;\">W\u00e4hrend wir alle Lieder gesungen haben, wurden wir dabei von einem Kameramann gefilmt und abends konnte man sich den Film auf dem<\/span><\/span><span style=\"color: #ff0000;\">\u00a0 WDR anschauen. Am Schluss von \u201eKlasse! Wir singen\u201c mussten alle Kinder sitzen bleiben und von den Eltern abgeholt werden. Nachdem wir drau\u00dfen waren, sind alle Kinder mit ihren Eltern zum Auto gegangen.\u00a0\u00a0\u00a0\u00a0\u00a0\u00a0\u00a0\u00a0\u00a0\u00a0\u00a0\u00a0\u00a0\u00a0\u00a0\u00a0\u00a0\u00a0\u00a0\u00a0\u00a0\u00a0\u00a0\u00a0\u00a0\u00a0\u00a0\u00a0\u00a0\u00a0\u00a0\u00a0\u00a0\u00a0\u00a0\u00a0\u00a0\u00a0\u00a0\u00a0\u00a0\u00a0\u00a0\u00a0\u00a0\u00a0\u00a0\u00a0\u00a0\u00a0\u00a0\u00a0\u00a0\u00a0\u00a0\u00a0\u00a0\u00a0\u00a0\u00a0\u00a0\u00a0\u00a0\u00a0\u00a0\u00a0\u00a0\u00a0\u00a0\u00a0\u00a0\u00a0\u00a0\u00a0\u00a0\u00a0\u00a0\u00a0\u00a0\u00a0\u00a0\u00a0\u00a0\u00a0\u00a0\u00a0\u00a0\u00a0\u00a0\u00a0\u00a0\u00a0\u00a0\u00a0\u00a0\u00a0\u00a0\u00a0\u00a0\u00a0\u00a0\u00a0\u00a0\u00a0\u00a0\u00a0\u00a0\u00a0\u00a0\u00a0\u00a0\u00a0\u00a0\u00a0\u00a0\u00a0\u00a0\u00a0\u00a0\u00a0\u00a0\u00a0\u00a0\u00a0\u00a0\u00a0\u00a0\u00a0 <\/span><\/span><\/span><\/p>\n<p><span style=\"color: #ff00ff; font-size: x-large;\"><span style=\"font-family: Calibri;\">(<\/span><span style=\"font-family: Calibri;\">Jana K., Klasse 4b_2013\/ 2014)<\/span><\/span><\/p>\n<hr \/>\n<p>&nbsp;<\/p>\n<h3><span style=\"color: #ff0000;\">Klassen<\/span><span style=\"color: #ffffff;\">fahrt<\/span> <span style=\"color: #ff0000;\">nach<\/span> <span style=\"color: #ffffff;\">Lange<\/span><span style=\"color: #ff0000;\">oog<\/span> <span style=\"color: #ffffff;\">20<\/span><span style=\"color: #ff0000;\">13 (<span style=\"color: #ffffff;\">Klassen 4<\/span>)<\/span><\/h3>\n<p>&nbsp;<\/p>\n<p><a href=\"http:\/\/ggs-sunderplatz.de\/wp-content\/uploads\/2013\/11\/DSC_0979.jpg\"><img loading=\"lazy\" decoding=\"async\" class=\"alignnone size-medium wp-image-415\" alt=\"DSC_0979\" src=\"http:\/\/ggs-sunderplatz.de\/wp-content\/uploads\/2013\/11\/DSC_0979-225x300.jpg\" width=\"225\" height=\"300\" srcset=\"http:\/\/ggs-sunderplatz.de\/wp-content\/uploads\/2013\/11\/DSC_0979-225x300.jpg 225w, http:\/\/ggs-sunderplatz.de\/wp-content\/uploads\/2013\/11\/DSC_0979-768x1024.jpg 768w, http:\/\/ggs-sunderplatz.de\/wp-content\/uploads\/2013\/11\/DSC_0979.jpg 1944w\" sizes=\"auto, (max-width: 225px) 100vw, 225px\" \/><\/a><a href=\"http:\/\/ggs-sunderplatz.de\/wp-content\/uploads\/2013\/11\/DSC_0981.jpg\"><img loading=\"lazy\" decoding=\"async\" class=\"alignnone size-medium wp-image-414\" alt=\"DSC_0981\" src=\"http:\/\/ggs-sunderplatz.de\/wp-content\/uploads\/2013\/11\/DSC_0981-225x300.jpg\" width=\"225\" height=\"300\" srcset=\"http:\/\/ggs-sunderplatz.de\/wp-content\/uploads\/2013\/11\/DSC_0981-225x300.jpg 225w, http:\/\/ggs-sunderplatz.de\/wp-content\/uploads\/2013\/11\/DSC_0981-768x1024.jpg 768w, http:\/\/ggs-sunderplatz.de\/wp-content\/uploads\/2013\/11\/DSC_0981.jpg 1944w\" sizes=\"auto, (max-width: 225px) 100vw, 225px\" \/><\/a><a href=\"http:\/\/ggs-sunderplatz.de\/wp-content\/uploads\/2013\/11\/DSC_0982.jpg\"><img loading=\"lazy\" decoding=\"async\" class=\"alignnone size-medium wp-image-413\" alt=\"DSC_0982\" src=\"http:\/\/ggs-sunderplatz.de\/wp-content\/uploads\/2013\/11\/DSC_0982-210x300.jpg\" width=\"210\" height=\"300\" \/><\/a><span style=\"color: #ff0000;\"><a href=\"http:\/\/ggs-sunderplatz.de\/wp-content\/uploads\/2013\/11\/DSC_0979.jpg\"><img loading=\"lazy\" decoding=\"async\" class=\"alignnone size-medium wp-image-415\" alt=\"DSC_0979\" src=\"http:\/\/ggs-sunderplatz.de\/wp-content\/uploads\/2013\/11\/DSC_0979-225x300.jpg\" width=\"225\" height=\"300\" srcset=\"http:\/\/ggs-sunderplatz.de\/wp-content\/uploads\/2013\/11\/DSC_0979-225x300.jpg 225w, http:\/\/ggs-sunderplatz.de\/wp-content\/uploads\/2013\/11\/DSC_0979-768x1024.jpg 768w, http:\/\/ggs-sunderplatz.de\/wp-content\/uploads\/2013\/11\/DSC_0979.jpg 1944w\" sizes=\"auto, (max-width: 225px) 100vw, 225px\" \/><\/a><\/span><\/p>\n<h4><span style=\"color: #99ccff;\"><span style=\"color: #99cc00;\"><span style=\"color: #ff6600;\">Der<\/span> 4. Tag<\/span> <span style=\"color: #00ffff;\">auf<\/span> <span style=\"color: #ff99cc;\"><span style=\"color: #ff0000;\">Lange<\/span><span style=\"color: #ff9900;\">oog<\/span><\/span><\/span><\/h4>\n<p><span style=\"color: #99ccff;\">Am Montag, den 24. Juni 2013, fuhren wir mit unserer Parallelklasse eine Woche nach Langeoog. <\/span><span style=\"color: #99ccff;\">Am Donnerstagmorgen gab es um 8.00 Uhr Fr\u00fchst\u00fcck. Im Anschluss daran packten wir uns Lunchpakete, denn an dem Tag stand eine Kutterfahrt auf dem Programm. Vorher bemalten wir extra daf\u00fcr mitgebrachte wei\u00dfe T-Shirts. Drau\u00dfen hat es geregnet. Wir spielten noch ein wenig. Um kurz nach elf liefen wir zum Bahnhof der Inselbahn, die uns zum Hafen bringen sollte. Um 11.45 Uhr bestiegen wir den gr\u00fcnen Krabbenkutter.<span style=\"color: #ffff00;\"> An Bord (und immer noch im Regen) hat uns der Kapit\u00e4n begr\u00fc\u00dft. Er fuhr uns an der K\u00fcste entlang. Da es Flut und windig war, spritzten zus\u00e4tzlich zu dem Regen auch noch nasse, kalte Tropfen \u00fcber die Reling. Viele pulten bereitgestellte Krabben aus der Schale und a\u00dfen sie. Ich habe eine probiert. Da sie nicht so lecker war, spuckte ich sie ins Meer. Wir fuhren zu den Seehundb\u00e4nken. Leider haben wir nur einen Seehund im Wasser schwimmen sehen.<\/span><\/span><\/p>\n<p><span style=\"color: #99cc00;\">Kurz danach h\u00f6rten wir komisches Brummen vom Heck des Kutters: Wir hatten uns festgefahren! Ich dachte schon, gleich kommt ein Rettungsboot, aber wir schafften s doch noch. Der Assistent des Kapit\u00e4ns warf ein Fangnetz aus. Nach kurzer Zeit holte er es auch wieder ein und wir guckten uns den Fang an: Seesterne, Krebse mit riesigen Scheren, Fische und eine platte Flunder. Am Ende der Kutterfahrt fuhren wir mit der Inselbahn wieder zum Freizeitheim Lemgo. Dort a\u00dfen wir Kuchen und spielten.<\/span><\/p>\n<p><span style=\"color: #00ffff;\">Drau\u00dfen regnete es noch immer, aber manche wurden drinnen auch nass: Sie duschten warm. Da es um 16.00 Uhr nicht mehr regnete, machten wir noch einen Strandspaziergang. Manche verabschiedeten sich vom Meer, weil das unser letzter Tag am Strand war. Anschlie\u00dfend gingen wir Geocachen. Kennt ihr das? Falls nein, erkl\u00e4re ich es kurz: \u00dcberall auf der Welt sind kleine D\u00f6schen mit Logb\u00fcchern versteckt. Mit einer App kann man sie auch per Handy finden.<\/span><\/p>\n<p><span style=\"color: #ffcc00;\">Wir liefen zur\u00fcck zum Freizeitheim. Dort spielten wir. Manche \u00fcbten einen Tanz zu dem Lied &#8222;Santiano&#8220; von Santiano ein. Um 18.00 Uhr gab es Abendessen. Danach schrieben wir Tagebuch und es gab s\u00fc\u00dfe Teller. Nun wurde der Tanz vorgef\u00fchrt. Als sie fertig waren, tanzten alle &#8222;Gangnam Style&#8220;. Wir spielten noch ein bisschen. Jetzt bekamen wir Langeoog-Namen zugeordnet. Jeder bekam einen Namen, der zu einer Reaktion und einem Missgeschick von ihm passte. Meiner ist Eismann (Iceman), weil mir am Mittwoch eine M\u00f6we das Eis aus der Hand klaute.<\/span><\/p>\n<p><span style=\"color: #ff0000;\">Wir packten unsere Koffer, weil das unser letzter ganzer Tag auf Langeoog war, und putzten unsere Z\u00e4hne. Danach wurde uns in einem Zimmer aus dem Buch &#8222;Ein Krokodil taucht ab &#8211; und ich hinterher&#8220; vorgelesen. Wir gingen schlafen. Ich las noch ein bisschen in Davids Legobibel.<\/span><\/p>\n<p><span style=\"color: #ff0000;\">Dieser Tag war nass, aber trotzdem sch\u00f6n.<\/span><\/p>\n<p><span style=\"color: #99ccff;\">(Arne M., Klasse 4a_2013\/ 2014)<\/span><\/p>\n","protected":false},"excerpt":{"rendered":"<p>Klassenfahrtbericht der ehemaligen Klasse 3a siehe unter &#8222;Unsere Klassen\/ Ehemalige_Klasse 4a_2014\/2015 (Frau Klar)) ____________________________________________________________________________________________________ Europatag am 5. Mai 2014 Wir, die Klasse 4a, wurden ausgelost, um am Europatag 2014 teilzunehmen. Es war sehr spannend, lecker und wir haben viel gelernt. Als wir im Berufskolleg M\u00fclheim an der Ruhr ankamen, haben wir gesungen und entsprechende Bewegungen [&hellip;]<\/p>\n","protected":false},"author":1,"featured_media":0,"parent":228,"menu_order":4,"comment_status":"closed","ping_status":"closed","template":"","meta":{"footnotes":""},"class_list":["post-422","page","type-page","status-publish","hentry"],"_links":{"self":[{"href":"http:\/\/ggs-sunderplatz.de\/index.php?rest_route=\/wp\/v2\/pages\/422","targetHints":{"allow":["GET"]}}],"collection":[{"href":"http:\/\/ggs-sunderplatz.de\/index.php?rest_route=\/wp\/v2\/pages"}],"about":[{"href":"http:\/\/ggs-sunderplatz.de\/index.php?rest_route=\/wp\/v2\/types\/page"}],"author":[{"embeddable":true,"href":"http:\/\/ggs-sunderplatz.de\/index.php?rest_route=\/wp\/v2\/users\/1"}],"replies":[{"embeddable":true,"href":"http:\/\/ggs-sunderplatz.de\/index.php?rest_route=%2Fwp%2Fv2%2Fcomments&post=422"}],"version-history":[{"count":61,"href":"http:\/\/ggs-sunderplatz.de\/index.php?rest_route=\/wp\/v2\/pages\/422\/revisions"}],"predecessor-version":[{"id":2588,"href":"http:\/\/ggs-sunderplatz.de\/index.php?rest_route=\/wp\/v2\/pages\/422\/revisions\/2588"}],"up":[{"embeddable":true,"href":"http:\/\/ggs-sunderplatz.de\/index.php?rest_route=\/wp\/v2\/pages\/228"}],"wp:attachment":[{"href":"http:\/\/ggs-sunderplatz.de\/index.php?rest_route=%2Fwp%2Fv2%2Fmedia&parent=422"}],"curies":[{"name":"wp","href":"https:\/\/api.w.org\/{rel}","templated":true}]}}